{"id":227,"date":"2022-09-01T23:20:04","date_gmt":"2022-09-01T23:20:04","guid":{"rendered":"https:\/\/c3xsolutions.net\/?page_id=227"},"modified":"2025-07-30T14:39:58","modified_gmt":"2025-07-30T14:39:58","slug":"privacy-policy","status":"publish","type":"page","link":"https:\/\/c3xsolutions.net\/es\/politica-privacidad\/","title":{"rendered":"Pol\u00edtica de Privacidad"},"content":{"rendered":"<div data-elementor-type=\"wp-page\" data-elementor-id=\"227\" class=\"elementor elementor-227\" data-elementor-post-type=\"page\">\n\t\t\t\t\t\t<section class=\"elementor-section elementor-top-section elementor-element elementor-element-f1e4df4 elementor-section-height-min-height elementor-section-boxed elementor-section-height-default elementor-section-items-middle\" data-id=\"f1e4df4\" data-element_type=\"section\" data-settings=\"{&quot;background_background&quot;:&quot;classic&quot;}\">\n\t\t\t\t\t\t\t<div class=\"elementor-background-overlay\"><\/div>\n\t\t\t\t\t\t\t<div class=\"elementor-container elementor-column-gap-no\">\n\t\t\t\t\t<div class=\"elementor-column elementor-col-100 elementor-top-column elementor-element elementor-element-6eb961eb\" data-id=\"6eb961eb\" data-element_type=\"column\">\n\t\t\t<div class=\"elementor-widget-wrap elementor-element-populated\">\n\t\t\t\t\t\t\t<\/div>\n\t\t<\/div>\n\t\t\t\t\t<\/div>\n\t\t<\/section>\n\t\t\t\t<section class=\"elementor-section elementor-top-section elementor-element elementor-element-afcda44 elementor-section-boxed elementor-section-height-default elementor-section-height-default\" data-id=\"afcda44\" data-element_type=\"section\">\n\t\t\t\t\t\t<div class=\"elementor-container elementor-column-gap-default\">\n\t\t\t\t\t<div class=\"elementor-column elementor-col-100 elementor-top-column elementor-element elementor-element-fe5af61\" data-id=\"fe5af61\" data-element_type=\"column\">\n\t\t\t<div class=\"elementor-widget-wrap elementor-element-populated\">\n\t\t\t\t\t\t<div class=\"elementor-element elementor-element-3121301 elementor-widget elementor-widget-text-editor\" data-id=\"3121301\" data-element_type=\"widget\" data-widget_type=\"text-editor.default\">\n\t\t\t\t<div class=\"elementor-widget-container\">\n\t\t\t\t\t\t\t\t\t<p><strong>\u00daltima actualizaci\u00f3n: 24 de Agosto del 2022<\/strong><\/p><p>La pol\u00edtica de privacidad de C3X SOLUTIONS INC. protege la informaci\u00f3n recopilada de parte suya a trav\u00e9s de su sitio web. Su privacidad es importante para nosotros. Como resultado, hemos implementado esta Pol\u00edtica de Privacidad para garantizar que la informaci\u00f3n que recopilamos de parte suya a trav\u00e9s de la Web est\u00e9 protegida.<\/p><p>Compromiso de C3X SOLUTIONS INC. para proteger la privacidad de los datos:<\/p><p>La protecci\u00f3n de la seguridad y privacidad de sus datos personales es esencial para C3X SOLUTIONS INC. Esperamos que la pol\u00edtica de privacidad que se describe a continuaci\u00f3n le ayude a comprender qu\u00e9 datos pueden recopilarse, c\u00f3mo se pueden usar y proteger dichos datos, y con qui\u00e9n puede compartir C3X SOLUTIONS INC. sus datos personales. Esta declaraci\u00f3n de privacidad s\u00f3lo se aplica a los sitios Web y servicios de C3X SOLUTIONS INC., y a los productos que recopilan datos y muestran estos t\u00e9rminos. Pero no se aplica a ning\u00fan sitio, servicio o producto de C3X SOLUTIONS INC. que no se muestre ni est\u00e9 enlazado con esta declaraci\u00f3n, o que contenga su propia declaraci\u00f3n de privacidad.<\/p><p>DATOS PERSONALES<\/p><p>C3X SOLUTIONS INC. no recuperar\u00e1 directamente ninguna informaci\u00f3n personal sobre usted (como por ejemplo, su nombre y apellido, direcci\u00f3n, n\u00famero de tel\u00e9fono o direcci\u00f3n de correo electr\u00f3nico), a menos que usted voluntariamente opte por proporcionar (ya sea por una inscripci\u00f3n, encuesta o colocaci\u00f3n de un pedido), a menos que sea requerida por las leyes y los reglamentos aplicables. De vez en cuando, podemos recopilar sus datos personales de manera indirecta y de fuentes que no sean a trav\u00e9s de nuestros propios sitios de Internet. Podremos combinar los datos personales que recopilamos de varias fuentes.<\/p><p>INFORMACI\u00d3N RECOPILADA<\/p><p>Cuando usted o su organizaci\u00f3n se registra para usar nuestro sitio o servicios, o solicitan informaci\u00f3n adicional sobre nuestros productos y servicios, podemos recibir cierta informaci\u00f3n, como por ejemplo, su nombre y apellido, cargo, direcci\u00f3n, n\u00famero de tel\u00e9fono u otro tipo de datos personales.<\/p><p>Para acceder a algunos de nuestros productos y servicios, es posible que deba proporcionarnos informaci\u00f3n espec\u00edfica que nos permita verificar su identidad antes de acceder a ciertos datos alojados en nuestros servidores. Esta informaci\u00f3n se utiliza solamente para ayudarlo a acceder a dicha cuenta o informaci\u00f3n.<\/p><p>DATOS RECOPILADOS AUTOM\u00c1TICAMENTE<\/p><p>Cuando accede a nuestros sitios de Internet o utiliza nuestras aplicaciones m\u00f3viles, es posible que autom\u00e1ticamente (es decir, no por inscripci\u00f3n) recopilemos datos adicionales (como el tipo de navegador de Internet, la direcci\u00f3n IP, el sistema operativo utilizado, el nombre de dominio del sitio de Internet que lo dirigi\u00f3 a nuestro sitio, el n\u00famero de visitas, el tiempo promedio empleado en el sitio, las p\u00e1ginas visitadas, la informaci\u00f3n sobre su interacci\u00f3n con el sitio). Podemos usar estos datos y compartirlos con nuestros afiliados mundiales o terceros para monitorear el atractivo de nuestros sitios de Internet y aplicaciones m\u00f3viles, mejorar el rendimiento o el contenido, adaptar el contenido para usted o para otros fines de mercadotecnia.<\/p><p>OBJETIVO DE USO<\/p><p>Podemos usar sus datos personales para ofrecer los servicios y funciones del sitio, administrar su uso del sitio, responder a su consulta o solicitud, procesar su pedido o para brindarle acceso a informaci\u00f3n u ofertas espec\u00edficas, verificar su identidad, as\u00ed como para respaldar nuestra relaci\u00f3n actual o potencial con el cliente. C3X SOLUTIONS INC. puede almacenar y procesar datos personales (por nuestra cuenta o a trav\u00e9s de un tercero en nuestro nombre) y compartirlos con nuestros afiliados mundiales (lo que significa que las entidades controladas, las controlantes o bajo control com\u00fan con C3X SOLUTIONS INC.) para comprender mejor sus necesidades comerciales y c\u00f3mo implementar y mejorar nuestras pr\u00e1cticas comerciales, productos y servicios. Nosotros (o un tercero en nuestro nombre) podemos usar datos personales a fin de comunicarnos con usted sobre una oferta para satisfacer sus necesidades comerciales o para realizar encuestas en l\u00ednea y comprender mejor las necesidades de nuestros clientes. Podemos recopilar, usar, divulgar y compartir sus datos personales:<\/p><ul><li>Seg\u00fan lo dispuesto aqu\u00ed;<\/li><li>Con su consentimiento,<\/li><li>Donde sea necesario para implementar sus instrucciones;<\/li><li>A fin de preparar, negociar o firmar un contrato con usted;<\/li><li>Seg\u00fan sea razonablemente necesario para proporcionarle nuestras caracter\u00edsticas y funcionalidad;<\/li><li>Para crear y administrar su cuenta;<\/li><li>Para verificar su identidad en relaci\u00f3n con otros objetivos listados aqu\u00ed;<\/li><li>Para comunicarnos con usted con respecto a oportunidades de empleo;<\/li><li>Cuando creamos que existe un motivo requerido por las leyes o las autoridades gubernamentales o judiciales;<\/li><li>Seg\u00fan sea razonablemente necesario para hacer cumplir nuestros T\u00e9rminos de uso, para establecer o preservar un reclamo o defensa legal, para prevenir el fraude u otras actividades ilegales, incluidos los ataques a los sistemas de tecnolog\u00eda de la informaci\u00f3n de C3X SOLUTIONS INC., o proteger los derechos de C3X SOLUTIONS INC. u otros;<\/li><li>Para dichos objetivos que se identificaron en el momento de recopilar los datos y\/o<\/li><li>Para cualquier prop\u00f3sito adicional que est\u00e9 directamente relacionado con el prop\u00f3sito original para el cual se recopilaron los datos personales.<\/li><\/ul><p>Puede que contratemos a terceros e individuos para alojar o respaldar nuestros sitios de Internet, aplicaciones o los servicios con los que se relacionan. Estos terceros pueden tener acceso a sus datos personales para realizar dichas tareas. No vendemos ni comercializamos sus datos personales a terceros, excepto como se ha descrito.<\/p><p>En la medida en que sea necesario para ayudarnos a cumplir con sus pedidos o solicitudes, podemos compartir datos personales con otras personas, como por ejemplo, nuestros socios comerciales, empresas de log\u00edstica \/ correos o agentes \/ autoridades aduaneras.<\/p><p>Podemos transferir sus datos personales y procesarlos fuera de su pa\u00eds de residencia. Podemos transferir sus datos personales si vendemos o transferimos todo o una parte de nuestro negocio o activos, incluso a cualquier empresa sucesora, ya sea a trav\u00e9s de una fusi\u00f3n o de otra manera.<\/p><p>\"Cookies\" - Informaci\u00f3n almacenada autom\u00e1ticamente en su ordenador<\/p><p>Cuando visita uno de nuestros sitios de Internet, es posible que almacenemos algunos datos en su computadora o dispositivo en forma de \"cookie\" para reconocer autom\u00e1ticamente su computadora o dispositivo la pr\u00f3xima vez que nos visite. Las cookies pueden ayudarnos de muchas maneras, por ejemplo, al permitirnos adaptar un sitio de Internet para que concuerde mejor con sus intereses o almacenar su contrase\u00f1a para evitar que tenga que volver a ingresarla cada vez que visite dicho sitio. Al visitar nuestros sitios, usted acepta la colocaci\u00f3n de cookies en su navegador y dispositivo de acuerdo con esta Pol\u00edtica organizacional de privacidad. Si no desea recibir cookies, configure su navegador de Internet para borrar todas las cookies de su dispositivo o disco duro del ordenador, bloquear todas las cookies o recibir una advertencia antes de que se almacene una cookie. Si decide bloquear las cookies, es posible que no pueda aprovechar todas las funciones del sitio.<\/p><p>En la medida en que nuestros sitios de Internet recopilan datos personales sobre las actividades en l\u00ednea de un individuo, estos sitios pueden, a nuestro criterio, configurarse para permitir la recopilaci\u00f3n de dichos datos personales a lo largo del tiempo y en diferentes sitios de Internet.<\/p><p>USO DE AN\u00c1LISIS INFORM\u00c1TICO DE TERCEROS<\/p><p>Nuestros sitios de Internet utilizan una variedad de an\u00e1lisis de terceros para mejorar el sitio, identificar errores y\/o personalizar la informaci\u00f3n incluida en el sitio. Para excluir su ordenador o dispositivo de la agregaci\u00f3n y an\u00e1lisis de datos por parte de terceros debido a su visita a este sitio de Internet, se colocar\u00e1 una cookie en su m\u00e1quina. Si bien la cookie no contiene datos personales, permite a terceros reconocer su preferencia. Administre sus preferencias con respecto a la cookie de an\u00e1lisis inform\u00e1tico.<\/p><p>MARKETING<\/p><p>Adem\u00e1s, podemos hacer publicidad usando tecnolog\u00eda de marketing en l\u00ednea. Al hacerlo, un tercero colocar\u00e1 o leer\u00e1 una cookie de publicaci\u00f3n de anuncios \u00fanica en su ordenador o dispositivo, y utilizar\u00e1 informaci\u00f3n no personal sobre su navegador y su actividad en este sitio para publicar anuncios de C3X SOLUTIONS INC. en su red de contenido.<\/p><p>Las comunicaciones de correo electr\u00f3nico de C3X SOLUTIONS INC. pueden incluir balizas Web para determinar si los correos electr\u00f3nicos se han abierto o si se ha pulsado los enlaces incluidos.<\/p><p>TRANSFERENCIA INTERNACIONAL DE DATOS<\/p><p>C3X SOLUTIONS INC. puede transferir sus datos personales a cualquier filial mundial durante el procesamiento de los datos. Tambi\u00e9n podemos transferir sus datos a un tercero fuera de su pa\u00eds de origen.<\/p><p>NI\u00d1OS<\/p><p>Este sitio Web no fue dise\u00f1ado para ni\u00f1os menores de dieciocho a\u00f1os. No recopilamos a sabiendas datos personales de ni\u00f1os menores de dieciocho a\u00f1os sin insistir en que soliciten el consentimiento previo de los padres si as\u00ed lo exige la ley aplicable.<\/p><p>SEGURIDAD<\/p><p>Para proteger sus datos personales de la destrucci\u00f3n, p\u00e9rdida, uso o alteraci\u00f3n accidentales o ilegales y de la divulgaci\u00f3n o el acceso no autorizados, C3X SOLUTIONS INC. utiliza medidas razonables de seguridad f\u00edsica, t\u00e9cnica y organizacional. Desafortunadamente, no existe una garant\u00eda completa de seguridad en tr\u00e1nsito o almacenamiento de cualquier informaci\u00f3n que usted transmita. Sus datos personales pueden ser accedidos, divulgados, alterados o destruidos por una violaci\u00f3n de cualquiera de los activos f\u00edsicos, t\u00e9cnicos u organizativos.<\/p><p>INFORMACI\u00d3N DE CONTACTO<\/p><p>Si tiene una pregunta o un comentario sobre la Pol\u00edtica Privacidad de C3X SOLUTIONS INC. (por ejemplo, para revisar y actualizar sus datos personales), env\u00edenos un correo electr\u00f3nico a <a href=\"mailto:cs@c3xsolutions.net\">cs@c3xsolutions.net<\/a>.<\/p><p>+1 514 667 8937<\/p>\t\t\t\t\t\t\t\t<\/div>\n\t\t\t\t<\/div>\n\t\t\t\t\t<\/div>\n\t\t<\/div>\n\t\t\t\t\t<\/div>\n\t\t<\/section>\n\t\t\t\t<\/div>","protected":false},"excerpt":{"rendered":"<p>Last update: August 24th, 2022 C3X SOLUTIONS INC.&#8217;s privacy policy protects information collected from you through its website. Your privacy is important to us. As a result, we have implemented this Privacy Policy to ensure that the information we collect from you through the Web is protected. C3X SOLUTIONS INC.&#8217;s Commitment to Protecting Data Privacy: [&hellip;]<\/p>","protected":false},"author":4,"featured_media":0,"parent":0,"menu_order":0,"comment_status":"closed","ping_status":"closed","template":"","meta":{"footnotes":""},"class_list":["post-227","page","type-page","status-publish","hentry"],"_links":{"self":[{"href":"https:\/\/c3xsolutions.net\/es\/wp-json\/wp\/v2\/pages\/227","targetHints":{"allow":["GET"]}}],"collection":[{"href":"https:\/\/c3xsolutions.net\/es\/wp-json\/wp\/v2\/pages"}],"about":[{"href":"https:\/\/c3xsolutions.net\/es\/wp-json\/wp\/v2\/types\/page"}],"author":[{"embeddable":true,"href":"https:\/\/c3xsolutions.net\/es\/wp-json\/wp\/v2\/users\/4"}],"replies":[{"embeddable":true,"href":"https:\/\/c3xsolutions.net\/es\/wp-json\/wp\/v2\/comments?post=227"}],"version-history":[{"count":34,"href":"https:\/\/c3xsolutions.net\/es\/wp-json\/wp\/v2\/pages\/227\/revisions"}],"predecessor-version":[{"id":1338,"href":"https:\/\/c3xsolutions.net\/es\/wp-json\/wp\/v2\/pages\/227\/revisions\/1338"}],"wp:attachment":[{"href":"https:\/\/c3xsolutions.net\/es\/wp-json\/wp\/v2\/media?parent=227"}],"curies":[{"name":"wp","href":"https:\/\/api.w.org\/{rel}","templated":true}]}}