{"id":175,"date":"2022-09-01T19:21:22","date_gmt":"2022-09-01T19:21:22","guid":{"rendered":"https:\/\/c3xsolutions.net\/?page_id=175"},"modified":"2022-09-04T19:01:19","modified_gmt":"2022-09-04T19:01:19","slug":"disaster-recovery","status":"publish","type":"page","link":"https:\/\/c3xsolutions.net\/es\/recuperacion-desastres\/","title":{"rendered":"Recuperaci\u00f3n ante desastres"},"content":{"rendered":"<div data-elementor-type=\"wp-page\" data-elementor-id=\"175\" class=\"elementor elementor-175\" data-elementor-post-type=\"page\">\n\t\t\t\t\t\t<section class=\"elementor-section elementor-top-section elementor-element elementor-element-3a447cf1 elementor-section-height-min-height elementor-section-boxed elementor-section-height-default elementor-section-items-middle\" data-id=\"3a447cf1\" data-element_type=\"section\" data-settings=\"{&quot;background_background&quot;:&quot;classic&quot;}\">\n\t\t\t\t\t\t\t<div class=\"elementor-background-overlay\"><\/div>\n\t\t\t\t\t\t\t<div class=\"elementor-container elementor-column-gap-no\">\n\t\t\t\t\t<div class=\"elementor-column elementor-col-100 elementor-top-column elementor-element elementor-element-f91f3b3\" data-id=\"f91f3b3\" data-element_type=\"column\">\n\t\t\t<div class=\"elementor-widget-wrap elementor-element-populated\">\n\t\t\t\t\t\t\t<\/div>\n\t\t<\/div>\n\t\t\t\t\t<\/div>\n\t\t<\/section>\n\t\t\t\t<section class=\"elementor-section elementor-top-section elementor-element elementor-element-4af77a7a elementor-section-boxed elementor-section-height-default elementor-section-height-default\" data-id=\"4af77a7a\" data-element_type=\"section\">\n\t\t\t\t\t\t<div class=\"elementor-container elementor-column-gap-no\">\n\t\t\t\t\t<div class=\"elementor-column elementor-col-33 elementor-top-column elementor-element elementor-element-5ba03b7c\" data-id=\"5ba03b7c\" data-element_type=\"column\">\n\t\t\t<div class=\"elementor-widget-wrap elementor-element-populated\">\n\t\t\t\t\t\t<section class=\"elementor-section elementor-inner-section elementor-element elementor-element-41b93379 elementor-section-boxed elementor-section-height-default elementor-section-height-default\" data-id=\"41b93379\" data-element_type=\"section\" data-settings=\"{&quot;background_background&quot;:&quot;classic&quot;}\">\n\t\t\t\t\t\t<div class=\"elementor-container elementor-column-gap-no\">\n\t\t\t\t\t<div class=\"elementor-column elementor-col-100 elementor-inner-column elementor-element elementor-element-765015f7\" data-id=\"765015f7\" data-element_type=\"column\">\n\t\t\t<div class=\"elementor-widget-wrap elementor-element-populated\">\n\t\t\t\t\t\t<div class=\"elementor-element elementor-element-b601bf1 elementor-widget elementor-widget-heading\" data-id=\"b601bf1\" data-element_type=\"widget\" data-widget_type=\"heading.default\">\n\t\t\t\t<div class=\"elementor-widget-container\">\n\t\t\t\t\t<h5 class=\"elementor-heading-title elementor-size-default\">Todos los servicios<\/h5>\t\t\t\t<\/div>\n\t\t\t\t<\/div>\n\t\t\t\t<div class=\"elementor-element elementor-element-11361608 elementor-align-justify elementor-widget elementor-widget-button\" data-id=\"11361608\" data-element_type=\"widget\" data-widget_type=\"button.default\">\n\t\t\t\t<div class=\"elementor-widget-container\">\n\t\t\t\t\t\t\t\t\t<div class=\"elementor-button-wrapper\">\n\t\t\t\t\t<a class=\"elementor-button elementor-button-link elementor-size-sm\" href=\"https:\/\/c3xsolutions.net\/index.php\/communication-and-collaboration\/\">\n\t\t\t\t\t\t<span class=\"elementor-button-content-wrapper\">\n\t\t\t\t\t\t\t\t\t<span class=\"elementor-button-text\">Comunicaci\u00f3n y Colaboraci\u00f3n<\/span>\n\t\t\t\t\t<\/span>\n\t\t\t\t\t<\/a>\n\t\t\t\t<\/div>\n\t\t\t\t\t\t\t\t<\/div>\n\t\t\t\t<\/div>\n\t\t\t\t<div class=\"elementor-element elementor-element-73eb9ff6 elementor-align-justify elementor-widget elementor-widget-button\" data-id=\"73eb9ff6\" data-element_type=\"widget\" data-widget_type=\"button.default\">\n\t\t\t\t<div class=\"elementor-widget-container\">\n\t\t\t\t\t\t\t\t\t<div class=\"elementor-button-wrapper\">\n\t\t\t\t\t<a class=\"elementor-button elementor-button-link elementor-size-sm\" href=\"https:\/\/c3xsolutions.net\/index.php\/end-user-services\/\">\n\t\t\t\t\t\t<span class=\"elementor-button-content-wrapper\">\n\t\t\t\t\t\t\t\t\t<span class=\"elementor-button-text\">Servicios de Usuario Final<\/span>\n\t\t\t\t\t<\/span>\n\t\t\t\t\t<\/a>\n\t\t\t\t<\/div>\n\t\t\t\t\t\t\t\t<\/div>\n\t\t\t\t<\/div>\n\t\t\t\t<div class=\"elementor-element elementor-element-5f2c0c5b elementor-align-justify elementor-widget elementor-widget-button\" data-id=\"5f2c0c5b\" data-element_type=\"widget\" data-widget_type=\"button.default\">\n\t\t\t\t<div class=\"elementor-widget-container\">\n\t\t\t\t\t\t\t\t\t<div class=\"elementor-button-wrapper\">\n\t\t\t\t\t<a class=\"elementor-button elementor-button-link elementor-size-sm\" href=\"https:\/\/c3xsolutions.net\/index.php\/managed-it-solutions\/\">\n\t\t\t\t\t\t<span class=\"elementor-button-content-wrapper\">\n\t\t\t\t\t\t\t\t\t<span class=\"elementor-button-text\">Soluciones TI Gestionadas<\/span>\n\t\t\t\t\t<\/span>\n\t\t\t\t\t<\/a>\n\t\t\t\t<\/div>\n\t\t\t\t\t\t\t\t<\/div>\n\t\t\t\t<\/div>\n\t\t\t\t<div class=\"elementor-element elementor-element-1a73825f elementor-align-justify elementor-widget elementor-widget-button\" data-id=\"1a73825f\" data-element_type=\"widget\" data-widget_type=\"button.default\">\n\t\t\t\t<div class=\"elementor-widget-container\">\n\t\t\t\t\t\t\t\t\t<div class=\"elementor-button-wrapper\">\n\t\t\t\t\t<a class=\"elementor-button elementor-button-link elementor-size-sm\" href=\"https:\/\/c3xsolutions.net\/index.php\/cloud\/\">\n\t\t\t\t\t\t<span class=\"elementor-button-content-wrapper\">\n\t\t\t\t\t\t\t\t\t<span class=\"elementor-button-text\">Nube<\/span>\n\t\t\t\t\t<\/span>\n\t\t\t\t\t<\/a>\n\t\t\t\t<\/div>\n\t\t\t\t\t\t\t\t<\/div>\n\t\t\t\t<\/div>\n\t\t\t\t<div class=\"elementor-element elementor-element-101c98d2 elementor-align-justify elementor-widget elementor-widget-button\" data-id=\"101c98d2\" data-element_type=\"widget\" data-widget_type=\"button.default\">\n\t\t\t\t<div class=\"elementor-widget-container\">\n\t\t\t\t\t\t\t\t\t<div class=\"elementor-button-wrapper\">\n\t\t\t\t\t<a class=\"elementor-button elementor-button-link elementor-size-sm\" href=\"https:\/\/c3xsolutions.net\/index.php\/infrastructure-management\/\">\n\t\t\t\t\t\t<span class=\"elementor-button-content-wrapper\">\n\t\t\t\t\t\t\t\t\t<span class=\"elementor-button-text\">Gesti\u00f3n de Infraestructura<\/span>\n\t\t\t\t\t<\/span>\n\t\t\t\t\t<\/a>\n\t\t\t\t<\/div>\n\t\t\t\t\t\t\t\t<\/div>\n\t\t\t\t<\/div>\n\t\t\t\t<div class=\"elementor-element elementor-element-99c0c38 elementor-align-justify elementor-widget elementor-widget-button\" data-id=\"99c0c38\" data-element_type=\"widget\" data-widget_type=\"button.default\">\n\t\t\t\t<div class=\"elementor-widget-container\">\n\t\t\t\t\t\t\t\t\t<div class=\"elementor-button-wrapper\">\n\t\t\t\t\t<a class=\"elementor-button elementor-button-link elementor-size-sm\" href=\"https:\/\/c3xsolutions.net\/index.php\/cibersecurity\/\">\n\t\t\t\t\t\t<span class=\"elementor-button-content-wrapper\">\n\t\t\t\t\t\t\t\t\t<span class=\"elementor-button-text\">Ciberseguridad<\/span>\n\t\t\t\t\t<\/span>\n\t\t\t\t\t<\/a>\n\t\t\t\t<\/div>\n\t\t\t\t\t\t\t\t<\/div>\n\t\t\t\t<\/div>\n\t\t\t\t<div class=\"elementor-element elementor-element-81d3cfc elementor-align-justify elementor-widget elementor-widget-button\" data-id=\"81d3cfc\" data-element_type=\"widget\" data-widget_type=\"button.default\">\n\t\t\t\t<div class=\"elementor-widget-container\">\n\t\t\t\t\t\t\t\t\t<div class=\"elementor-button-wrapper\">\n\t\t\t\t\t<a class=\"elementor-button elementor-button-link elementor-size-sm\" href=\"https:\/\/c3xsolutions.net\/index.php\/disaster-recovery\/\">\n\t\t\t\t\t\t<span class=\"elementor-button-content-wrapper\">\n\t\t\t\t\t\t\t\t\t<span class=\"elementor-button-text\">Recuperaci\u00f3n ante desastres<\/span>\n\t\t\t\t\t<\/span>\n\t\t\t\t\t<\/a>\n\t\t\t\t<\/div>\n\t\t\t\t\t\t\t\t<\/div>\n\t\t\t\t<\/div>\n\t\t\t\t\t<\/div>\n\t\t<\/div>\n\t\t\t\t\t<\/div>\n\t\t<\/section>\n\t\t\t\t\t<\/div>\n\t\t<\/div>\n\t\t\t\t<div class=\"elementor-column elementor-col-66 elementor-top-column elementor-element elementor-element-67a620e8\" data-id=\"67a620e8\" data-element_type=\"column\">\n\t\t\t<div class=\"elementor-widget-wrap elementor-element-populated\">\n\t\t\t\t\t\t<div class=\"elementor-element elementor-element-d520943 elementor-widget elementor-widget-image\" data-id=\"d520943\" data-element_type=\"widget\" data-widget_type=\"image.default\">\n\t\t\t\t<div class=\"elementor-widget-container\">\n\t\t\t\t\t\t\t\t\t\t\t\t\t\t\t<img fetchpriority=\"high\" decoding=\"async\" width=\"2000\" height=\"1088\" src=\"https:\/\/c3xsolutions.net\/wp-content\/uploads\/2022\/09\/female-data-center-technician-working-inside-server-rack-room-while-wearing-face-mask.jpg\" class=\"attachment-full size-full wp-image-838\" alt=\"Female data center technician working inside server rack room while wearing face mask\" srcset=\"https:\/\/c3xsolutions.net\/wp-content\/uploads\/2022\/09\/female-data-center-technician-working-inside-server-rack-room-while-wearing-face-mask.jpg 2000w, https:\/\/c3xsolutions.net\/wp-content\/uploads\/2022\/09\/female-data-center-technician-working-inside-server-rack-room-while-wearing-face-mask-300x163.jpg 300w, https:\/\/c3xsolutions.net\/wp-content\/uploads\/2022\/09\/female-data-center-technician-working-inside-server-rack-room-while-wearing-face-mask-1024x557.jpg 1024w, https:\/\/c3xsolutions.net\/wp-content\/uploads\/2022\/09\/female-data-center-technician-working-inside-server-rack-room-while-wearing-face-mask-768x418.jpg 768w, https:\/\/c3xsolutions.net\/wp-content\/uploads\/2022\/09\/female-data-center-technician-working-inside-server-rack-room-while-wearing-face-mask-1536x836.jpg 1536w, https:\/\/c3xsolutions.net\/wp-content\/uploads\/2022\/09\/female-data-center-technician-working-inside-server-rack-room-while-wearing-face-mask-18x10.jpg 18w\" sizes=\"(max-width: 2000px) 100vw, 2000px\" \/>\t\t\t\t\t\t\t\t\t\t\t\t\t\t\t<\/div>\n\t\t\t\t<\/div>\n\t\t\t\t<section class=\"elementor-section elementor-inner-section elementor-element elementor-element-19035d93 elementor-section-boxed elementor-section-height-default elementor-section-height-default\" data-id=\"19035d93\" data-element_type=\"section\">\n\t\t\t\t\t\t<div class=\"elementor-container elementor-column-gap-no\">\n\t\t\t\t\t<div class=\"elementor-column elementor-col-100 elementor-inner-column elementor-element elementor-element-9a70650\" data-id=\"9a70650\" data-element_type=\"column\">\n\t\t\t<div class=\"elementor-widget-wrap elementor-element-populated\">\n\t\t\t\t\t\t<div class=\"elementor-element elementor-element-46fd414 elementor-widget elementor-widget-heading\" data-id=\"46fd414\" data-element_type=\"widget\" data-widget_type=\"heading.default\">\n\t\t\t\t<div class=\"elementor-widget-container\">\n\t\t\t\t\t<h4 class=\"elementor-heading-title elementor-size-default\">Simplifica tu plan de recuperaci\u00f3n y brinda continuidad de negocio<\/h4>\t\t\t\t<\/div>\n\t\t\t\t<\/div>\n\t\t\t\t<div class=\"elementor-element elementor-element-2c35fef5 elementor-widget elementor-widget-text-editor\" data-id=\"2c35fef5\" data-element_type=\"widget\" data-widget_type=\"text-editor.default\">\n\t\t\t\t<div class=\"elementor-widget-container\">\n\t\t\t\t\t\t\t\t\t<p>En nuestra era digital, las empresas deben contemplar dentro de sus TI un plan de recuperaci\u00f3n ante desastres. Un TI preparado provoca que un desastre sea revertido en 24.6%.<\/p><p>Es vital que los TI dise\u00f1en sus estrategias para que las operaciones y continuidad del negocio no se vean afectados. Una s\u00f3lida copia de seguridad y recuperaci\u00f3n de datos ser\u00e1n un excelente punto para iniciar.<\/p><ul><li class=\"p1\">Registros de clientes<\/li><li class=\"p1\">Registros de la empresa<\/li><li class=\"p1\">Archivos<\/li><li class=\"p1\">Datos contables<\/li><li class=\"p1\">Correos electr\u00f3nicos<\/li><li class=\"p2\">Informaci\u00f3n sensible<\/li><\/ul><p><br \/><strong>El 22% de las peque\u00f1as empresas que reabren despu\u00e9s de un ataque, no sobreviven 8 meses.<\/strong><\/p><p><strong>El 38% de las empresas no vuelven a abrir.<\/strong><\/p><p><strong>El 62% de las empresas han experimentado un ataque cibern\u00e9tico en el \u00faltimo a\u00f1o.<\/strong><\/p><p>Estos n\u00fameros no son nada alentadores, por ello, las organizaciones est\u00e1n bajo presi\u00f3n de los cumplimientos normativos y est\u00e1n en la obligaci\u00f3n de tomar acci\u00f3n a los mandatos internos en el dise\u00f1o y puesta en marcha de los planes de recuperaci\u00f3n ante desastres.<\/p>\t\t\t\t\t\t\t\t<\/div>\n\t\t\t\t<\/div>\n\t\t\t\t\t<\/div>\n\t\t<\/div>\n\t\t\t\t\t<\/div>\n\t\t<\/section>\n\t\t\t\t<section class=\"elementor-section elementor-inner-section elementor-element elementor-element-4a6580fa elementor-section-boxed elementor-section-height-default elementor-section-height-default\" data-id=\"4a6580fa\" data-element_type=\"section\">\n\t\t\t\t\t\t<div class=\"elementor-container elementor-column-gap-no\">\n\t\t\t\t\t<div class=\"elementor-column elementor-col-50 elementor-inner-column elementor-element elementor-element-2bbe54df\" data-id=\"2bbe54df\" data-element_type=\"column\">\n\t\t\t<div class=\"elementor-widget-wrap elementor-element-populated\">\n\t\t\t\t\t\t<div class=\"elementor-element elementor-element-40da69 elementor-widget elementor-widget-image\" data-id=\"40da69\" data-element_type=\"widget\" data-widget_type=\"image.default\">\n\t\t\t\t<div class=\"elementor-widget-container\">\n\t\t\t\t\t\t\t\t\t\t\t\t\t\t\t<img decoding=\"async\" width=\"2000\" height=\"1125\" src=\"https:\/\/c3xsolutions.net\/wp-content\/uploads\/2022\/09\/computer-security-technology.jpg\" class=\"attachment-full size-full wp-image-846\" alt=\"Computer security technology\" srcset=\"https:\/\/c3xsolutions.net\/wp-content\/uploads\/2022\/09\/computer-security-technology.jpg 2000w, https:\/\/c3xsolutions.net\/wp-content\/uploads\/2022\/09\/computer-security-technology-300x169.jpg 300w, https:\/\/c3xsolutions.net\/wp-content\/uploads\/2022\/09\/computer-security-technology-1024x576.jpg 1024w, https:\/\/c3xsolutions.net\/wp-content\/uploads\/2022\/09\/computer-security-technology-768x432.jpg 768w, https:\/\/c3xsolutions.net\/wp-content\/uploads\/2022\/09\/computer-security-technology-1536x864.jpg 1536w, https:\/\/c3xsolutions.net\/wp-content\/uploads\/2022\/09\/computer-security-technology-18x10.jpg 18w\" sizes=\"(max-width: 2000px) 100vw, 2000px\" \/>\t\t\t\t\t\t\t\t\t\t\t\t\t\t\t<\/div>\n\t\t\t\t<\/div>\n\t\t\t\t\t<\/div>\n\t\t<\/div>\n\t\t\t\t<div class=\"elementor-column elementor-col-50 elementor-inner-column elementor-element elementor-element-6fdebc7a\" data-id=\"6fdebc7a\" data-element_type=\"column\">\n\t\t\t<div class=\"elementor-widget-wrap elementor-element-populated\">\n\t\t\t\t\t\t<div class=\"elementor-element elementor-element-2e98d7a6 elementor-widget elementor-widget-heading\" data-id=\"2e98d7a6\" data-element_type=\"widget\" data-widget_type=\"heading.default\">\n\t\t\t\t<div class=\"elementor-widget-container\">\n\t\t\t\t\t<h4 class=\"elementor-heading-title elementor-size-default\">Evaluaci\u00f3n TI ante desastres<\/h4>\t\t\t\t<\/div>\n\t\t\t\t<\/div>\n\t\t\t\t<div class=\"elementor-element elementor-element-436201e6 elementor-widget elementor-widget-text-editor\" data-id=\"436201e6\" data-element_type=\"widget\" data-widget_type=\"text-editor.default\">\n\t\t\t\t<div class=\"elementor-widget-container\">\n\t\t\t\t\t\t\t\t\t<p>\u00bfSu empresa cuenta con las acciones b\u00e1sicas para poner en marcha su plan ante un desastre?<\/p><p>\u00bfCree que su plan ante un desastre es el correcto?<\/p><p>En C3X Solutions le brindamos a las organizaciones las evaluaciones de madurez de recuperaci\u00f3n de desastres alineadas con ISO 22301.<\/p><p>Evaluamos su plan ante desastres, identificamos las \u00e1reas cr\u00edticas, y le brindamos una hoja de ruta que contiene todos los elementos necesarios para incrementar el nivel del madurez de su plan de recuperaci\u00f3n.<\/p>\t\t\t\t\t\t\t\t<\/div>\n\t\t\t\t<\/div>\n\t\t\t\t\t<\/div>\n\t\t<\/div>\n\t\t\t\t\t<\/div>\n\t\t<\/section>\n\t\t\t\t<section class=\"elementor-section elementor-inner-section elementor-element elementor-element-16a6126f elementor-section-boxed elementor-section-height-default elementor-section-height-default\" data-id=\"16a6126f\" data-element_type=\"section\">\n\t\t\t\t\t\t<div class=\"elementor-container elementor-column-gap-no\">\n\t\t\t\t\t<div class=\"elementor-column elementor-col-100 elementor-inner-column elementor-element elementor-element-1e21fec1\" data-id=\"1e21fec1\" data-element_type=\"column\">\n\t\t\t<div class=\"elementor-widget-wrap elementor-element-populated\">\n\t\t\t\t\t\t<div class=\"elementor-element elementor-element-5600e418 elementor-widget elementor-widget-heading\" data-id=\"5600e418\" data-element_type=\"widget\" data-widget_type=\"heading.default\">\n\t\t\t\t<div class=\"elementor-widget-container\">\n\t\t\t\t\t<h4 class=\"elementor-heading-title elementor-size-default\">An\u00e1lisis de impacto<\/h4>\t\t\t\t<\/div>\n\t\t\t\t<\/div>\n\t\t\t\t<div class=\"elementor-element elementor-element-454049fd elementor-widget elementor-widget-text-editor\" data-id=\"454049fd\" data-element_type=\"widget\" data-widget_type=\"text-editor.default\">\n\t\t\t\t<div class=\"elementor-widget-container\">\n\t\t\t\t\t\t\t\t\t<p>Al simular un desastre con un plan de recuperaci\u00f3n obsoleto, las organizaciones no tienen idea de d\u00f3nde dirigir sus esfuerzos para mejorar las capacidades de operaci\u00f3n, nuestro an\u00e1lisis de impacto empresarial le brinda un diagnostico de los impactos que un evento le podr\u00eda ocasionar.<\/p><p class=\"p1\">Trabajamos en conjunto con las \u00e1reas involucradas en:<\/p><ul><li class=\"p1\">Estimaci\u00f3n del tiempo de inactividad<\/li><li class=\"p1\">Desarrollo de tolerancia al tiempo de inactividad<\/li><li class=\"p1\">Identificaci\u00f3n de recuperaci\u00f3n por servicios<\/li><li class=\"p1\">\u00a0Identificaci\u00f3n de impacto costo-ingresos<ul><li class=\"p1\">Costos operativos<\/li><li class=\"p1\">P\u00e9rdidas<\/li><li class=\"p1\">Sanciones<\/li><\/ul><\/li><li class=\"p1\">Identificaci\u00f3n de intangibles<ul><li class=\"p1\">Cumplimientos<\/li><li class=\"p1\">Seguridad y salud<\/li><li class=\"p1\">Impacto en los colaboradores<\/li><li class=\"p1\">Impacto en las alianzas comerciales<\/li><li class=\"p2\">Impacto en clientes<\/li><\/ul><\/li><\/ul>\t\t\t\t\t\t\t\t<\/div>\n\t\t\t\t<\/div>\n\t\t\t\t<div class=\"elementor-element elementor-element-4324869c elementor-widget elementor-widget-text-editor\" data-id=\"4324869c\" data-element_type=\"widget\" data-widget_type=\"text-editor.default\">\n\t\t\t\t<div class=\"elementor-widget-container\">\n\t\t\t\t\t\t\t\t\t<p class=\"p1\">En C3X Solutions trabajamos con usted en el desarrollo de una estrategia que le brinde una recuperaci\u00f3n ante un desastre de forma exitosa, nuestros consultores le aportan a su plan el conocimiento y experiencia para:<\/p><ul><li class=\"p1\">Desarrollar un conjunto de documentos indispensables como:<ul><li class=\"p1\">Planes de comunicaci\u00f3n<\/li><li class=\"p1\">Diagramas de flujo<\/li><li class=\"p1\">Hojas de ruta<\/li><li class=\"p1\">Pol\u00edticas<\/li><li class=\"p1\">Lineamientos<\/li><li class=\"p1\">Planes de recuperaci\u00f3n actualizados<\/li><\/ul><\/li><li class=\"p1\">Flujos de trabajo que identifiquen los impactos y genere las acciones necesarias.<\/li><li class=\"p1\">Desarrollo de soluciones y cierres de brechas entre mitigaci\u00f3n y restauraci\u00f3n de servicios.<\/li><li class=\"p1\">Documentar diagramas de flujo de los planes actuales.<\/li><li class=\"p1\">Identificaci\u00f3n de los impactos en el negocio<\/li><li class=\"p2\">Identificaci\u00f3n de procedimientos y programas actuales y su grado de madurez ante una recuperaci\u00f3n.<\/li><\/ul>\t\t\t\t\t\t\t\t<\/div>\n\t\t\t\t<\/div>\n\t\t\t\t\t<\/div>\n\t\t<\/div>\n\t\t\t\t\t<\/div>\n\t\t<\/section>\n\t\t\t\t\t<\/div>\n\t\t<\/div>\n\t\t\t\t\t<\/div>\n\t\t<\/section>\n\t\t\t\t<\/div>","protected":false},"excerpt":{"rendered":"<p>All Services Communication and Collaboration End-user services Managed IT Solutions Cloud Infrastructure Management Cybersecurity Disaster Recovery Simplify your recovery plan to ensure business continuity In our digital era, companies must consider a disaster recovery plan within their IT. A prepared IT causes a disaster to be reversed by 24.6%. It is vital for IT to [&hellip;]<\/p>","protected":false},"author":4,"featured_media":0,"parent":0,"menu_order":0,"comment_status":"closed","ping_status":"closed","template":"","meta":{"footnotes":""},"class_list":["post-175","page","type-page","status-publish","hentry"],"_links":{"self":[{"href":"https:\/\/c3xsolutions.net\/es\/wp-json\/wp\/v2\/pages\/175","targetHints":{"allow":["GET"]}}],"collection":[{"href":"https:\/\/c3xsolutions.net\/es\/wp-json\/wp\/v2\/pages"}],"about":[{"href":"https:\/\/c3xsolutions.net\/es\/wp-json\/wp\/v2\/types\/page"}],"author":[{"embeddable":true,"href":"https:\/\/c3xsolutions.net\/es\/wp-json\/wp\/v2\/users\/4"}],"replies":[{"embeddable":true,"href":"https:\/\/c3xsolutions.net\/es\/wp-json\/wp\/v2\/comments?post=175"}],"version-history":[{"count":19,"href":"https:\/\/c3xsolutions.net\/es\/wp-json\/wp\/v2\/pages\/175\/revisions"}],"predecessor-version":[{"id":923,"href":"https:\/\/c3xsolutions.net\/es\/wp-json\/wp\/v2\/pages\/175\/revisions\/923"}],"wp:attachment":[{"href":"https:\/\/c3xsolutions.net\/es\/wp-json\/wp\/v2\/media?parent=175"}],"curies":[{"name":"wp","href":"https:\/\/api.w.org\/{rel}","templated":true}]}}