{"id":173,"date":"2022-09-01T19:21:04","date_gmt":"2022-09-01T19:21:04","guid":{"rendered":"https:\/\/c3xsolutions.net\/?page_id=173"},"modified":"2023-08-16T16:44:53","modified_gmt":"2023-08-16T16:44:53","slug":"cibersecurity","status":"publish","type":"page","link":"https:\/\/c3xsolutions.net\/es\/ciberseguridad\/","title":{"rendered":"Ciberseguridad"},"content":{"rendered":"<div data-elementor-type=\"wp-page\" data-elementor-id=\"173\" class=\"elementor elementor-173\" data-elementor-post-type=\"page\">\n\t\t\t\t\t\t<section class=\"elementor-section elementor-top-section elementor-element elementor-element-4cd9b381 elementor-section-height-min-height elementor-section-boxed elementor-section-height-default elementor-section-items-middle\" data-id=\"4cd9b381\" data-element_type=\"section\" data-settings=\"{&quot;background_background&quot;:&quot;classic&quot;}\">\n\t\t\t\t\t\t\t<div class=\"elementor-background-overlay\"><\/div>\n\t\t\t\t\t\t\t<div class=\"elementor-container elementor-column-gap-no\">\n\t\t\t\t\t<div class=\"elementor-column elementor-col-100 elementor-top-column elementor-element elementor-element-17f68952\" data-id=\"17f68952\" data-element_type=\"column\">\n\t\t\t<div class=\"elementor-widget-wrap elementor-element-populated\">\n\t\t\t\t\t\t\t<\/div>\n\t\t<\/div>\n\t\t\t\t\t<\/div>\n\t\t<\/section>\n\t\t\t\t<section class=\"elementor-section elementor-top-section elementor-element elementor-element-76afaabb elementor-section-boxed elementor-section-height-default elementor-section-height-default\" data-id=\"76afaabb\" data-element_type=\"section\">\n\t\t\t\t\t\t<div class=\"elementor-container elementor-column-gap-no\">\n\t\t\t\t\t<div class=\"elementor-column elementor-col-33 elementor-top-column elementor-element elementor-element-7881b373\" data-id=\"7881b373\" data-element_type=\"column\">\n\t\t\t<div class=\"elementor-widget-wrap elementor-element-populated\">\n\t\t\t\t\t\t<section class=\"elementor-section elementor-inner-section elementor-element elementor-element-2b778cd6 elementor-section-boxed elementor-section-height-default elementor-section-height-default\" data-id=\"2b778cd6\" data-element_type=\"section\" data-settings=\"{&quot;background_background&quot;:&quot;classic&quot;}\">\n\t\t\t\t\t\t<div class=\"elementor-container elementor-column-gap-no\">\n\t\t\t\t\t<div class=\"elementor-column elementor-col-100 elementor-inner-column elementor-element elementor-element-ac5d71\" data-id=\"ac5d71\" data-element_type=\"column\">\n\t\t\t<div class=\"elementor-widget-wrap elementor-element-populated\">\n\t\t\t\t\t\t<div class=\"elementor-element elementor-element-9b63c51 elementor-widget elementor-widget-heading\" data-id=\"9b63c51\" data-element_type=\"widget\" data-widget_type=\"heading.default\">\n\t\t\t\t<div class=\"elementor-widget-container\">\n\t\t\t\t\t<h5 class=\"elementor-heading-title elementor-size-default\">Todos los servicios<\/h5>\t\t\t\t<\/div>\n\t\t\t\t<\/div>\n\t\t\t\t<div class=\"elementor-element elementor-element-283ef9d0 elementor-align-justify elementor-widget elementor-widget-button\" data-id=\"283ef9d0\" data-element_type=\"widget\" data-widget_type=\"button.default\">\n\t\t\t\t<div class=\"elementor-widget-container\">\n\t\t\t\t\t\t\t\t\t<div class=\"elementor-button-wrapper\">\n\t\t\t\t\t<a class=\"elementor-button elementor-button-link elementor-size-sm\" href=\"https:\/\/c3xsolutions.net\/index.php\/communication-and-collaboration\/\">\n\t\t\t\t\t\t<span class=\"elementor-button-content-wrapper\">\n\t\t\t\t\t\t\t\t\t<span class=\"elementor-button-text\">Comunicaci\u00f3n y Colaboraci\u00f3n<\/span>\n\t\t\t\t\t<\/span>\n\t\t\t\t\t<\/a>\n\t\t\t\t<\/div>\n\t\t\t\t\t\t\t\t<\/div>\n\t\t\t\t<\/div>\n\t\t\t\t<div class=\"elementor-element elementor-element-49cb13d7 elementor-align-justify elementor-widget elementor-widget-button\" data-id=\"49cb13d7\" data-element_type=\"widget\" data-widget_type=\"button.default\">\n\t\t\t\t<div class=\"elementor-widget-container\">\n\t\t\t\t\t\t\t\t\t<div class=\"elementor-button-wrapper\">\n\t\t\t\t\t<a class=\"elementor-button elementor-button-link elementor-size-sm\" href=\"https:\/\/c3xsolutions.net\/index.php\/end-user-services\/\">\n\t\t\t\t\t\t<span class=\"elementor-button-content-wrapper\">\n\t\t\t\t\t\t\t\t\t<span class=\"elementor-button-text\">Servicios de Usuario Final<\/span>\n\t\t\t\t\t<\/span>\n\t\t\t\t\t<\/a>\n\t\t\t\t<\/div>\n\t\t\t\t\t\t\t\t<\/div>\n\t\t\t\t<\/div>\n\t\t\t\t<div class=\"elementor-element elementor-element-5ba35f66 elementor-align-justify elementor-widget elementor-widget-button\" data-id=\"5ba35f66\" data-element_type=\"widget\" data-widget_type=\"button.default\">\n\t\t\t\t<div class=\"elementor-widget-container\">\n\t\t\t\t\t\t\t\t\t<div class=\"elementor-button-wrapper\">\n\t\t\t\t\t<a class=\"elementor-button elementor-button-link elementor-size-sm\" href=\"https:\/\/c3xsolutions.net\/index.php\/managed-it-solutions\/\">\n\t\t\t\t\t\t<span class=\"elementor-button-content-wrapper\">\n\t\t\t\t\t\t\t\t\t<span class=\"elementor-button-text\">Soluciones TI Gestionadas<\/span>\n\t\t\t\t\t<\/span>\n\t\t\t\t\t<\/a>\n\t\t\t\t<\/div>\n\t\t\t\t\t\t\t\t<\/div>\n\t\t\t\t<\/div>\n\t\t\t\t<div class=\"elementor-element elementor-element-3ad067db elementor-align-justify elementor-widget elementor-widget-button\" data-id=\"3ad067db\" data-element_type=\"widget\" data-widget_type=\"button.default\">\n\t\t\t\t<div class=\"elementor-widget-container\">\n\t\t\t\t\t\t\t\t\t<div class=\"elementor-button-wrapper\">\n\t\t\t\t\t<a class=\"elementor-button elementor-button-link elementor-size-sm\" href=\"https:\/\/c3xsolutions.net\/index.php\/cloud\/\">\n\t\t\t\t\t\t<span class=\"elementor-button-content-wrapper\">\n\t\t\t\t\t\t\t\t\t<span class=\"elementor-button-text\">Nube<\/span>\n\t\t\t\t\t<\/span>\n\t\t\t\t\t<\/a>\n\t\t\t\t<\/div>\n\t\t\t\t\t\t\t\t<\/div>\n\t\t\t\t<\/div>\n\t\t\t\t<div class=\"elementor-element elementor-element-2d5de610 elementor-align-justify elementor-widget elementor-widget-button\" data-id=\"2d5de610\" data-element_type=\"widget\" data-widget_type=\"button.default\">\n\t\t\t\t<div class=\"elementor-widget-container\">\n\t\t\t\t\t\t\t\t\t<div class=\"elementor-button-wrapper\">\n\t\t\t\t\t<a class=\"elementor-button elementor-button-link elementor-size-sm\" href=\"https:\/\/c3xsolutions.net\/index.php\/infrastructure-management\/\">\n\t\t\t\t\t\t<span class=\"elementor-button-content-wrapper\">\n\t\t\t\t\t\t\t\t\t<span class=\"elementor-button-text\">Gesti\u00f3n de Infraestructura<\/span>\n\t\t\t\t\t<\/span>\n\t\t\t\t\t<\/a>\n\t\t\t\t<\/div>\n\t\t\t\t\t\t\t\t<\/div>\n\t\t\t\t<\/div>\n\t\t\t\t<div class=\"elementor-element elementor-element-1a25a7d3 elementor-align-justify elementor-widget elementor-widget-button\" data-id=\"1a25a7d3\" data-element_type=\"widget\" data-widget_type=\"button.default\">\n\t\t\t\t<div class=\"elementor-widget-container\">\n\t\t\t\t\t\t\t\t\t<div class=\"elementor-button-wrapper\">\n\t\t\t\t\t<a class=\"elementor-button elementor-button-link elementor-size-sm\" href=\"https:\/\/c3xsolutions.net\/index.php\/cibersecurity\/\">\n\t\t\t\t\t\t<span class=\"elementor-button-content-wrapper\">\n\t\t\t\t\t\t\t\t\t<span class=\"elementor-button-text\">Ciberseguridad<\/span>\n\t\t\t\t\t<\/span>\n\t\t\t\t\t<\/a>\n\t\t\t\t<\/div>\n\t\t\t\t\t\t\t\t<\/div>\n\t\t\t\t<\/div>\n\t\t\t\t<div class=\"elementor-element elementor-element-5f46660a elementor-align-justify elementor-widget elementor-widget-button\" data-id=\"5f46660a\" data-element_type=\"widget\" data-widget_type=\"button.default\">\n\t\t\t\t<div class=\"elementor-widget-container\">\n\t\t\t\t\t\t\t\t\t<div class=\"elementor-button-wrapper\">\n\t\t\t\t\t<a class=\"elementor-button elementor-button-link elementor-size-sm\" href=\"https:\/\/c3xsolutions.net\/index.php\/disaster-recovery\/\">\n\t\t\t\t\t\t<span class=\"elementor-button-content-wrapper\">\n\t\t\t\t\t\t\t\t\t<span class=\"elementor-button-text\">Recuperaci\u00f3n ante desastres<\/span>\n\t\t\t\t\t<\/span>\n\t\t\t\t\t<\/a>\n\t\t\t\t<\/div>\n\t\t\t\t\t\t\t\t<\/div>\n\t\t\t\t<\/div>\n\t\t\t\t\t<\/div>\n\t\t<\/div>\n\t\t\t\t\t<\/div>\n\t\t<\/section>\n\t\t\t\t\t<\/div>\n\t\t<\/div>\n\t\t\t\t<div class=\"elementor-column elementor-col-66 elementor-top-column elementor-element elementor-element-3aded4e7\" data-id=\"3aded4e7\" data-element_type=\"column\">\n\t\t\t<div class=\"elementor-widget-wrap elementor-element-populated\">\n\t\t\t\t\t\t<div class=\"elementor-element elementor-element-174c1405 elementor-widget elementor-widget-image\" data-id=\"174c1405\" data-element_type=\"widget\" data-widget_type=\"image.default\">\n\t\t\t\t<div class=\"elementor-widget-container\">\n\t\t\t\t\t\t\t\t\t\t\t\t\t\t\t<img fetchpriority=\"high\" decoding=\"async\" width=\"2000\" height=\"1335\" src=\"https:\/\/c3xsolutions.net\/wp-content\/uploads\/2022\/09\/computer-security-.jpg\" class=\"attachment-full size-full wp-image-845\" alt=\"Computer security.\" srcset=\"https:\/\/c3xsolutions.net\/wp-content\/uploads\/2022\/09\/computer-security-.jpg 2000w, https:\/\/c3xsolutions.net\/wp-content\/uploads\/2022\/09\/computer-security--300x200.jpg 300w, https:\/\/c3xsolutions.net\/wp-content\/uploads\/2022\/09\/computer-security--1024x684.jpg 1024w, https:\/\/c3xsolutions.net\/wp-content\/uploads\/2022\/09\/computer-security--768x513.jpg 768w, https:\/\/c3xsolutions.net\/wp-content\/uploads\/2022\/09\/computer-security--1536x1025.jpg 1536w, https:\/\/c3xsolutions.net\/wp-content\/uploads\/2022\/09\/computer-security--18x12.jpg 18w\" sizes=\"(max-width: 2000px) 100vw, 2000px\" \/>\t\t\t\t\t\t\t\t\t\t\t\t\t\t\t<\/div>\n\t\t\t\t<\/div>\n\t\t\t\t<section class=\"elementor-section elementor-inner-section elementor-element elementor-element-2d16bd0d elementor-section-boxed elementor-section-height-default elementor-section-height-default\" data-id=\"2d16bd0d\" data-element_type=\"section\">\n\t\t\t\t\t\t<div class=\"elementor-container elementor-column-gap-no\">\n\t\t\t\t\t<div class=\"elementor-column elementor-col-100 elementor-inner-column elementor-element elementor-element-302915c\" data-id=\"302915c\" data-element_type=\"column\">\n\t\t\t<div class=\"elementor-widget-wrap elementor-element-populated\">\n\t\t\t\t\t\t<div class=\"elementor-element elementor-element-4456355b elementor-widget elementor-widget-heading\" data-id=\"4456355b\" data-element_type=\"widget\" data-widget_type=\"heading.default\">\n\t\t\t\t<div class=\"elementor-widget-container\">\n\t\t\t\t\t<h4 class=\"elementor-heading-title elementor-size-default\">La alianza en ciberseguridad que su empresa necesita<\/h4>\t\t\t\t<\/div>\n\t\t\t\t<\/div>\n\t\t\t\t<div class=\"elementor-element elementor-element-11a5ff9f elementor-widget elementor-widget-text-editor\" data-id=\"11a5ff9f\" data-element_type=\"widget\" data-widget_type=\"text-editor.default\">\n\t\t\t\t<div class=\"elementor-widget-container\">\n\t\t\t\t\t\t\t\t\t<p>La ciberseguridad de C3X Solutions le brinda un sistema de monitoreo y detecci\u00f3n de amenazas en tiempo real, adem\u00e1s proporcionamos informes de incidentes y respuestas, el cual esta validado contra un cat\u00e1logo de origen global de amenazas conocidas y emergentes.<\/p><p>Se ha considerado que la mayor\u00eda de los ataques a equipos o p\u00e9rdida de informaci\u00f3n han derivado de la ingenier\u00eda social o bien de colaboradores dentro de la instituci\u00f3n, por ello hemos implementado un dise\u00f1o de ciberseguridad contemplando estas y muchas otras amenazas.<\/p><p>\u00bfC\u00f3mo funciona?<\/p><p>En C3X Solutions iniciamos con el an\u00e1lisis de la fuente, supervisamos todos los datos no importa de donde sean emitidos, la red, registros de seguridad, cortafuegos y varias fuentes m\u00e1s, para una detecci\u00f3n inmediata.<\/p><p>Si detectamos que existe alguna actividad sospechosa, el dispositivo es bloqueado, enviando autom\u00e1ticamente una se\u00f1al a nuestro centro de monitoreo.<\/p><p>Nuestro monitoreo de punto final esta activado para la prevenci\u00f3n de ataques e identificaci\u00f3n de posibles amenazas. Estos datos son tratados en nuestra plataforma donde son investigados y de ah\u00ed se env\u00eda una alerta a nuestro equipo de soporte.<\/p><p>Nuestro equipo esta dedicado a investigar y dise\u00f1ar soluciones de ciberseguridad, en resumen, neutralizan los ataques, realizan un informe, se separan la informaci\u00f3n del cliente en un portal para desarrollar la soluci\u00f3n.<\/p>\t\t\t\t\t\t\t\t<\/div>\n\t\t\t\t<\/div>\n\t\t\t\t\t<\/div>\n\t\t<\/div>\n\t\t\t\t\t<\/div>\n\t\t<\/section>\n\t\t\t\t<section class=\"elementor-section elementor-inner-section elementor-element elementor-element-a721b82 elementor-section-boxed elementor-section-height-default elementor-section-height-default\" data-id=\"a721b82\" data-element_type=\"section\">\n\t\t\t\t\t\t<div class=\"elementor-container elementor-column-gap-no\">\n\t\t\t\t\t<div class=\"elementor-column elementor-col-50 elementor-inner-column elementor-element elementor-element-4bac4b9d\" data-id=\"4bac4b9d\" data-element_type=\"column\">\n\t\t\t<div class=\"elementor-widget-wrap elementor-element-populated\">\n\t\t\t\t\t\t<div class=\"elementor-element elementor-element-24fa26bb elementor-widget elementor-widget-image\" data-id=\"24fa26bb\" data-element_type=\"widget\" data-widget_type=\"image.default\">\n\t\t\t\t<div class=\"elementor-widget-container\">\n\t\t\t\t\t\t\t\t\t\t\t\t\t\t\t<img decoding=\"async\" width=\"2000\" height=\"799\" src=\"https:\/\/c3xsolutions.net\/wp-content\/uploads\/2022\/09\/security-on-mobile-phone.jpg\" class=\"attachment-full size-full wp-image-843\" alt=\"Security on mobile phone\" srcset=\"https:\/\/c3xsolutions.net\/wp-content\/uploads\/2022\/09\/security-on-mobile-phone.jpg 2000w, https:\/\/c3xsolutions.net\/wp-content\/uploads\/2022\/09\/security-on-mobile-phone-300x120.jpg 300w, https:\/\/c3xsolutions.net\/wp-content\/uploads\/2022\/09\/security-on-mobile-phone-1024x409.jpg 1024w, https:\/\/c3xsolutions.net\/wp-content\/uploads\/2022\/09\/security-on-mobile-phone-768x307.jpg 768w, https:\/\/c3xsolutions.net\/wp-content\/uploads\/2022\/09\/security-on-mobile-phone-1536x614.jpg 1536w, https:\/\/c3xsolutions.net\/wp-content\/uploads\/2022\/09\/security-on-mobile-phone-18x7.jpg 18w\" sizes=\"(max-width: 2000px) 100vw, 2000px\" \/>\t\t\t\t\t\t\t\t\t\t\t\t\t\t\t<\/div>\n\t\t\t\t<\/div>\n\t\t\t\t\t<\/div>\n\t\t<\/div>\n\t\t\t\t<div class=\"elementor-column elementor-col-50 elementor-inner-column elementor-element elementor-element-4f8bcb06\" data-id=\"4f8bcb06\" data-element_type=\"column\">\n\t\t\t<div class=\"elementor-widget-wrap elementor-element-populated\">\n\t\t\t\t\t\t<div class=\"elementor-element elementor-element-47ba7b0e elementor-widget elementor-widget-heading\" data-id=\"47ba7b0e\" data-element_type=\"widget\" data-widget_type=\"heading.default\">\n\t\t\t\t<div class=\"elementor-widget-container\">\n\t\t\t\t\t<h4 class=\"elementor-heading-title elementor-size-default\">Evaluaci\u00f3n continua de vulnerabilidades<\/h4>\t\t\t\t<\/div>\n\t\t\t\t<\/div>\n\t\t\t\t<div class=\"elementor-element elementor-element-11f2ffb4 elementor-widget elementor-widget-text-editor\" data-id=\"11f2ffb4\" data-element_type=\"widget\" data-widget_type=\"text-editor.default\">\n\t\t\t\t<div class=\"elementor-widget-container\">\n\t\t\t\t\t\t\t\t\t<p>Cada d\u00eda nuestros estilos de trabajo requieren de sitios colaborativos, ya sea en trabajo presencial, remoto, comunicaci\u00f3n entre redes, m\u00e1s terminales y m\u00e1s usuarios, adem\u00e1s de nuevas responsabilidades y una demanda exigente del ancho de banda, esta serie de acciones son las t\u00edpicas de un negocio exitoso y nuestra gesti\u00f3n continua de vulnerabilidades le proporciona la mejor ciberseguridad de su red, proporcionando escenarios de bajo riesgo a ataques.<\/p>\n<p>Todos los d\u00edas existen nuevas formas de vulnerabilidades, la seguridad que usted implemente hoy en su negocio, no ser\u00e1 la misma ma\u00f1ana, porque habr\u00e1 nuevas formas de vulnerar los equipos, por esta raz\u00f3n, nuestros escaneos son la forma m\u00e1s eficiente de reducir el riesgo a un ciberataque.<\/p><div><br><\/div>\n<p>Le brindamos un servicio de administraci\u00f3n continua de vulnerabilidades que lo ayudar\u00e1 a detectar, controlar y eliminar todos los riesgos asociados.<\/p>\n<p>Algunos procesos de la gesti\u00f3n continua de vulnerabilidades de C3X Solutions son:<\/p>\n<ul>\n<li>Monitoreo de entidades y usuarios<\/li>\n<li>Aplicaciones de parches<\/li>\n<li>Antivirus y ransomware de \u00faltima generaci\u00f3n<\/li>\n<li>Protecci\u00f3n de contenido web malicioso<\/li>\n<li>Pruebas de penetraci\u00f3n<\/li>\n<\/ul>\n<p>Mejora tu ciberseguridad, <a href=\"https:\/\/c3xsolutions.net\/index.php\/contact-us\/\">Cont\u00e1ctenos<\/a><\/p>\t\t\t\t\t\t\t\t<\/div>\n\t\t\t\t<\/div>\n\t\t\t\t\t<\/div>\n\t\t<\/div>\n\t\t\t\t\t<\/div>\n\t\t<\/section>\n\t\t\t\t\t<\/div>\n\t\t<\/div>\n\t\t\t\t\t<\/div>\n\t\t<\/section>\n\t\t\t\t<\/div>","protected":false},"excerpt":{"rendered":"<p>\/*! elementor &#8211; v3.14.0 &#8211; 18-06-2023 *\/ .elementor-heading-title{padding:0;margin:0;line-height:1}.elementor-widget-heading .elementor-heading-title[class*=elementor-size-]&gt;a{color:inherit;font-size:inherit;line-height:inherit}.elementor-widget-heading .elementor-heading-title.elementor-size-small{font-size:15px}.elementor-widget-heading .elementor-heading-title.elementor-size-medium{font-size:19px}.elementor-widget-heading .elementor-heading-title.elementor-size-large{font-size:29px}.elementor-widget-heading .elementor-heading-title.elementor-size-xl{font-size:39px}.elementor-widget-heading .elementor-heading-title.elementor-size-xxl{font-size:59px} All Services Communication and Collaboration End-user services Managed IT Solutions Cloud Infrastructure Management Cybersecurity Disaster Recovery \/*! elementor &#8211; v3.14.0 &#8211; 18-06-2023 *\/ .elementor-widget-image{text-align:center}.elementor-widget-image a{display:inline-block}.elementor-widget-image a img[src$=&#8221;.svg&#8221;]{width:48px}.elementor-widget-image img{vertical-align:middle;display:inline-block} The cybersecurity alliance your company needs C3X Solutions&#8217; cybersecurity provides you with a [&hellip;]<\/p>","protected":false},"author":4,"featured_media":0,"parent":0,"menu_order":0,"comment_status":"closed","ping_status":"closed","template":"","meta":{"footnotes":""},"class_list":["post-173","page","type-page","status-publish","hentry"],"_links":{"self":[{"href":"https:\/\/c3xsolutions.net\/es\/wp-json\/wp\/v2\/pages\/173","targetHints":{"allow":["GET"]}}],"collection":[{"href":"https:\/\/c3xsolutions.net\/es\/wp-json\/wp\/v2\/pages"}],"about":[{"href":"https:\/\/c3xsolutions.net\/es\/wp-json\/wp\/v2\/types\/page"}],"author":[{"embeddable":true,"href":"https:\/\/c3xsolutions.net\/es\/wp-json\/wp\/v2\/users\/4"}],"replies":[{"embeddable":true,"href":"https:\/\/c3xsolutions.net\/es\/wp-json\/wp\/v2\/comments?post=173"}],"version-history":[{"count":25,"href":"https:\/\/c3xsolutions.net\/es\/wp-json\/wp\/v2\/pages\/173\/revisions"}],"predecessor-version":[{"id":1186,"href":"https:\/\/c3xsolutions.net\/es\/wp-json\/wp\/v2\/pages\/173\/revisions\/1186"}],"wp:attachment":[{"href":"https:\/\/c3xsolutions.net\/es\/wp-json\/wp\/v2\/media?parent=173"}],"curies":[{"name":"wp","href":"https:\/\/api.w.org\/{rel}","templated":true}]}}