{"id":167,"date":"2022-09-01T19:20:14","date_gmt":"2022-09-01T19:20:14","guid":{"rendered":"https:\/\/c3xsolutions.net\/?page_id=167"},"modified":"2023-08-16T16:14:51","modified_gmt":"2023-08-16T16:14:51","slug":"managed-it-solutions","status":"publish","type":"page","link":"https:\/\/c3xsolutions.net\/es\/soluciones-ti-gestionadas\/","title":{"rendered":"Soluciones TI Gestionadas"},"content":{"rendered":"<div data-elementor-type=\"wp-page\" data-elementor-id=\"167\" class=\"elementor elementor-167\" data-elementor-post-type=\"page\">\n\t\t\t\t\t\t<section class=\"elementor-section elementor-top-section elementor-element elementor-element-2fa3c1c5 elementor-section-height-min-height elementor-section-boxed elementor-section-height-default elementor-section-items-middle\" data-id=\"2fa3c1c5\" data-element_type=\"section\" data-settings=\"{&quot;background_background&quot;:&quot;classic&quot;}\">\n\t\t\t\t\t\t\t<div class=\"elementor-background-overlay\"><\/div>\n\t\t\t\t\t\t\t<div class=\"elementor-container elementor-column-gap-no\">\n\t\t\t\t\t<div class=\"elementor-column elementor-col-100 elementor-top-column elementor-element elementor-element-6bf5f550\" data-id=\"6bf5f550\" data-element_type=\"column\">\n\t\t\t<div class=\"elementor-widget-wrap elementor-element-populated\">\n\t\t\t\t\t\t\t<\/div>\n\t\t<\/div>\n\t\t\t\t\t<\/div>\n\t\t<\/section>\n\t\t\t\t<section class=\"elementor-section elementor-top-section elementor-element elementor-element-22761c17 elementor-section-boxed elementor-section-height-default elementor-section-height-default\" data-id=\"22761c17\" data-element_type=\"section\">\n\t\t\t\t\t\t<div class=\"elementor-container elementor-column-gap-no\">\n\t\t\t\t\t<div class=\"elementor-column elementor-col-33 elementor-top-column elementor-element elementor-element-3b0e0891\" data-id=\"3b0e0891\" data-element_type=\"column\">\n\t\t\t<div class=\"elementor-widget-wrap elementor-element-populated\">\n\t\t\t\t\t\t<section class=\"elementor-section elementor-inner-section elementor-element elementor-element-30d5204d elementor-section-boxed elementor-section-height-default elementor-section-height-default\" data-id=\"30d5204d\" data-element_type=\"section\" data-settings=\"{&quot;background_background&quot;:&quot;classic&quot;}\">\n\t\t\t\t\t\t<div class=\"elementor-container elementor-column-gap-no\">\n\t\t\t\t\t<div class=\"elementor-column elementor-col-100 elementor-inner-column elementor-element elementor-element-4fa6040d\" data-id=\"4fa6040d\" data-element_type=\"column\">\n\t\t\t<div class=\"elementor-widget-wrap elementor-element-populated\">\n\t\t\t\t\t\t<div class=\"elementor-element elementor-element-3d20780f elementor-widget elementor-widget-heading\" data-id=\"3d20780f\" data-element_type=\"widget\" data-widget_type=\"heading.default\">\n\t\t\t\t<div class=\"elementor-widget-container\">\n\t\t\t\t\t<h5 class=\"elementor-heading-title elementor-size-default\">Todos los servicios<\/h5>\t\t\t\t<\/div>\n\t\t\t\t<\/div>\n\t\t\t\t<div class=\"elementor-element elementor-element-6c667fcd elementor-align-justify elementor-widget elementor-widget-button\" data-id=\"6c667fcd\" data-element_type=\"widget\" data-widget_type=\"button.default\">\n\t\t\t\t<div class=\"elementor-widget-container\">\n\t\t\t\t\t\t\t\t\t<div class=\"elementor-button-wrapper\">\n\t\t\t\t\t<a class=\"elementor-button elementor-button-link elementor-size-sm\" href=\"https:\/\/c3xsolutions.net\/index.php\/communication-and-collaboration\/\">\n\t\t\t\t\t\t<span class=\"elementor-button-content-wrapper\">\n\t\t\t\t\t\t\t\t\t<span class=\"elementor-button-text\">Comunicaci\u00f3n y Colaboraci\u00f3n<\/span>\n\t\t\t\t\t<\/span>\n\t\t\t\t\t<\/a>\n\t\t\t\t<\/div>\n\t\t\t\t\t\t\t\t<\/div>\n\t\t\t\t<\/div>\n\t\t\t\t<div class=\"elementor-element elementor-element-2f072e1f elementor-align-justify elementor-widget elementor-widget-button\" data-id=\"2f072e1f\" data-element_type=\"widget\" data-widget_type=\"button.default\">\n\t\t\t\t<div class=\"elementor-widget-container\">\n\t\t\t\t\t\t\t\t\t<div class=\"elementor-button-wrapper\">\n\t\t\t\t\t<a class=\"elementor-button elementor-button-link elementor-size-sm\" href=\"https:\/\/c3xsolutions.net\/index.php\/end-user-services\/\">\n\t\t\t\t\t\t<span class=\"elementor-button-content-wrapper\">\n\t\t\t\t\t\t\t\t\t<span class=\"elementor-button-text\">Servicios de Usuario Final<\/span>\n\t\t\t\t\t<\/span>\n\t\t\t\t\t<\/a>\n\t\t\t\t<\/div>\n\t\t\t\t\t\t\t\t<\/div>\n\t\t\t\t<\/div>\n\t\t\t\t<div class=\"elementor-element elementor-element-1a6fda78 elementor-align-justify elementor-widget elementor-widget-button\" data-id=\"1a6fda78\" data-element_type=\"widget\" data-widget_type=\"button.default\">\n\t\t\t\t<div class=\"elementor-widget-container\">\n\t\t\t\t\t\t\t\t\t<div class=\"elementor-button-wrapper\">\n\t\t\t\t\t<a class=\"elementor-button elementor-button-link elementor-size-sm\" href=\"https:\/\/c3xsolutions.net\/index.php\/managed-it-solutions\/\">\n\t\t\t\t\t\t<span class=\"elementor-button-content-wrapper\">\n\t\t\t\t\t\t\t\t\t<span class=\"elementor-button-text\">Soluciones TI Gestionadas<\/span>\n\t\t\t\t\t<\/span>\n\t\t\t\t\t<\/a>\n\t\t\t\t<\/div>\n\t\t\t\t\t\t\t\t<\/div>\n\t\t\t\t<\/div>\n\t\t\t\t<div class=\"elementor-element elementor-element-bb591ca elementor-align-justify elementor-widget elementor-widget-button\" data-id=\"bb591ca\" data-element_type=\"widget\" data-widget_type=\"button.default\">\n\t\t\t\t<div class=\"elementor-widget-container\">\n\t\t\t\t\t\t\t\t\t<div class=\"elementor-button-wrapper\">\n\t\t\t\t\t<a class=\"elementor-button elementor-button-link elementor-size-sm\" href=\"https:\/\/c3xsolutions.net\/index.php\/cloud\/\">\n\t\t\t\t\t\t<span class=\"elementor-button-content-wrapper\">\n\t\t\t\t\t\t\t\t\t<span class=\"elementor-button-text\">Nube<\/span>\n\t\t\t\t\t<\/span>\n\t\t\t\t\t<\/a>\n\t\t\t\t<\/div>\n\t\t\t\t\t\t\t\t<\/div>\n\t\t\t\t<\/div>\n\t\t\t\t<div class=\"elementor-element elementor-element-189764fd elementor-align-justify elementor-widget elementor-widget-button\" data-id=\"189764fd\" data-element_type=\"widget\" data-widget_type=\"button.default\">\n\t\t\t\t<div class=\"elementor-widget-container\">\n\t\t\t\t\t\t\t\t\t<div class=\"elementor-button-wrapper\">\n\t\t\t\t\t<a class=\"elementor-button elementor-button-link elementor-size-sm\" href=\"https:\/\/c3xsolutions.net\/index.php\/infrastructure-management\/\">\n\t\t\t\t\t\t<span class=\"elementor-button-content-wrapper\">\n\t\t\t\t\t\t\t\t\t<span class=\"elementor-button-text\">Gesti\u00f3n de Infraestructura<\/span>\n\t\t\t\t\t<\/span>\n\t\t\t\t\t<\/a>\n\t\t\t\t<\/div>\n\t\t\t\t\t\t\t\t<\/div>\n\t\t\t\t<\/div>\n\t\t\t\t<div class=\"elementor-element elementor-element-3efb6c9a elementor-align-justify elementor-widget elementor-widget-button\" data-id=\"3efb6c9a\" data-element_type=\"widget\" data-widget_type=\"button.default\">\n\t\t\t\t<div class=\"elementor-widget-container\">\n\t\t\t\t\t\t\t\t\t<div class=\"elementor-button-wrapper\">\n\t\t\t\t\t<a class=\"elementor-button elementor-button-link elementor-size-sm\" href=\"https:\/\/c3xsolutions.net\/index.php\/cibersecurity\/\">\n\t\t\t\t\t\t<span class=\"elementor-button-content-wrapper\">\n\t\t\t\t\t\t\t\t\t<span class=\"elementor-button-text\">Ciberseguridad<\/span>\n\t\t\t\t\t<\/span>\n\t\t\t\t\t<\/a>\n\t\t\t\t<\/div>\n\t\t\t\t\t\t\t\t<\/div>\n\t\t\t\t<\/div>\n\t\t\t\t<div class=\"elementor-element elementor-element-4a8826c2 elementor-align-justify elementor-widget elementor-widget-button\" data-id=\"4a8826c2\" data-element_type=\"widget\" data-widget_type=\"button.default\">\n\t\t\t\t<div class=\"elementor-widget-container\">\n\t\t\t\t\t\t\t\t\t<div class=\"elementor-button-wrapper\">\n\t\t\t\t\t<a class=\"elementor-button elementor-button-link elementor-size-sm\" href=\"https:\/\/c3xsolutions.net\/index.php\/disaster-recovery\/\">\n\t\t\t\t\t\t<span class=\"elementor-button-content-wrapper\">\n\t\t\t\t\t\t\t\t\t<span class=\"elementor-button-text\">Recuperaci\u00f3n ante desastres<\/span>\n\t\t\t\t\t<\/span>\n\t\t\t\t\t<\/a>\n\t\t\t\t<\/div>\n\t\t\t\t\t\t\t\t<\/div>\n\t\t\t\t<\/div>\n\t\t\t\t\t<\/div>\n\t\t<\/div>\n\t\t\t\t\t<\/div>\n\t\t<\/section>\n\t\t\t\t\t<\/div>\n\t\t<\/div>\n\t\t\t\t<div class=\"elementor-column elementor-col-66 elementor-top-column elementor-element elementor-element-1ec4c4a5\" data-id=\"1ec4c4a5\" data-element_type=\"column\">\n\t\t\t<div class=\"elementor-widget-wrap elementor-element-populated\">\n\t\t\t\t\t\t<div class=\"elementor-element elementor-element-1f9c411b elementor-widget elementor-widget-image\" data-id=\"1f9c411b\" data-element_type=\"widget\" data-widget_type=\"image.default\">\n\t\t\t\t<div class=\"elementor-widget-container\">\n\t\t\t\t\t\t\t\t\t\t\t\t\t\t\t<img fetchpriority=\"high\" decoding=\"async\" width=\"2000\" height=\"1333\" src=\"https:\/\/c3xsolutions.net\/wp-content\/uploads\/2022\/09\/businesspeople-working-in-team.jpg\" class=\"attachment-full size-full wp-image-939\" alt=\"Businesspeople working in team\" srcset=\"https:\/\/c3xsolutions.net\/wp-content\/uploads\/2022\/09\/businesspeople-working-in-team.jpg 2000w, https:\/\/c3xsolutions.net\/wp-content\/uploads\/2022\/09\/businesspeople-working-in-team-300x200.jpg 300w, https:\/\/c3xsolutions.net\/wp-content\/uploads\/2022\/09\/businesspeople-working-in-team-1024x682.jpg 1024w, https:\/\/c3xsolutions.net\/wp-content\/uploads\/2022\/09\/businesspeople-working-in-team-768x512.jpg 768w, https:\/\/c3xsolutions.net\/wp-content\/uploads\/2022\/09\/businesspeople-working-in-team-1536x1024.jpg 1536w, https:\/\/c3xsolutions.net\/wp-content\/uploads\/2022\/09\/businesspeople-working-in-team-18x12.jpg 18w\" sizes=\"(max-width: 2000px) 100vw, 2000px\" \/>\t\t\t\t\t\t\t\t\t\t\t\t\t\t\t<\/div>\n\t\t\t\t<\/div>\n\t\t\t\t<section class=\"elementor-section elementor-inner-section elementor-element elementor-element-30c45d15 elementor-section-boxed elementor-section-height-default elementor-section-height-default\" data-id=\"30c45d15\" data-element_type=\"section\">\n\t\t\t\t\t\t<div class=\"elementor-container elementor-column-gap-no\">\n\t\t\t\t\t<div class=\"elementor-column elementor-col-100 elementor-inner-column elementor-element elementor-element-18c03d5e\" data-id=\"18c03d5e\" data-element_type=\"column\">\n\t\t\t<div class=\"elementor-widget-wrap elementor-element-populated\">\n\t\t\t\t\t\t<div class=\"elementor-element elementor-element-1161095c elementor-widget elementor-widget-heading\" data-id=\"1161095c\" data-element_type=\"widget\" data-widget_type=\"heading.default\">\n\t\t\t\t<div class=\"elementor-widget-container\">\n\t\t\t\t\t<h4 class=\"elementor-heading-title elementor-size-default\">Adquiere servicios TI administrados de primer nivel.<\/h4>\t\t\t\t<\/div>\n\t\t\t\t<\/div>\n\t\t\t\t<div class=\"elementor-element elementor-element-cf69433 elementor-widget elementor-widget-text-editor\" data-id=\"cf69433\" data-element_type=\"widget\" data-widget_type=\"text-editor.default\">\n\t\t\t\t<div class=\"elementor-widget-container\">\n\t\t\t\t\t\t\t\t\t<p>Somos uno de los principales proveedores de servicios administrados TI, ayud\u00e1ndolo a obtener una ventaja competitiva esencial para el crecimiento de su negocio, nuestros servicios se han dise\u00f1ado para satisfacer desde soluciones completas de infraestructura, hasta administraci\u00f3n de terminales.<\/p>\t\t\t\t\t\t\t\t<\/div>\n\t\t\t\t<\/div>\n\t\t\t\t<div class=\"elementor-element elementor-element-7fd470b5 elementor-widget elementor-widget-text-editor\" data-id=\"7fd470b5\" data-element_type=\"widget\" data-widget_type=\"text-editor.default\">\n\t\t\t\t<div class=\"elementor-widget-container\">\n\t\t\t\t\t\t\t\t\t<p>Nuestras soluciones incluyen:<\/p><p><strong>Estrategia TI<\/strong><\/p><p>Actualmente las organizaciones requieren de servicios TI personalizados, por lo que es imperativo seleccionar la mejor asesor\u00eda para su infraestructura, nuestras consultor\u00edas proporcionan esa experiencia que enfocar\u00e1 su negocio al siguiente nivel.<\/p><p>C3X Solutions es el aliado perfecto, brind\u00e1ndole el asesoramiento, estrategia, planificaci\u00f3n, seguridad, gesti\u00f3n de riesgos y an\u00e1lisis de flujo de trabajo que su empresa necesita<\/p><p><strong>Seguridad de la informaci\u00f3n<\/strong><\/p><p>La ciberseguridad es la funci\u00f3n m\u00e1s importante para toda empresa, por encima de cualquier funci\u00f3n comercial, sin seguridad cibern\u00e9tica, es como tener un local comercial con las puertas abiertas, vulnerable a intrusos. Por ello en C3X Solutions nos enfocamos en brindar toda una soluci\u00f3n integral de ciberseguridad, con servicios de alta gama como:<\/p><ul><li class=\"p1\">Sistemas de recuperaci\u00f3n de datos<\/li><li class=\"p1\">Redundancias<\/li><li class=\"p1\">Antispam<\/li><li class=\"p1\">Antivirus administrado<\/li><li class=\"p1\">Monitoreo<\/li><li class=\"p2\">An\u00e1lisis de tr\u00e1fico de datos<\/li><\/ul><p><br \/>Mejore la seguridad de su organizaci\u00f3n con los servicios de soporte de TI gestionados de C3X Solutions.<\/p>\t\t\t\t\t\t\t\t<\/div>\n\t\t\t\t<\/div>\n\t\t\t\t\t<\/div>\n\t\t<\/div>\n\t\t\t\t\t<\/div>\n\t\t<\/section>\n\t\t\t\t<section class=\"elementor-section elementor-inner-section elementor-element elementor-element-4c72de0b elementor-section-boxed elementor-section-height-default elementor-section-height-default\" data-id=\"4c72de0b\" data-element_type=\"section\">\n\t\t\t\t\t\t<div class=\"elementor-container elementor-column-gap-no\">\n\t\t\t\t\t<div class=\"elementor-column elementor-col-50 elementor-inner-column elementor-element elementor-element-415ab9fd\" data-id=\"415ab9fd\" data-element_type=\"column\">\n\t\t\t<div class=\"elementor-widget-wrap elementor-element-populated\">\n\t\t\t\t\t\t<div class=\"elementor-element elementor-element-64b11167 elementor-widget elementor-widget-image\" data-id=\"64b11167\" data-element_type=\"widget\" data-widget_type=\"image.default\">\n\t\t\t\t<div class=\"elementor-widget-container\">\n\t\t\t\t\t\t\t\t\t\t\t\t\t\t\t<img decoding=\"async\" width=\"2000\" height=\"1333\" src=\"https:\/\/c3xsolutions.net\/wp-content\/uploads\/2022\/09\/it-support-operator-answering-question-using-headset.jpg\" class=\"attachment-full size-full wp-image-940\" alt=\"IT support operator answering question using headset\" srcset=\"https:\/\/c3xsolutions.net\/wp-content\/uploads\/2022\/09\/it-support-operator-answering-question-using-headset.jpg 2000w, https:\/\/c3xsolutions.net\/wp-content\/uploads\/2022\/09\/it-support-operator-answering-question-using-headset-300x200.jpg 300w, https:\/\/c3xsolutions.net\/wp-content\/uploads\/2022\/09\/it-support-operator-answering-question-using-headset-1024x682.jpg 1024w, https:\/\/c3xsolutions.net\/wp-content\/uploads\/2022\/09\/it-support-operator-answering-question-using-headset-768x512.jpg 768w, https:\/\/c3xsolutions.net\/wp-content\/uploads\/2022\/09\/it-support-operator-answering-question-using-headset-1536x1024.jpg 1536w, https:\/\/c3xsolutions.net\/wp-content\/uploads\/2022\/09\/it-support-operator-answering-question-using-headset-18x12.jpg 18w\" sizes=\"(max-width: 2000px) 100vw, 2000px\" \/>\t\t\t\t\t\t\t\t\t\t\t\t\t\t\t<\/div>\n\t\t\t\t<\/div>\n\t\t\t\t\t<\/div>\n\t\t<\/div>\n\t\t\t\t<div class=\"elementor-column elementor-col-50 elementor-inner-column elementor-element elementor-element-470beec4\" data-id=\"470beec4\" data-element_type=\"column\">\n\t\t\t<div class=\"elementor-widget-wrap elementor-element-populated\">\n\t\t\t\t\t\t<div class=\"elementor-element elementor-element-7267ec8b elementor-widget elementor-widget-heading\" data-id=\"7267ec8b\" data-element_type=\"widget\" data-widget_type=\"heading.default\">\n\t\t\t\t<div class=\"elementor-widget-container\">\n\t\t\t\t\t<h4 class=\"elementor-heading-title elementor-size-default\">Soporte y gesti\u00f3n TI<\/h4>\t\t\t\t<\/div>\n\t\t\t\t<\/div>\n\t\t\t\t<div class=\"elementor-element elementor-element-49ec92cc elementor-widget elementor-widget-text-editor\" data-id=\"49ec92cc\" data-element_type=\"widget\" data-widget_type=\"text-editor.default\">\n\t\t\t\t<div class=\"elementor-widget-container\">\n\t\t\t\t\t\t\t\t\t<p>Aunque todos los negocios operen de diferente manera, lo cierto es, que su infraestructura y su red TI son la m\u00e9dula espinal de sus operaciones comerciales y mantenerla en optimas condiciones es una prioridad para el \u00e9xito, por lo que, en C3X Solutions le brindamos servicios de administraci\u00f3n de punta a punta cubriendo todas las aristas como:<\/p><ul><li class=\"p1\">Nube<\/li><li class=\"p1\">Servidores<\/li><li class=\"p1\">Impresoras<\/li><li class=\"p1\">Dispositivos finales<\/li><li class=\"p1\">Dispositivos de red<\/li><li class=\"p1\">Impresoras<\/li><li class=\"p1\">CPU<\/li><li class=\"p2\">Laptops<\/li><\/ul><p>Nuestros servicios incluyen un equipo de profesionales altamente calificados en toda la administraci\u00f3n competente, adem\u00e1s de m\u00faltiples complementos de atenci\u00f3n en todo el tema de dise\u00f1o y puesta en marcha.<\/p><p>Tambi\u00e9n ofrecemos soporte de TI de emergencia a empresas que experimentan problemas con su tecnolog\u00eda empresarial.<\/p>\t\t\t\t\t\t\t\t<\/div>\n\t\t\t\t<\/div>\n\t\t\t\t\t<\/div>\n\t\t<\/div>\n\t\t\t\t\t<\/div>\n\t\t<\/section>\n\t\t\t\t<section class=\"elementor-section elementor-inner-section elementor-element elementor-element-627552a0 elementor-section-boxed elementor-section-height-default elementor-section-height-default\" data-id=\"627552a0\" data-element_type=\"section\">\n\t\t\t\t\t\t<div class=\"elementor-container elementor-column-gap-no\">\n\t\t\t\t\t<div class=\"elementor-column elementor-col-100 elementor-inner-column elementor-element elementor-element-275f3f28\" data-id=\"275f3f28\" data-element_type=\"column\">\n\t\t\t<div class=\"elementor-widget-wrap elementor-element-populated\">\n\t\t\t\t\t\t<div class=\"elementor-element elementor-element-3af69bc1 elementor-widget elementor-widget-heading\" data-id=\"3af69bc1\" data-element_type=\"widget\" data-widget_type=\"heading.default\">\n\t\t\t\t<div class=\"elementor-widget-container\">\n\t\t\t\t\t<h4 class=\"elementor-heading-title elementor-size-default\">\u00bfCu\u00e1les son algunos de nuestros beneficios?<\/h4>\t\t\t\t<\/div>\n\t\t\t\t<\/div>\n\t\t\t\t<div class=\"elementor-element elementor-element-debd5a9 elementor-widget elementor-widget-text-editor\" data-id=\"debd5a9\" data-element_type=\"widget\" data-widget_type=\"text-editor.default\">\n\t\t\t\t<div class=\"elementor-widget-container\">\n\t\t\t\t\t\t\t\t\t<ul><li class=\"p1\">Acceso a profesionales calificados en cada \u00e1mbito de TI, con todas las certificaciones y atestados que los faculta a brindar la mejor asesor\u00eda.<\/li><li class=\"p1\">M\u00faltiples herramientas de administraci\u00f3n para la nube<\/li><li class=\"p1\">Reciba acceso y soporte profesional los 24\/7\/365<\/li><li class=\"p1\">Administraci\u00f3n o coadministraci\u00f3n seg\u00fan su necesidad<\/li><li class=\"p1\">Escalabilidad flexible, permitiendo el incremento o la reducci\u00f3n en personal e infraestructura<\/li><li class=\"p1\">Mejoramiento de procesos mediante las practicas ITIL v3<\/li><li class=\"p2\">An\u00e1lisis de costos preciso de acuerdo con los servicios que su negocio necesite.<\/li><\/ul>\t\t\t\t\t\t\t\t<\/div>\n\t\t\t\t<\/div>\n\t\t\t\t<div class=\"elementor-element elementor-element-74b2002c elementor-widget elementor-widget-text-editor\" data-id=\"74b2002c\" data-element_type=\"widget\" data-widget_type=\"text-editor.default\">\n\t\t\t\t<div class=\"elementor-widget-container\">\n\t\t\t\t\t\t\t\t\t<p>Con C3X Solutions potencie su negocio con nuestro servicios TI administrados.<\/p><p>Alineamos sus objetivos estrat\u00e9gicos con nuestros servicios, creando una sinergia e impulso hacia el \u00e9xito para su negocio.<\/p><p>En C3X Solutions somos su aliado comercial, creando ventajas como escalabilidad, a medida que su negocio crece, nosotros te gestionamos lo necesario para que su operaci\u00f3n comercial no se vea afectada.<\/p><p>No se preocupe por los recursos TI, para ello estamos nosotros, usted enf\u00f3quese en lo que realmente su negocio ocupa, que es crecer.<\/p>\t\t\t\t\t\t\t\t<\/div>\n\t\t\t\t<\/div>\n\t\t\t\t\t<\/div>\n\t\t<\/div>\n\t\t\t\t\t<\/div>\n\t\t<\/section>\n\t\t\t\t\t<\/div>\n\t\t<\/div>\n\t\t\t\t\t<\/div>\n\t\t<\/section>\n\t\t\t\t<\/div>","protected":false},"excerpt":{"rendered":"<p>\/*! elementor &#8211; v3.14.0 &#8211; 18-06-2023 *\/ .elementor-heading-title{padding:0;margin:0;line-height:1}.elementor-widget-heading .elementor-heading-title[class*=elementor-size-]&gt;a{color:inherit;font-size:inherit;line-height:inherit}.elementor-widget-heading .elementor-heading-title.elementor-size-small{font-size:15px}.elementor-widget-heading .elementor-heading-title.elementor-size-medium{font-size:19px}.elementor-widget-heading .elementor-heading-title.elementor-size-large{font-size:29px}.elementor-widget-heading .elementor-heading-title.elementor-size-xl{font-size:39px}.elementor-widget-heading .elementor-heading-title.elementor-size-xxl{font-size:59px} All Services Communication and Collaboration End-user services Managed IT Solutions Cloud Infrastructure Management Cybersecurity Disaster Recovery \/*! elementor &#8211; v3.14.0 &#8211; 18-06-2023 *\/ .elementor-widget-image{text-align:center}.elementor-widget-image a{display:inline-block}.elementor-widget-image a img[src$=&#8221;.svg&#8221;]{width:48px}.elementor-widget-image img{vertical-align:middle;display:inline-block} Acquire world-class managed IT services We are one of the leading providers of [&hellip;]<\/p>","protected":false},"author":4,"featured_media":0,"parent":0,"menu_order":0,"comment_status":"closed","ping_status":"closed","template":"","meta":{"footnotes":""},"class_list":["post-167","page","type-page","status-publish","hentry"],"_links":{"self":[{"href":"https:\/\/c3xsolutions.net\/es\/wp-json\/wp\/v2\/pages\/167","targetHints":{"allow":["GET"]}}],"collection":[{"href":"https:\/\/c3xsolutions.net\/es\/wp-json\/wp\/v2\/pages"}],"about":[{"href":"https:\/\/c3xsolutions.net\/es\/wp-json\/wp\/v2\/types\/page"}],"author":[{"embeddable":true,"href":"https:\/\/c3xsolutions.net\/es\/wp-json\/wp\/v2\/users\/4"}],"replies":[{"embeddable":true,"href":"https:\/\/c3xsolutions.net\/es\/wp-json\/wp\/v2\/comments?post=167"}],"version-history":[{"count":31,"href":"https:\/\/c3xsolutions.net\/es\/wp-json\/wp\/v2\/pages\/167\/revisions"}],"predecessor-version":[{"id":1164,"href":"https:\/\/c3xsolutions.net\/es\/wp-json\/wp\/v2\/pages\/167\/revisions\/1164"}],"wp:attachment":[{"href":"https:\/\/c3xsolutions.net\/es\/wp-json\/wp\/v2\/media?parent=167"}],"curies":[{"name":"wp","href":"https:\/\/api.w.org\/{rel}","templated":true}]}}