{"id":163,"date":"2022-09-01T19:19:34","date_gmt":"2022-09-01T19:19:34","guid":{"rendered":"https:\/\/c3xsolutions.net\/?page_id=163"},"modified":"2023-08-16T16:14:12","modified_gmt":"2023-08-16T16:14:12","slug":"communication-and-collaboration","status":"publish","type":"page","link":"https:\/\/c3xsolutions.net\/es\/comunicacion-y-colaboracion\/","title":{"rendered":"Comunicaci\u00f3n y Colaboraci\u00f3n"},"content":{"rendered":"<div data-elementor-type=\"wp-page\" data-elementor-id=\"163\" class=\"elementor elementor-163\" data-elementor-post-type=\"page\">\n\t\t\t\t\t\t<section class=\"elementor-section elementor-top-section elementor-element elementor-element-4d79dcd1 elementor-section-height-min-height elementor-section-boxed elementor-section-height-default elementor-section-items-middle\" data-id=\"4d79dcd1\" data-element_type=\"section\" data-settings=\"{&quot;background_background&quot;:&quot;classic&quot;}\">\n\t\t\t\t\t\t\t<div class=\"elementor-background-overlay\"><\/div>\n\t\t\t\t\t\t\t<div class=\"elementor-container elementor-column-gap-no\">\n\t\t\t\t\t<div class=\"elementor-column elementor-col-100 elementor-top-column elementor-element elementor-element-433fcf09\" data-id=\"433fcf09\" data-element_type=\"column\">\n\t\t\t<div class=\"elementor-widget-wrap elementor-element-populated\">\n\t\t\t\t\t\t\t<\/div>\n\t\t<\/div>\n\t\t\t\t\t<\/div>\n\t\t<\/section>\n\t\t\t\t<section class=\"elementor-section elementor-top-section elementor-element elementor-element-3be381d2 elementor-section-boxed elementor-section-height-default elementor-section-height-default\" data-id=\"3be381d2\" data-element_type=\"section\">\n\t\t\t\t\t\t<div class=\"elementor-container elementor-column-gap-no\">\n\t\t\t\t\t<div class=\"elementor-column elementor-col-33 elementor-top-column elementor-element elementor-element-3e110c20\" data-id=\"3e110c20\" data-element_type=\"column\">\n\t\t\t<div class=\"elementor-widget-wrap elementor-element-populated\">\n\t\t\t\t\t\t<section class=\"elementor-section elementor-inner-section elementor-element elementor-element-2ae07883 elementor-section-boxed elementor-section-height-default elementor-section-height-default\" data-id=\"2ae07883\" data-element_type=\"section\" data-settings=\"{&quot;background_background&quot;:&quot;classic&quot;}\">\n\t\t\t\t\t\t<div class=\"elementor-container elementor-column-gap-no\">\n\t\t\t\t\t<div class=\"elementor-column elementor-col-100 elementor-inner-column elementor-element elementor-element-999146a\" data-id=\"999146a\" data-element_type=\"column\">\n\t\t\t<div class=\"elementor-widget-wrap elementor-element-populated\">\n\t\t\t\t\t\t<div class=\"elementor-element elementor-element-4ef788f elementor-widget elementor-widget-heading\" data-id=\"4ef788f\" data-element_type=\"widget\" data-widget_type=\"heading.default\">\n\t\t\t\t<div class=\"elementor-widget-container\">\n\t\t\t\t\t<h5 class=\"elementor-heading-title elementor-size-default\">Todos los servicios<\/h5>\t\t\t\t<\/div>\n\t\t\t\t<\/div>\n\t\t\t\t<div class=\"elementor-element elementor-element-7ea5b64a elementor-align-justify elementor-widget elementor-widget-button\" data-id=\"7ea5b64a\" data-element_type=\"widget\" data-widget_type=\"button.default\">\n\t\t\t\t<div class=\"elementor-widget-container\">\n\t\t\t\t\t\t\t\t\t<div class=\"elementor-button-wrapper\">\n\t\t\t\t\t<a class=\"elementor-button elementor-button-link elementor-size-sm\" href=\"https:\/\/c3xsolutions.net\/index.php\/communication-and-collaboration\/\">\n\t\t\t\t\t\t<span class=\"elementor-button-content-wrapper\">\n\t\t\t\t\t\t\t\t\t<span class=\"elementor-button-text\">Comunicaci\u00f3n y Colaboraci\u00f3n<\/span>\n\t\t\t\t\t<\/span>\n\t\t\t\t\t<\/a>\n\t\t\t\t<\/div>\n\t\t\t\t\t\t\t\t<\/div>\n\t\t\t\t<\/div>\n\t\t\t\t<div class=\"elementor-element elementor-element-604211bb elementor-align-justify elementor-widget elementor-widget-button\" data-id=\"604211bb\" data-element_type=\"widget\" data-widget_type=\"button.default\">\n\t\t\t\t<div class=\"elementor-widget-container\">\n\t\t\t\t\t\t\t\t\t<div class=\"elementor-button-wrapper\">\n\t\t\t\t\t<a class=\"elementor-button elementor-button-link elementor-size-sm\" href=\"https:\/\/c3xsolutions.net\/index.php\/end-user-services\/\">\n\t\t\t\t\t\t<span class=\"elementor-button-content-wrapper\">\n\t\t\t\t\t\t\t\t\t<span class=\"elementor-button-text\">Servicios de Usuario Final<\/span>\n\t\t\t\t\t<\/span>\n\t\t\t\t\t<\/a>\n\t\t\t\t<\/div>\n\t\t\t\t\t\t\t\t<\/div>\n\t\t\t\t<\/div>\n\t\t\t\t<div class=\"elementor-element elementor-element-4b5d5f77 elementor-align-justify elementor-widget elementor-widget-button\" data-id=\"4b5d5f77\" data-element_type=\"widget\" data-widget_type=\"button.default\">\n\t\t\t\t<div class=\"elementor-widget-container\">\n\t\t\t\t\t\t\t\t\t<div class=\"elementor-button-wrapper\">\n\t\t\t\t\t<a class=\"elementor-button elementor-button-link elementor-size-sm\" href=\"https:\/\/c3xsolutions.net\/index.php\/managed-it-solutions\/\">\n\t\t\t\t\t\t<span class=\"elementor-button-content-wrapper\">\n\t\t\t\t\t\t\t\t\t<span class=\"elementor-button-text\">Soluciones TI Gestionadas<\/span>\n\t\t\t\t\t<\/span>\n\t\t\t\t\t<\/a>\n\t\t\t\t<\/div>\n\t\t\t\t\t\t\t\t<\/div>\n\t\t\t\t<\/div>\n\t\t\t\t<div class=\"elementor-element elementor-element-3f2bcd09 elementor-align-justify elementor-widget elementor-widget-button\" data-id=\"3f2bcd09\" data-element_type=\"widget\" data-widget_type=\"button.default\">\n\t\t\t\t<div class=\"elementor-widget-container\">\n\t\t\t\t\t\t\t\t\t<div class=\"elementor-button-wrapper\">\n\t\t\t\t\t<a class=\"elementor-button elementor-button-link elementor-size-sm\" href=\"https:\/\/c3xsolutions.net\/index.php\/cloud\/\">\n\t\t\t\t\t\t<span class=\"elementor-button-content-wrapper\">\n\t\t\t\t\t\t\t\t\t<span class=\"elementor-button-text\">Nube<\/span>\n\t\t\t\t\t<\/span>\n\t\t\t\t\t<\/a>\n\t\t\t\t<\/div>\n\t\t\t\t\t\t\t\t<\/div>\n\t\t\t\t<\/div>\n\t\t\t\t<div class=\"elementor-element elementor-element-1e20f43b elementor-align-justify elementor-widget elementor-widget-button\" data-id=\"1e20f43b\" data-element_type=\"widget\" data-widget_type=\"button.default\">\n\t\t\t\t<div class=\"elementor-widget-container\">\n\t\t\t\t\t\t\t\t\t<div class=\"elementor-button-wrapper\">\n\t\t\t\t\t<a class=\"elementor-button elementor-button-link elementor-size-sm\" href=\"https:\/\/c3xsolutions.net\/index.php\/infrastructure-management\/\">\n\t\t\t\t\t\t<span class=\"elementor-button-content-wrapper\">\n\t\t\t\t\t\t\t\t\t<span class=\"elementor-button-text\">Gesti\u00f3n de Infraestructura<\/span>\n\t\t\t\t\t<\/span>\n\t\t\t\t\t<\/a>\n\t\t\t\t<\/div>\n\t\t\t\t\t\t\t\t<\/div>\n\t\t\t\t<\/div>\n\t\t\t\t<div class=\"elementor-element elementor-element-e00e17e elementor-align-justify elementor-widget elementor-widget-button\" data-id=\"e00e17e\" data-element_type=\"widget\" data-widget_type=\"button.default\">\n\t\t\t\t<div class=\"elementor-widget-container\">\n\t\t\t\t\t\t\t\t\t<div class=\"elementor-button-wrapper\">\n\t\t\t\t\t<a class=\"elementor-button elementor-button-link elementor-size-sm\" href=\"https:\/\/c3xsolutions.net\/index.php\/cibersecurity\/\">\n\t\t\t\t\t\t<span class=\"elementor-button-content-wrapper\">\n\t\t\t\t\t\t\t\t\t<span class=\"elementor-button-text\">Ciberseguridad<\/span>\n\t\t\t\t\t<\/span>\n\t\t\t\t\t<\/a>\n\t\t\t\t<\/div>\n\t\t\t\t\t\t\t\t<\/div>\n\t\t\t\t<\/div>\n\t\t\t\t<div class=\"elementor-element elementor-element-a3588de elementor-align-justify elementor-widget elementor-widget-button\" data-id=\"a3588de\" data-element_type=\"widget\" data-widget_type=\"button.default\">\n\t\t\t\t<div class=\"elementor-widget-container\">\n\t\t\t\t\t\t\t\t\t<div class=\"elementor-button-wrapper\">\n\t\t\t\t\t<a class=\"elementor-button elementor-button-link elementor-size-sm\" href=\"https:\/\/c3xsolutions.net\/index.php\/disaster-recovery\/\">\n\t\t\t\t\t\t<span class=\"elementor-button-content-wrapper\">\n\t\t\t\t\t\t\t\t\t<span class=\"elementor-button-text\">Recuperaci\u00f3n ante desastres<\/span>\n\t\t\t\t\t<\/span>\n\t\t\t\t\t<\/a>\n\t\t\t\t<\/div>\n\t\t\t\t\t\t\t\t<\/div>\n\t\t\t\t<\/div>\n\t\t\t\t\t<\/div>\n\t\t<\/div>\n\t\t\t\t\t<\/div>\n\t\t<\/section>\n\t\t\t\t\t<\/div>\n\t\t<\/div>\n\t\t\t\t<div class=\"elementor-column elementor-col-66 elementor-top-column elementor-element elementor-element-2548e0a0\" data-id=\"2548e0a0\" data-element_type=\"column\">\n\t\t\t<div class=\"elementor-widget-wrap elementor-element-populated\">\n\t\t\t\t\t\t<div class=\"elementor-element elementor-element-2e77fc4f elementor-widget elementor-widget-image\" data-id=\"2e77fc4f\" data-element_type=\"widget\" data-widget_type=\"image.default\">\n\t\t\t\t<div class=\"elementor-widget-container\">\n\t\t\t\t\t\t\t\t\t\t\t\t\t\t\t<img fetchpriority=\"high\" decoding=\"async\" width=\"2000\" height=\"1085\" src=\"https:\/\/c3xsolutions.net\/wp-content\/uploads\/2022\/09\/young-business-team-working.jpg\" class=\"attachment-full size-full wp-image-832\" alt=\"Young business team working\" srcset=\"https:\/\/c3xsolutions.net\/wp-content\/uploads\/2022\/09\/young-business-team-working.jpg 2000w, https:\/\/c3xsolutions.net\/wp-content\/uploads\/2022\/09\/young-business-team-working-300x163.jpg 300w, https:\/\/c3xsolutions.net\/wp-content\/uploads\/2022\/09\/young-business-team-working-1024x556.jpg 1024w, https:\/\/c3xsolutions.net\/wp-content\/uploads\/2022\/09\/young-business-team-working-768x417.jpg 768w, https:\/\/c3xsolutions.net\/wp-content\/uploads\/2022\/09\/young-business-team-working-1536x833.jpg 1536w, https:\/\/c3xsolutions.net\/wp-content\/uploads\/2022\/09\/young-business-team-working-18x10.jpg 18w\" sizes=\"(max-width: 2000px) 100vw, 2000px\" \/>\t\t\t\t\t\t\t\t\t\t\t\t\t\t\t<\/div>\n\t\t\t\t<\/div>\n\t\t\t\t<section class=\"elementor-section elementor-inner-section elementor-element elementor-element-35553904 elementor-section-boxed elementor-section-height-default elementor-section-height-default\" data-id=\"35553904\" data-element_type=\"section\">\n\t\t\t\t\t\t<div class=\"elementor-container elementor-column-gap-no\">\n\t\t\t\t\t<div class=\"elementor-column elementor-col-100 elementor-inner-column elementor-element elementor-element-1f9b949a\" data-id=\"1f9b949a\" data-element_type=\"column\">\n\t\t\t<div class=\"elementor-widget-wrap elementor-element-populated\">\n\t\t\t\t\t\t<div class=\"elementor-element elementor-element-44b4e989 elementor-widget elementor-widget-heading\" data-id=\"44b4e989\" data-element_type=\"widget\" data-widget_type=\"heading.default\">\n\t\t\t\t<div class=\"elementor-widget-container\">\n\t\t\t\t\t<h4 class=\"elementor-heading-title elementor-size-default\">Conecte a su personal con las soluciones de comunicaci\u00f3n y colaboraci\u00f3n administrables y optimizadas de C3X Solutions.<\/h4>\t\t\t\t<\/div>\n\t\t\t\t<\/div>\n\t\t\t\t<div class=\"elementor-element elementor-element-3f6652bf elementor-widget elementor-widget-text-editor\" data-id=\"3f6652bf\" data-element_type=\"widget\" data-widget_type=\"text-editor.default\">\n\t\t\t\t<div class=\"elementor-widget-container\">\n\t\t\t\t\t\t\t\t\t<p>Actualmente estamos inmersos en un mundo tecnol\u00f3gico donde las personas requieren estar m\u00e1s conectados que nunca, y en C3X Solutions implementamos soluciones de comunicaci\u00f3n y colaboraci\u00f3n rentables, escalables y con una amplia gama de funciones.<\/p>\t\t\t\t\t\t\t\t<\/div>\n\t\t\t\t<\/div>\n\t\t\t\t<div class=\"elementor-element elementor-element-112df920 elementor-widget elementor-widget-text-editor\" data-id=\"112df920\" data-element_type=\"widget\" data-widget_type=\"text-editor.default\">\n\t\t\t\t<div class=\"elementor-widget-container\">\n\t\t\t\t\t\t\t\t\t<p>Si sus soluciones de colaboraci\u00f3n est\u00e1n distribuidas, esto puede provocar malas gestiones de tiempo, productividad, exceso de costos y falta de control en el personal, en C3X Solutions administramos soluciones seguras, garantizando un punto de control de sus operaciones para que sus departamentos de TI se enfoquen en iniciativas m\u00e1s estrat\u00e9gicas.<\/p>\t\t\t\t\t\t\t\t<\/div>\n\t\t\t\t<\/div>\n\t\t\t\t\t<\/div>\n\t\t<\/div>\n\t\t\t\t\t<\/div>\n\t\t<\/section>\n\t\t\t\t<section class=\"elementor-section elementor-inner-section elementor-element elementor-element-12261694 elementor-section-boxed elementor-section-height-default elementor-section-height-default\" data-id=\"12261694\" data-element_type=\"section\">\n\t\t\t\t\t\t<div class=\"elementor-container elementor-column-gap-no\">\n\t\t\t\t\t<div class=\"elementor-column elementor-col-50 elementor-inner-column elementor-element elementor-element-7311262\" data-id=\"7311262\" data-element_type=\"column\">\n\t\t\t<div class=\"elementor-widget-wrap elementor-element-populated\">\n\t\t\t\t\t\t<div class=\"elementor-element elementor-element-3c6e172d elementor-widget elementor-widget-image\" data-id=\"3c6e172d\" data-element_type=\"widget\" data-widget_type=\"image.default\">\n\t\t\t\t<div class=\"elementor-widget-container\">\n\t\t\t\t\t\t\t\t\t\t\t\t\t\t\t<img decoding=\"async\" width=\"2000\" height=\"1124\" src=\"https:\/\/c3xsolutions.net\/wp-content\/uploads\/2022\/09\/programer-team-working-in-modern-office.jpg\" class=\"attachment-full size-full wp-image-841\" alt=\"Programer team working in modern office\" srcset=\"https:\/\/c3xsolutions.net\/wp-content\/uploads\/2022\/09\/programer-team-working-in-modern-office.jpg 2000w, https:\/\/c3xsolutions.net\/wp-content\/uploads\/2022\/09\/programer-team-working-in-modern-office-300x169.jpg 300w, https:\/\/c3xsolutions.net\/wp-content\/uploads\/2022\/09\/programer-team-working-in-modern-office-1024x575.jpg 1024w, https:\/\/c3xsolutions.net\/wp-content\/uploads\/2022\/09\/programer-team-working-in-modern-office-768x432.jpg 768w, https:\/\/c3xsolutions.net\/wp-content\/uploads\/2022\/09\/programer-team-working-in-modern-office-1536x863.jpg 1536w, https:\/\/c3xsolutions.net\/wp-content\/uploads\/2022\/09\/programer-team-working-in-modern-office-18x10.jpg 18w\" sizes=\"(max-width: 2000px) 100vw, 2000px\" \/>\t\t\t\t\t\t\t\t\t\t\t\t\t\t\t<\/div>\n\t\t\t\t<\/div>\n\t\t\t\t\t<\/div>\n\t\t<\/div>\n\t\t\t\t<div class=\"elementor-column elementor-col-50 elementor-inner-column elementor-element elementor-element-5241b31\" data-id=\"5241b31\" data-element_type=\"column\">\n\t\t\t<div class=\"elementor-widget-wrap elementor-element-populated\">\n\t\t\t\t\t\t<div class=\"elementor-element elementor-element-4db29e5a elementor-widget elementor-widget-text-editor\" data-id=\"4db29e5a\" data-element_type=\"widget\" data-widget_type=\"text-editor.default\">\n\t\t\t\t<div class=\"elementor-widget-container\">\n\t\t\t\t\t\t\t\t\t<p>En C3X Solutions ofrecemos una gran variedad de soluciones para que su negocio este conectado, nuestras alianzas comerciales y experiencia nos brindan todos los conocimientos para implementar a nuestros clientes la soluci\u00f3n adecuada, asegurando:<\/p><ul><li class=\"p1\">Movilidad de su compa\u00f1\u00eda<\/li><li class=\"p1\">Minimizando la complejidad<\/li><li class=\"p2\">Continuidad del negocio<\/li><\/ul>\t\t\t\t\t\t\t\t<\/div>\n\t\t\t\t<\/div>\n\t\t\t\t<div class=\"elementor-element elementor-element-4e05a464 elementor-widget elementor-widget-text-editor\" data-id=\"4e05a464\" data-element_type=\"widget\" data-widget_type=\"text-editor.default\">\n\t\t\t\t<div class=\"elementor-widget-container\">\n\t\t\t\t\t\t\t\t\t<p>Nuestras soluciones incluyen una propuesta \u00fanica donde nuestros equipos est\u00e1n integrados con mensajer\u00eda, video, voz y comunicaciones en la nube (USaaS).<\/p><ul><li class=\"p1\">N\u00fameros telef\u00f3nicos gratuitos<\/li><li class=\"p1\">Aplicaciones m\u00f3viles<\/li><li class=\"p1\">Softphones y escritorios<\/li><li class=\"p1\">Mensajer\u00eda<\/li><li class=\"p1\">Videoconferencias<\/li><li class=\"p2\">PBX<\/li><\/ul>\t\t\t\t\t\t\t\t<\/div>\n\t\t\t\t<\/div>\n\t\t\t\t\t<\/div>\n\t\t<\/div>\n\t\t\t\t\t<\/div>\n\t\t<\/section>\n\t\t\t\t<section class=\"elementor-section elementor-inner-section elementor-element elementor-element-8d76a03 elementor-section-boxed elementor-section-height-default elementor-section-height-default\" data-id=\"8d76a03\" data-element_type=\"section\">\n\t\t\t\t\t\t<div class=\"elementor-container elementor-column-gap-no\">\n\t\t\t\t\t<div class=\"elementor-column elementor-col-50 elementor-inner-column elementor-element elementor-element-ff24183\" data-id=\"ff24183\" data-element_type=\"column\">\n\t\t\t<div class=\"elementor-widget-wrap elementor-element-populated\">\n\t\t\t\t\t\t<div class=\"elementor-element elementor-element-b6c5225 elementor-widget elementor-widget-text-editor\" data-id=\"b6c5225\" data-element_type=\"widget\" data-widget_type=\"text-editor.default\">\n\t\t\t\t<div class=\"elementor-widget-container\">\n\t\t\t\t\t\t\t\t\t<p>Nuestras soluciones de centro de contacto como servicio lo apoyan a comunicarse con sus clientes de una manera fluida, permitiendo una comunicaci\u00f3n de alta calidad entrante y saliente con sus clientes y posibles prospectos.<\/p><p>Incluyen:<\/p><p class=\"p1\">Historial de la cuenta del cliente<\/p><ul><li class=\"p1\">Acceso a informaci\u00f3n bajo demanda<\/li><li class=\"p1\">Integraciones CRM<\/li><li class=\"p1\">Desv\u00edo inteligente de llamadas<\/li><li class=\"p2\">Canales de redes sociales, correo electr\u00f3nico, chat y voz<\/li><\/ul>\t\t\t\t\t\t\t\t<\/div>\n\t\t\t\t<\/div>\n\t\t\t\t<div class=\"elementor-element elementor-element-e30f055 elementor-widget elementor-widget-text-editor\" data-id=\"e30f055\" data-element_type=\"widget\" data-widget_type=\"text-editor.default\">\n\t\t\t\t<div class=\"elementor-widget-container\">\n\t\t\t\t\t\t\t\t\t<p>Experiencia de usuario m\u00e1s productiva, sencilla y centralizada:<\/p><ol><li class=\"p1\"><b>Administraci\u00f3n de las llamadas:<\/b> configure sus llamadas de una forma r\u00e1pida, habilite accesos, restricciones, canales de emergencia y mucho m\u00e1s.<\/li><li class=\"p1\"><b>Productividad:<\/b> sus empleados tendr\u00e1n la oportunidad de trabajar desde cualquier lugar.<\/li><li class=\"p1\"><b>Identificador:<\/b> puedes identificar y controlar las llamadas entrantes y salientes.<\/li><li class=\"p1\"><b>Centralizaci\u00f3n:<\/b> sistema centralizado por medio de marcaci\u00f3n directa.<\/li><li class=\"p1\"><b>Informes:<\/b> an\u00e1lisis detallados en tiempo real<\/li><li class=\"p1\"><b>Gesti\u00f3n:<\/b> mantenimiento \u00e1gil y sencillo de las caracter\u00edsticas y funcionalidades, atendida de forma remota.<\/li><\/ol>\t\t\t\t\t\t\t\t<\/div>\n\t\t\t\t<\/div>\n\t\t\t\t\t<\/div>\n\t\t<\/div>\n\t\t\t\t<div class=\"elementor-column elementor-col-50 elementor-inner-column elementor-element elementor-element-92dd1cf\" data-id=\"92dd1cf\" data-element_type=\"column\">\n\t\t\t<div class=\"elementor-widget-wrap elementor-element-populated\">\n\t\t\t\t\t\t<div class=\"elementor-element elementor-element-2382987 elementor-widget elementor-widget-image\" data-id=\"2382987\" data-element_type=\"widget\" data-widget_type=\"image.default\">\n\t\t\t\t<div class=\"elementor-widget-container\">\n\t\t\t\t\t\t\t\t\t\t\t\t\t\t\t<img decoding=\"async\" width=\"2000\" height=\"1333\" src=\"https:\/\/c3xsolutions.net\/wp-content\/uploads\/2022\/09\/software-web-developer-coding-html-script.jpg\" class=\"attachment-full size-full wp-image-839\" alt=\"Software web developer coding html script\" srcset=\"https:\/\/c3xsolutions.net\/wp-content\/uploads\/2022\/09\/software-web-developer-coding-html-script.jpg 2000w, https:\/\/c3xsolutions.net\/wp-content\/uploads\/2022\/09\/software-web-developer-coding-html-script-300x200.jpg 300w, https:\/\/c3xsolutions.net\/wp-content\/uploads\/2022\/09\/software-web-developer-coding-html-script-1024x682.jpg 1024w, https:\/\/c3xsolutions.net\/wp-content\/uploads\/2022\/09\/software-web-developer-coding-html-script-768x512.jpg 768w, https:\/\/c3xsolutions.net\/wp-content\/uploads\/2022\/09\/software-web-developer-coding-html-script-1536x1024.jpg 1536w, https:\/\/c3xsolutions.net\/wp-content\/uploads\/2022\/09\/software-web-developer-coding-html-script-18x12.jpg 18w\" sizes=\"(max-width: 2000px) 100vw, 2000px\" \/>\t\t\t\t\t\t\t\t\t\t\t\t\t\t\t<\/div>\n\t\t\t\t<\/div>\n\t\t\t\t\t<\/div>\n\t\t<\/div>\n\t\t\t\t\t<\/div>\n\t\t<\/section>\n\t\t\t\t\t<\/div>\n\t\t<\/div>\n\t\t\t\t\t<\/div>\n\t\t<\/section>\n\t\t\t\t<\/div>","protected":false},"excerpt":{"rendered":"<p>\/*! elementor &#8211; v3.14.0 &#8211; 18-06-2023 *\/ .elementor-heading-title{padding:0;margin:0;line-height:1}.elementor-widget-heading .elementor-heading-title[class*=elementor-size-]&gt;a{color:inherit;font-size:inherit;line-height:inherit}.elementor-widget-heading .elementor-heading-title.elementor-size-small{font-size:15px}.elementor-widget-heading .elementor-heading-title.elementor-size-medium{font-size:19px}.elementor-widget-heading .elementor-heading-title.elementor-size-large{font-size:29px}.elementor-widget-heading .elementor-heading-title.elementor-size-xl{font-size:39px}.elementor-widget-heading .elementor-heading-title.elementor-size-xxl{font-size:59px} All Services Communication and Collaboration End-user services Managed IT Solutions Cloud Infrastructure Management Cybersecurity Disaster Recovery \/*! elementor &#8211; v3.14.0 &#8211; 18-06-2023 *\/ .elementor-widget-image{text-align:center}.elementor-widget-image a{display:inline-block}.elementor-widget-image a img[src$=&#8221;.svg&#8221;]{width:48px}.elementor-widget-image img{vertical-align:middle;display:inline-block} Connect your workforce with C3X Solutions streamlined manageable communication and collaboration solutions. We [&hellip;]<\/p>","protected":false},"author":4,"featured_media":0,"parent":0,"menu_order":0,"comment_status":"closed","ping_status":"closed","template":"elementor_header_footer","meta":{"footnotes":""},"class_list":["post-163","page","type-page","status-publish","hentry"],"_links":{"self":[{"href":"https:\/\/c3xsolutions.net\/es\/wp-json\/wp\/v2\/pages\/163","targetHints":{"allow":["GET"]}}],"collection":[{"href":"https:\/\/c3xsolutions.net\/es\/wp-json\/wp\/v2\/pages"}],"about":[{"href":"https:\/\/c3xsolutions.net\/es\/wp-json\/wp\/v2\/types\/page"}],"author":[{"embeddable":true,"href":"https:\/\/c3xsolutions.net\/es\/wp-json\/wp\/v2\/users\/4"}],"replies":[{"embeddable":true,"href":"https:\/\/c3xsolutions.net\/es\/wp-json\/wp\/v2\/comments?post=163"}],"version-history":[{"count":37,"href":"https:\/\/c3xsolutions.net\/es\/wp-json\/wp\/v2\/pages\/163\/revisions"}],"predecessor-version":[{"id":1161,"href":"https:\/\/c3xsolutions.net\/es\/wp-json\/wp\/v2\/pages\/163\/revisions\/1161"}],"wp:attachment":[{"href":"https:\/\/c3xsolutions.net\/es\/wp-json\/wp\/v2\/media?parent=163"}],"curies":[{"name":"wp","href":"https:\/\/api.w.org\/{rel}","templated":true}]}}