{"id":159,"date":"2022-09-01T19:16:03","date_gmt":"2022-09-01T19:16:03","guid":{"rendered":"https:\/\/c3xsolutions.net\/?page_id=159"},"modified":"2022-09-04T19:43:50","modified_gmt":"2022-09-04T19:43:50","slug":"partnership-program","status":"publish","type":"page","link":"https:\/\/c3xsolutions.net\/es\/programa-alianzas\/","title":{"rendered":"Programa de Alianzas"},"content":{"rendered":"<div data-elementor-type=\"wp-page\" data-elementor-id=\"159\" class=\"elementor elementor-159\" data-elementor-post-type=\"page\">\n\t\t\t\t\t\t<section class=\"elementor-section elementor-top-section elementor-element elementor-element-2f6696b3 elementor-section-height-min-height elementor-section-boxed elementor-section-height-default elementor-section-items-middle\" data-id=\"2f6696b3\" data-element_type=\"section\" data-settings=\"{&quot;background_background&quot;:&quot;classic&quot;}\">\n\t\t\t\t\t\t\t<div class=\"elementor-background-overlay\"><\/div>\n\t\t\t\t\t\t\t<div class=\"elementor-container elementor-column-gap-no\">\n\t\t\t\t\t<div class=\"elementor-column elementor-col-100 elementor-top-column elementor-element elementor-element-520e4e38\" data-id=\"520e4e38\" data-element_type=\"column\">\n\t\t\t<div class=\"elementor-widget-wrap elementor-element-populated\">\n\t\t\t\t\t\t\t<\/div>\n\t\t<\/div>\n\t\t\t\t\t<\/div>\n\t\t<\/section>\n\t\t\t\t<section class=\"elementor-section elementor-top-section elementor-element elementor-element-32711cf2 elementor-section-boxed elementor-section-height-default elementor-section-height-default\" data-id=\"32711cf2\" data-element_type=\"section\">\n\t\t\t\t\t\t<div class=\"elementor-container elementor-column-gap-no\">\n\t\t\t\t\t<div class=\"elementor-column elementor-col-33 elementor-top-column elementor-element elementor-element-59006fbe\" data-id=\"59006fbe\" data-element_type=\"column\" data-settings=\"{&quot;background_background&quot;:&quot;classic&quot;}\">\n\t\t\t<div class=\"elementor-widget-wrap elementor-element-populated\">\n\t\t\t\t\t<div class=\"elementor-background-overlay\"><\/div>\n\t\t\t\t\t\t<div class=\"elementor-element elementor-element-3a7b7ce9 elementor-widget elementor-widget-heading\" data-id=\"3a7b7ce9\" data-element_type=\"widget\" data-widget_type=\"heading.default\">\n\t\t\t\t<div class=\"elementor-widget-container\">\n\t\t\t\t\t<h3 class=\"elementor-heading-title elementor-size-default\">Impulse su negocio con C3X Solutions y convi\u00e9rtase en un aliado comercial.\n<\/h3>\t\t\t\t<\/div>\n\t\t\t\t<\/div>\n\t\t\t\t<div class=\"elementor-element elementor-element-04e8da4 elementor-widget elementor-widget-text-editor\" data-id=\"04e8da4\" data-element_type=\"widget\" data-widget_type=\"text-editor.default\">\n\t\t\t\t<div class=\"elementor-widget-container\">\n\t\t\t\t\t\t\t\t\t<p>Nos preocupamos por convertir los entornos de TI de nuestros socios en ventajas competitivas, nuestro programa permite que nuestros socios mejoren sus ofertas de servicios.<\/p>\t\t\t\t\t\t\t\t<\/div>\n\t\t\t\t<\/div>\n\t\t\t\t<div class=\"elementor-element elementor-element-a955257 elementor-widget elementor-widget-image\" data-id=\"a955257\" data-element_type=\"widget\" data-widget_type=\"image.default\">\n\t\t\t\t<div class=\"elementor-widget-container\">\n\t\t\t\t\t\t\t\t\t\t\t\t\t\t\t<img fetchpriority=\"high\" decoding=\"async\" width=\"800\" height=\"533\" src=\"https:\/\/c3xsolutions.net\/wp-content\/uploads\/2022\/09\/new-partnership-1024x682.jpg\" class=\"attachment-large size-large wp-image-788\" alt=\"New partnership\" srcset=\"https:\/\/c3xsolutions.net\/wp-content\/uploads\/2022\/09\/new-partnership-1024x682.jpg 1024w, https:\/\/c3xsolutions.net\/wp-content\/uploads\/2022\/09\/new-partnership-300x200.jpg 300w, https:\/\/c3xsolutions.net\/wp-content\/uploads\/2022\/09\/new-partnership-768x512.jpg 768w, https:\/\/c3xsolutions.net\/wp-content\/uploads\/2022\/09\/new-partnership-1536x1024.jpg 1536w, https:\/\/c3xsolutions.net\/wp-content\/uploads\/2022\/09\/new-partnership-18x12.jpg 18w, https:\/\/c3xsolutions.net\/wp-content\/uploads\/2022\/09\/new-partnership.jpg 2000w\" sizes=\"(max-width: 800px) 100vw, 800px\" \/>\t\t\t\t\t\t\t\t\t\t\t\t\t\t\t<\/div>\n\t\t\t\t<\/div>\n\t\t\t\t\t<\/div>\n\t\t<\/div>\n\t\t\t\t<div class=\"elementor-column elementor-col-66 elementor-top-column elementor-element elementor-element-7d611e35\" data-id=\"7d611e35\" data-element_type=\"column\">\n\t\t\t<div class=\"elementor-widget-wrap elementor-element-populated\">\n\t\t\t\t\t\t<div class=\"elementor-element elementor-element-7af7285f elementor-widget elementor-widget-elementskit-faq\" data-id=\"7af7285f\" data-element_type=\"widget\" data-widget_type=\"elementskit-faq.default\">\n\t\t\t\t<div class=\"elementor-widget-container\">\n\t\t\t\t\t<div class=\"ekit-wid-con\" >\n                <div class=\"elementskit-single-faq elementor-repeater-item-539193c\">\n            <div class=\"elementskit-faq-header\">\n                <h2 class=\"elementskit-faq-title\">\u00bfQu\u00e9 puede esperar de C3X Solutions?<\/h2>\n            <\/div>\n            <div class=\"elementskit-faq-body\">\n                \u2022\tSomos un proveedor l\u00edder de servicios administrados<br>\n\u2022\tIngenieros certificados en cada \u00e1rea de trabajo<br>\n\u2022\tPersonal de soporte TI<br>\n\u2022\tPersonal experto para organizar y potenciar su negocio.<br>\n\u2022\tExcelentes rendimientos            <\/div>\n        <\/div>\n                <div class=\"elementskit-single-faq elementor-repeater-item-d4707aa\">\n            <div class=\"elementskit-faq-header\">\n                <h2 class=\"elementskit-faq-title\">Nuestro programa de socios en C3X Solutions incluye:<\/h2>\n            <\/div>\n            <div class=\"elementskit-faq-body\">\n                \u2022\tSoluciones de marca blanca<br>\n\u2022\tProcesos eficientes de entrega de servicios<br>\n\u2022\tGarantizamos el \u00e9xito mediante la dotaci\u00f3n de equipo certificado<br>\n\u2022\tSoporte en el equipo de ventas y mercadeo<br>\n\u2022\tOfertas, promociones y descuentos en soluciones integrales, mejorando la experiencia al cliente\n            <\/div>\n        <\/div>\n                <div class=\"elementskit-single-faq elementor-repeater-item-366eb76\">\n            <div class=\"elementskit-faq-header\">\n                <h2 class=\"elementskit-faq-title\">Explore nuestras soluciones<\/h2>\n            <\/div>\n            <div class=\"elementskit-faq-body\">\n                En C3X Solutions nos encargamos de que empresas como la suya accedan a tecnolog\u00eda moderna en las \u00e1reas de TI, nuestras soluciones est\u00e1n pensadas para que les brinden un excelente servicio a sus clientes, ya sea que gestionen:\n<br>\n\u2022\tInfraestructura de TI<br>\n\u2022\tServicios profesionales<br>\n\u2022\tColaboraci\u00f3n y comunicaci\u00f3n<br>\n\u2022\tAtenci\u00f3n a usuarios finales<br>\n\u2022\tCiberseguridad<br>\n\u2022\tU otros<br>\nSomos expertos en complementar sus ofertas de servicios para superar las expectativas de sus clientes. \n            <\/div>\n        <\/div>\n                \n    <\/div>\t\t\t\t<\/div>\n\t\t\t\t<\/div>\n\t\t\t\t\t<\/div>\n\t\t<\/div>\n\t\t\t\t\t<\/div>\n\t\t<\/section>\n\t\t\t\t<section class=\"elementor-section elementor-top-section elementor-element elementor-element-583b4c7c elementor-section-boxed elementor-section-height-default elementor-section-height-default\" data-id=\"583b4c7c\" data-element_type=\"section\" data-settings=\"{&quot;background_background&quot;:&quot;classic&quot;}\">\n\t\t\t\t\t\t<div class=\"elementor-container elementor-column-gap-default\">\n\t\t\t\t\t<div class=\"elementor-column elementor-col-33 elementor-top-column elementor-element elementor-element-872b32c\" data-id=\"872b32c\" data-element_type=\"column\">\n\t\t\t<div class=\"elementor-widget-wrap\">\n\t\t\t\t\t\t\t<\/div>\n\t\t<\/div>\n\t\t\t\t<div class=\"elementor-column elementor-col-33 elementor-top-column elementor-element elementor-element-71d94155\" data-id=\"71d94155\" data-element_type=\"column\">\n\t\t\t<div class=\"elementor-widget-wrap elementor-element-populated\">\n\t\t\t\t\t\t<div class=\"elementor-element elementor-element-7f1b7c0a elementor-widget elementor-widget-heading\" data-id=\"7f1b7c0a\" data-element_type=\"widget\" data-widget_type=\"heading.default\">\n\t\t\t\t<div class=\"elementor-widget-container\">\n\t\t\t\t\t<span class=\"elementor-heading-title elementor-size-default\">NUESTROS N\u00daMEROS<\/span>\t\t\t\t<\/div>\n\t\t\t\t<\/div>\n\t\t\t\t<div class=\"elementor-element elementor-element-5496cff3 elementor-widget elementor-widget-heading\" data-id=\"5496cff3\" data-element_type=\"widget\" data-widget_type=\"heading.default\">\n\t\t\t\t<div class=\"elementor-widget-container\">\n\t\t\t\t\t<h2 class=\"elementor-heading-title elementor-size-default\">Somos el socio comercial con experiencia para potenciar la tecnolog\u00eda de su negocio al siguiente nivel.<\/h2>\t\t\t\t<\/div>\n\t\t\t\t<\/div>\n\t\t\t\t\t<\/div>\n\t\t<\/div>\n\t\t\t\t<div class=\"elementor-column elementor-col-33 elementor-top-column elementor-element elementor-element-5890a4d0\" data-id=\"5890a4d0\" data-element_type=\"column\">\n\t\t\t<div class=\"elementor-widget-wrap\">\n\t\t\t\t\t\t\t<\/div>\n\t\t<\/div>\n\t\t\t\t\t<\/div>\n\t\t<\/section>\n\t\t\t\t<section class=\"elementor-section elementor-top-section elementor-element elementor-element-c3f065c elementor-section-content-middle elementor-section-boxed elementor-section-height-default elementor-section-height-default\" data-id=\"c3f065c\" data-element_type=\"section\" data-settings=\"{&quot;background_background&quot;:&quot;classic&quot;}\">\n\t\t\t\t\t\t<div class=\"elementor-container elementor-column-gap-no\">\n\t\t\t\t\t<div class=\"elementor-column elementor-col-100 elementor-top-column elementor-element elementor-element-3c6f9fd4\" data-id=\"3c6f9fd4\" data-element_type=\"column\">\n\t\t\t<div class=\"elementor-widget-wrap elementor-element-populated\">\n\t\t\t\t\t\t<section class=\"elementor-section elementor-inner-section elementor-element elementor-element-3579a9e9 elementor-section-boxed elementor-section-height-default elementor-section-height-default\" data-id=\"3579a9e9\" data-element_type=\"section\" data-settings=\"{&quot;background_background&quot;:&quot;classic&quot;}\">\n\t\t\t\t\t\t<div class=\"elementor-container elementor-column-gap-no\">\n\t\t\t\t\t<div class=\"elementor-column elementor-col-100 elementor-inner-column elementor-element elementor-element-e87f6e8\" data-id=\"e87f6e8\" data-element_type=\"column\">\n\t\t\t<div class=\"elementor-widget-wrap elementor-element-populated\">\n\t\t\t\t\t\t<div class=\"elementor-element elementor-element-4a6e5c59 elementor--h-position-center elementor--v-position-middle elementor-arrows-position-inside elementor-widget elementor-widget-slides\" data-id=\"4a6e5c59\" data-element_type=\"widget\" data-settings=\"{&quot;navigation&quot;:&quot;arrows&quot;,&quot;autoplay&quot;:&quot;yes&quot;,&quot;pause_on_hover&quot;:&quot;yes&quot;,&quot;autoplay_speed&quot;:5000,&quot;infinite&quot;:&quot;yes&quot;,&quot;transition&quot;:&quot;slide&quot;,&quot;transition_speed&quot;:500}\" data-widget_type=\"slides.default\">\n\t\t\t\t<div class=\"elementor-widget-container\">\n\t\t\t\t\t\t\t\t\t<div class=\"elementor-swiper\">\n\t\t\t\t\t<div class=\"elementor-slides-wrapper elementor-main-swiper swiper\" role=\"region\" aria-roledescription=\"carousel\" aria-label=\"Diapositivas\" dir=\"ltr\" data-animation=\"fadeInRight\">\n\t\t\t\t<div class=\"swiper-wrapper elementor-slides\">\n\t\t\t\t\t\t\t\t\t\t<div class=\"elementor-repeater-item-6aebcdc swiper-slide\" role=\"group\" aria-roledescription=\"slide\"><div class=\"swiper-slide-bg\" role=\"img\"><\/div><div class=\"swiper-slide-inner\" ><div class=\"swiper-slide-contents\"><div class=\"elementor-slide-heading\">\u00bfPor qu\u00e9 las empresas conf\u00edan en nosotros?<\/div><\/div><\/div><\/div><div class=\"elementor-repeater-item-699d1e8 swiper-slide\" role=\"group\" aria-roledescription=\"slide\"><div class=\"swiper-slide-bg\" role=\"img\"><\/div><div class=\"swiper-slide-inner\" ><div class=\"swiper-slide-contents\"><div class=\"elementor-slide-heading\">+ 226 certificaciones<\/div><\/div><\/div><\/div><div class=\"elementor-repeater-item-e5dfb61 swiper-slide\" role=\"group\" aria-roledescription=\"slide\"><div class=\"swiper-slide-bg\" role=\"img\"><\/div><div class=\"swiper-slide-inner\" ><div class=\"swiper-slide-contents\"><div class=\"elementor-slide-heading\">+ 113 expertos<\/div><\/div><\/div><\/div><div class=\"elementor-repeater-item-cac9908 swiper-slide\" role=\"group\" aria-roledescription=\"slide\"><div class=\"swiper-slide-bg\" role=\"img\"><\/div><div class=\"swiper-slide-inner\" ><div class=\"swiper-slide-contents\"><div class=\"elementor-slide-heading\">368 clientes satisfechos<\/div><\/div><\/div><\/div>\t\t\t\t<\/div>\n\t\t\t\t\t\t\t\t\t\t\t\t\t\t\t<div class=\"elementor-swiper-button elementor-swiper-button-prev\" role=\"button\" tabindex=\"0\" aria-label=\"Diapositiva anterior\">\n\t\t\t\t\t\t\t<i aria-hidden=\"true\" class=\"eicon-chevron-left\"><\/i>\t\t\t\t\t\t<\/div>\n\t\t\t\t\t\t<div class=\"elementor-swiper-button elementor-swiper-button-next\" role=\"button\" tabindex=\"0\" aria-label=\"Diapositiva siguiente\">\n\t\t\t\t\t\t\t<i aria-hidden=\"true\" class=\"eicon-chevron-right\"><\/i>\t\t\t\t\t\t<\/div>\n\t\t\t\t\t\t\t\t\t\t\t\t\t\t\t\t\t<\/div>\n\t\t\t\t<\/div>\n\t\t\t\t\t\t\t\t<\/div>\n\t\t\t\t<\/div>\n\t\t\t\t\t<\/div>\n\t\t<\/div>\n\t\t\t\t\t<\/div>\n\t\t<\/section>\n\t\t\t\t\t<\/div>\n\t\t<\/div>\n\t\t\t\t\t<\/div>\n\t\t<\/section>\n\t\t\t\t<section class=\"elementor-section elementor-top-section elementor-element elementor-element-f796125 elementor-section-boxed elementor-section-height-default elementor-section-height-default\" data-id=\"f796125\" data-element_type=\"section\">\n\t\t\t\t\t\t<div class=\"elementor-container elementor-column-gap-default\">\n\t\t\t\t\t<div class=\"elementor-column elementor-col-100 elementor-top-column elementor-element elementor-element-44b6b22\" data-id=\"44b6b22\" data-element_type=\"column\">\n\t\t\t<div class=\"elementor-widget-wrap elementor-element-populated\">\n\t\t\t\t\t\t<div class=\"elementor-element elementor-element-5aca832 elementor-widget elementor-widget-text-editor\" data-id=\"5aca832\" data-element_type=\"widget\" data-widget_type=\"text-editor.default\">\n\t\t\t\t<div class=\"elementor-widget-container\">\n\t\t\t\t\t\t\t\t\t<p><strong><a href=\"https:\/\/c3xsolutions.net\/index.php\/contact-us\/\">Cont\u00e1ctenos<\/a> <\/strong>para obtener m\u00e1s informaci\u00f3n acerca de nuestras alianzas<\/p>\t\t\t\t\t\t\t\t<\/div>\n\t\t\t\t<\/div>\n\t\t\t\t\t<\/div>\n\t\t<\/div>\n\t\t\t\t\t<\/div>\n\t\t<\/section>\n\t\t\t\t<\/div>","protected":false},"excerpt":{"rendered":"<p>Boost your business with C3X Solutions and become a business partner. We care about turning our partners&#8217; IT environments into competitive advantages, our program allows our partners to enhance their service offerings. What can you expect from C3X Solutions? \u2022 We are a leading managed services provider \u2022 Certified engineers in every area of work [&hellip;]<\/p>","protected":false},"author":4,"featured_media":0,"parent":0,"menu_order":0,"comment_status":"closed","ping_status":"closed","template":"","meta":{"footnotes":""},"class_list":["post-159","page","type-page","status-publish","hentry"],"_links":{"self":[{"href":"https:\/\/c3xsolutions.net\/es\/wp-json\/wp\/v2\/pages\/159","targetHints":{"allow":["GET"]}}],"collection":[{"href":"https:\/\/c3xsolutions.net\/es\/wp-json\/wp\/v2\/pages"}],"about":[{"href":"https:\/\/c3xsolutions.net\/es\/wp-json\/wp\/v2\/types\/page"}],"author":[{"embeddable":true,"href":"https:\/\/c3xsolutions.net\/es\/wp-json\/wp\/v2\/users\/4"}],"replies":[{"embeddable":true,"href":"https:\/\/c3xsolutions.net\/es\/wp-json\/wp\/v2\/comments?post=159"}],"version-history":[{"count":16,"href":"https:\/\/c3xsolutions.net\/es\/wp-json\/wp\/v2\/pages\/159\/revisions"}],"predecessor-version":[{"id":993,"href":"https:\/\/c3xsolutions.net\/es\/wp-json\/wp\/v2\/pages\/159\/revisions\/993"}],"wp:attachment":[{"href":"https:\/\/c3xsolutions.net\/es\/wp-json\/wp\/v2\/media?parent=159"}],"curies":[{"name":"wp","href":"https:\/\/api.w.org\/{rel}","templated":true}]}}