{"id":155,"date":"2022-09-01T19:15:33","date_gmt":"2022-09-01T19:15:33","guid":{"rendered":"https:\/\/c3xsolutions.net\/?page_id=155"},"modified":"2022-09-04T19:36:01","modified_gmt":"2022-09-04T19:36:01","slug":"real-estate","status":"publish","type":"page","link":"https:\/\/c3xsolutions.net\/es\/inmobiliario\/","title":{"rendered":"Inmobiliario"},"content":{"rendered":"<div data-elementor-type=\"wp-page\" data-elementor-id=\"155\" class=\"elementor elementor-155\" data-elementor-post-type=\"page\">\n\t\t\t\t\t\t<section class=\"elementor-section elementor-top-section elementor-element elementor-element-1e3a63cc elementor-section-height-min-height elementor-section-boxed elementor-section-height-default elementor-section-items-middle\" data-id=\"1e3a63cc\" data-element_type=\"section\" data-settings=\"{&quot;background_background&quot;:&quot;classic&quot;}\">\n\t\t\t\t\t\t\t<div class=\"elementor-background-overlay\"><\/div>\n\t\t\t\t\t\t\t<div class=\"elementor-container elementor-column-gap-no\">\n\t\t\t\t\t<div class=\"elementor-column elementor-col-100 elementor-top-column elementor-element elementor-element-4a67d2e1\" data-id=\"4a67d2e1\" data-element_type=\"column\">\n\t\t\t<div class=\"elementor-widget-wrap elementor-element-populated\">\n\t\t\t\t\t\t\t<\/div>\n\t\t<\/div>\n\t\t\t\t\t<\/div>\n\t\t<\/section>\n\t\t\t\t<section class=\"elementor-section elementor-top-section elementor-element elementor-element-2ce1728 elementor-section-boxed elementor-section-height-default elementor-section-height-default\" data-id=\"2ce1728\" data-element_type=\"section\">\n\t\t\t\t\t\t<div class=\"elementor-container elementor-column-gap-default\">\n\t\t\t\t\t<div class=\"elementor-column elementor-col-50 elementor-top-column elementor-element elementor-element-1338c08\" data-id=\"1338c08\" data-element_type=\"column\">\n\t\t\t<div class=\"elementor-widget-wrap elementor-element-populated\">\n\t\t\t\t\t\t<div class=\"elementor-element elementor-element-4c8b389 elementor-widget elementor-widget-image\" data-id=\"4c8b389\" data-element_type=\"widget\" data-widget_type=\"image.default\">\n\t\t\t\t<div class=\"elementor-widget-container\">\n\t\t\t\t\t\t\t\t\t\t\t\t\t\t\t<img fetchpriority=\"high\" decoding=\"async\" width=\"800\" height=\"533\" src=\"https:\/\/c3xsolutions.net\/wp-content\/uploads\/2022\/09\/review-of-construction-instruments-happy-black-handyman-looking-at-laptop-webcam-and-showing-thumb-1024x682.jpg\" class=\"attachment-large size-large wp-image-757\" alt=\"Review of construction instruments. Happy black handyman looking at laptop webcam and showing thumb\" srcset=\"https:\/\/c3xsolutions.net\/wp-content\/uploads\/2022\/09\/review-of-construction-instruments-happy-black-handyman-looking-at-laptop-webcam-and-showing-thumb-1024x682.jpg 1024w, https:\/\/c3xsolutions.net\/wp-content\/uploads\/2022\/09\/review-of-construction-instruments-happy-black-handyman-looking-at-laptop-webcam-and-showing-thumb-300x200.jpg 300w, https:\/\/c3xsolutions.net\/wp-content\/uploads\/2022\/09\/review-of-construction-instruments-happy-black-handyman-looking-at-laptop-webcam-and-showing-thumb-768x512.jpg 768w, https:\/\/c3xsolutions.net\/wp-content\/uploads\/2022\/09\/review-of-construction-instruments-happy-black-handyman-looking-at-laptop-webcam-and-showing-thumb-1536x1024.jpg 1536w, https:\/\/c3xsolutions.net\/wp-content\/uploads\/2022\/09\/review-of-construction-instruments-happy-black-handyman-looking-at-laptop-webcam-and-showing-thumb-18x12.jpg 18w, https:\/\/c3xsolutions.net\/wp-content\/uploads\/2022\/09\/review-of-construction-instruments-happy-black-handyman-looking-at-laptop-webcam-and-showing-thumb.jpg 2000w\" sizes=\"(max-width: 800px) 100vw, 800px\" \/>\t\t\t\t\t\t\t\t\t\t\t\t\t\t\t<\/div>\n\t\t\t\t<\/div>\n\t\t\t\t\t<\/div>\n\t\t<\/div>\n\t\t\t\t<div class=\"elementor-column elementor-col-50 elementor-top-column elementor-element elementor-element-f16ea79\" data-id=\"f16ea79\" data-element_type=\"column\">\n\t\t\t<div class=\"elementor-widget-wrap elementor-element-populated\">\n\t\t\t\t\t\t<div class=\"elementor-element elementor-element-312fe87 elementor-widget elementor-widget-text-editor\" data-id=\"312fe87\" data-element_type=\"widget\" data-widget_type=\"text-editor.default\">\n\t\t\t\t<div class=\"elementor-widget-container\">\n\t\t\t\t\t\t\t\t\t<p>Optimizamos su tecnolog\u00eda para que su negocio inmobiliario prospere.<\/p><p>Mejore toda su tecnolog\u00eda con los servicios TI n\u00famero uno del mercado. Nos especializamos en ayudar a nuestros clientes de bienes ra\u00edces para que se desempe\u00f1en de la mejor manera 24\/7\/365.<\/p><p>En la actualidad, la industria inmobiliaria esta evolucionando, y usted no se puede quedar atr\u00e1s, le ofrecemos un servicio de asesoramiento de TI donde lo preparamos para que tenga \u00e9xito en el mercado.<\/p><p>Nuestro soporte TI y asistencia t\u00e9cnica tienen ingenieros certificados que est\u00e1n disponibles para sus requerimientos.<\/p><p>Somos un equipo dedicado a proteger su negocio, si estas en movimiento y le preocupa la perdida de datos o hackeos, C3X Solutions es su proveedor de seguridad inform\u00e1tica, que le ayudar\u00e1 a responder en caso de vulnerabilidades y amenazas.<\/p>\t\t\t\t\t\t\t\t<\/div>\n\t\t\t\t<\/div>\n\t\t\t\t\t<\/div>\n\t\t<\/div>\n\t\t\t\t\t<\/div>\n\t\t<\/section>\n\t\t\t\t<\/div>","protected":false},"excerpt":{"rendered":"<p>We optimize your technology to help your real estate business thrive. Improve all your technology with the number one IT services in the market. We specialize in helping our real estate clients perform at their best 24\/7\/365. Today&#8217;s real estate industry is evolving, and you cannot be left behind, we offer an IT consulting service [&hellip;]<\/p>","protected":false},"author":4,"featured_media":0,"parent":0,"menu_order":0,"comment_status":"closed","ping_status":"closed","template":"elementor_header_footer","meta":{"footnotes":""},"class_list":["post-155","page","type-page","status-publish","hentry"],"_links":{"self":[{"href":"https:\/\/c3xsolutions.net\/es\/wp-json\/wp\/v2\/pages\/155","targetHints":{"allow":["GET"]}}],"collection":[{"href":"https:\/\/c3xsolutions.net\/es\/wp-json\/wp\/v2\/pages"}],"about":[{"href":"https:\/\/c3xsolutions.net\/es\/wp-json\/wp\/v2\/types\/page"}],"author":[{"embeddable":true,"href":"https:\/\/c3xsolutions.net\/es\/wp-json\/wp\/v2\/users\/4"}],"replies":[{"embeddable":true,"href":"https:\/\/c3xsolutions.net\/es\/wp-json\/wp\/v2\/comments?post=155"}],"version-history":[{"count":7,"href":"https:\/\/c3xsolutions.net\/es\/wp-json\/wp\/v2\/pages\/155\/revisions"}],"predecessor-version":[{"id":988,"href":"https:\/\/c3xsolutions.net\/es\/wp-json\/wp\/v2\/pages\/155\/revisions\/988"}],"wp:attachment":[{"href":"https:\/\/c3xsolutions.net\/es\/wp-json\/wp\/v2\/media?parent=155"}],"curies":[{"name":"wp","href":"https:\/\/api.w.org\/{rel}","templated":true}]}}