{"id":153,"date":"2022-09-01T19:15:13","date_gmt":"2022-09-01T19:15:13","guid":{"rendered":"https:\/\/c3xsolutions.net\/?page_id=153"},"modified":"2023-08-16T16:50:40","modified_gmt":"2023-08-16T16:50:40","slug":"health-care","status":"publish","type":"page","link":"https:\/\/c3xsolutions.net\/es\/salud\/","title":{"rendered":"Salud"},"content":{"rendered":"<div data-elementor-type=\"wp-page\" data-elementor-id=\"153\" class=\"elementor elementor-153\" data-elementor-post-type=\"page\">\n\t\t\t\t\t\t<section class=\"elementor-section elementor-top-section elementor-element elementor-element-3c5f42d0 elementor-section-height-min-height elementor-section-boxed elementor-section-height-default elementor-section-items-middle\" data-id=\"3c5f42d0\" data-element_type=\"section\" data-settings=\"{&quot;background_background&quot;:&quot;classic&quot;}\">\n\t\t\t\t\t\t\t<div class=\"elementor-background-overlay\"><\/div>\n\t\t\t\t\t\t\t<div class=\"elementor-container elementor-column-gap-no\">\n\t\t\t\t\t<div class=\"elementor-column elementor-col-100 elementor-top-column elementor-element elementor-element-62827598\" data-id=\"62827598\" data-element_type=\"column\">\n\t\t\t<div class=\"elementor-widget-wrap elementor-element-populated\">\n\t\t\t\t\t\t\t<\/div>\n\t\t<\/div>\n\t\t\t\t\t<\/div>\n\t\t<\/section>\n\t\t\t\t<section class=\"elementor-section elementor-top-section elementor-element elementor-element-7908205 elementor-section-boxed elementor-section-height-default elementor-section-height-default\" data-id=\"7908205\" data-element_type=\"section\">\n\t\t\t\t\t\t<div class=\"elementor-container elementor-column-gap-default\">\n\t\t\t\t\t<div class=\"elementor-column elementor-col-50 elementor-top-column elementor-element elementor-element-11df1ee\" data-id=\"11df1ee\" data-element_type=\"column\">\n\t\t\t<div class=\"elementor-widget-wrap elementor-element-populated\">\n\t\t\t\t\t\t<div class=\"elementor-element elementor-element-ad08d47 elementor-widget elementor-widget-image\" data-id=\"ad08d47\" data-element_type=\"widget\" data-widget_type=\"image.default\">\n\t\t\t\t<div class=\"elementor-widget-container\">\n\t\t\t\t\t\t\t\t\t\t\t\t\t\t\t<img fetchpriority=\"high\" decoding=\"async\" width=\"800\" height=\"534\" src=\"https:\/\/c3xsolutions.net\/wp-content\/uploads\/2022\/09\/health-care-concept-1024x683.jpg\" class=\"attachment-large size-large wp-image-751\" alt=\"health care concept\" srcset=\"https:\/\/c3xsolutions.net\/wp-content\/uploads\/2022\/09\/health-care-concept-1024x683.jpg 1024w, https:\/\/c3xsolutions.net\/wp-content\/uploads\/2022\/09\/health-care-concept-300x200.jpg 300w, https:\/\/c3xsolutions.net\/wp-content\/uploads\/2022\/09\/health-care-concept-768x512.jpg 768w, https:\/\/c3xsolutions.net\/wp-content\/uploads\/2022\/09\/health-care-concept-1536x1025.jpg 1536w, https:\/\/c3xsolutions.net\/wp-content\/uploads\/2022\/09\/health-care-concept-18x12.jpg 18w, https:\/\/c3xsolutions.net\/wp-content\/uploads\/2022\/09\/health-care-concept.jpg 2000w\" sizes=\"(max-width: 800px) 100vw, 800px\" \/>\t\t\t\t\t\t\t\t\t\t\t\t\t\t\t<\/div>\n\t\t\t\t<\/div>\n\t\t\t\t\t<\/div>\n\t\t<\/div>\n\t\t\t\t<div class=\"elementor-column elementor-col-50 elementor-top-column elementor-element elementor-element-816e9fd\" data-id=\"816e9fd\" data-element_type=\"column\">\n\t\t\t<div class=\"elementor-widget-wrap elementor-element-populated\">\n\t\t\t\t\t\t<div class=\"elementor-element elementor-element-7022b0f elementor-widget elementor-widget-text-editor\" data-id=\"7022b0f\" data-element_type=\"widget\" data-widget_type=\"text-editor.default\">\n\t\t\t\t<div class=\"elementor-widget-container\">\n\t\t\t\t\t\t\t\t\t<p>Nuestros servicios son compatibles con el sector sanitario y nuestra infraestructura le ofrece apoyo y confianza de nivel III.<\/p><p>Sus pacientes merecen atenderse con servicios de calidad, somos uno de los principales proveedores en servicios TI para el cuidado de la salud, comprendemos sus necesidades y las formas en que podemos ayudar a la organizaci\u00f3n<\/p><div><br><\/div>\n<ul>\n<li>Habilitaci\u00f3n de soluciones inal\u00e1mbricas, facilitando el intercambio de informaci\u00f3n en lugares poco accesibles.<\/li>\n<li>Alineamiento de procesos manuales a procesos automatizados<\/li>\n<li>Considerable reducci\u00f3n de tiempo en la inclusi\u00f3n de datos<\/li>\n<li>Ciberseguridad en todos los m\u00f3dulos<\/li>\n<li>Aumento de los ingresos<\/li>\n<\/ul>\n<p>En C3X Solutions hemos trabajado con muchas organizaciones en la industria de la salud, desde peque\u00f1as empresas y proveedores nacionales, hasta grandes compa\u00f1\u00edas farmac\u00e9uticas e instalaciones de investigaci\u00f3n biom\u00e9dica.<\/p>\n<p>Puede estar seguro de que, si bien su organizaci\u00f3n se enfoca en brindarles a los pacientes una mejor calidad de vida, la tecnolog\u00eda en la que conf\u00eda diariamente se administra de manera segura.<\/p>\t\t\t\t\t\t\t\t<\/div>\n\t\t\t\t<\/div>\n\t\t\t\t\t<\/div>\n\t\t<\/div>\n\t\t\t\t\t<\/div>\n\t\t<\/section>\n\t\t\t\t<\/div>","protected":false},"excerpt":{"rendered":"<p>\/*! elementor &#8211; v3.14.0 &#8211; 18-06-2023 *\/ .elementor-widget-image{text-align:center}.elementor-widget-image a{display:inline-block}.elementor-widget-image a img[src$=&#8221;.svg&#8221;]{width:48px}.elementor-widget-image img{vertical-align:middle;display:inline-block} Our services are compatible with the health sector and our infrastructure gives you support and Tier III confidence. Your patients deserve quality services, and we are one of the main providers of IT services for health care.&nbsp; We understand your needs and the [&hellip;]<\/p>","protected":false},"author":4,"featured_media":0,"parent":0,"menu_order":0,"comment_status":"closed","ping_status":"closed","template":"elementor_header_footer","meta":{"footnotes":""},"class_list":["post-153","page","type-page","status-publish","hentry"],"_links":{"self":[{"href":"https:\/\/c3xsolutions.net\/es\/wp-json\/wp\/v2\/pages\/153","targetHints":{"allow":["GET"]}}],"collection":[{"href":"https:\/\/c3xsolutions.net\/es\/wp-json\/wp\/v2\/pages"}],"about":[{"href":"https:\/\/c3xsolutions.net\/es\/wp-json\/wp\/v2\/types\/page"}],"author":[{"embeddable":true,"href":"https:\/\/c3xsolutions.net\/es\/wp-json\/wp\/v2\/users\/4"}],"replies":[{"embeddable":true,"href":"https:\/\/c3xsolutions.net\/es\/wp-json\/wp\/v2\/comments?post=153"}],"version-history":[{"count":10,"href":"https:\/\/c3xsolutions.net\/es\/wp-json\/wp\/v2\/pages\/153\/revisions"}],"predecessor-version":[{"id":1194,"href":"https:\/\/c3xsolutions.net\/es\/wp-json\/wp\/v2\/pages\/153\/revisions\/1194"}],"wp:attachment":[{"href":"https:\/\/c3xsolutions.net\/es\/wp-json\/wp\/v2\/media?parent=153"}],"curies":[{"name":"wp","href":"https:\/\/api.w.org\/{rel}","templated":true}]}}