{"id":149,"date":"2022-09-01T19:14:51","date_gmt":"2022-09-01T19:14:51","guid":{"rendered":"https:\/\/c3xsolutions.net\/?page_id=149"},"modified":"2022-09-04T19:35:24","modified_gmt":"2022-09-04T19:35:24","slug":"finance","status":"publish","type":"page","link":"https:\/\/c3xsolutions.net\/es\/finanzas\/","title":{"rendered":"Finanzas"},"content":{"rendered":"<div data-elementor-type=\"wp-page\" data-elementor-id=\"149\" class=\"elementor elementor-149\" data-elementor-post-type=\"page\">\n\t\t\t\t\t\t<section class=\"elementor-section elementor-top-section elementor-element elementor-element-ec2a184 elementor-section-height-min-height elementor-section-boxed elementor-section-height-default elementor-section-items-middle\" data-id=\"ec2a184\" data-element_type=\"section\" data-settings=\"{&quot;background_background&quot;:&quot;classic&quot;}\">\n\t\t\t\t\t\t\t<div class=\"elementor-background-overlay\"><\/div>\n\t\t\t\t\t\t\t<div class=\"elementor-container elementor-column-gap-no\">\n\t\t\t\t\t<div class=\"elementor-column elementor-col-100 elementor-top-column elementor-element elementor-element-1695a9fd\" data-id=\"1695a9fd\" data-element_type=\"column\">\n\t\t\t<div class=\"elementor-widget-wrap elementor-element-populated\">\n\t\t\t\t\t\t\t<\/div>\n\t\t<\/div>\n\t\t\t\t\t<\/div>\n\t\t<\/section>\n\t\t\t\t<section class=\"elementor-section elementor-top-section elementor-element elementor-element-33c63ab elementor-section-boxed elementor-section-height-default elementor-section-height-default\" data-id=\"33c63ab\" data-element_type=\"section\">\n\t\t\t\t\t\t<div class=\"elementor-container elementor-column-gap-default\">\n\t\t\t\t\t<div class=\"elementor-column elementor-col-50 elementor-top-column elementor-element elementor-element-44eb0f3\" data-id=\"44eb0f3\" data-element_type=\"column\">\n\t\t\t<div class=\"elementor-widget-wrap elementor-element-populated\">\n\t\t\t\t\t\t<div class=\"elementor-element elementor-element-775f324 elementor-widget elementor-widget-image\" data-id=\"775f324\" data-element_type=\"widget\" data-widget_type=\"image.default\">\n\t\t\t\t<div class=\"elementor-widget-container\">\n\t\t\t\t\t\t\t\t\t\t\t\t\t\t\t<img fetchpriority=\"high\" decoding=\"async\" width=\"800\" height=\"449\" src=\"https:\/\/c3xsolutions.net\/wp-content\/uploads\/2022\/09\/finance-1-1024x575.jpg\" class=\"attachment-large size-large wp-image-740\" alt=\"Business\/Finance\" srcset=\"https:\/\/c3xsolutions.net\/wp-content\/uploads\/2022\/09\/finance-1-1024x575.jpg 1024w, https:\/\/c3xsolutions.net\/wp-content\/uploads\/2022\/09\/finance-1-300x168.jpg 300w, https:\/\/c3xsolutions.net\/wp-content\/uploads\/2022\/09\/finance-1-768x431.jpg 768w, https:\/\/c3xsolutions.net\/wp-content\/uploads\/2022\/09\/finance-1-1536x862.jpg 1536w, https:\/\/c3xsolutions.net\/wp-content\/uploads\/2022\/09\/finance-1-18x10.jpg 18w, https:\/\/c3xsolutions.net\/wp-content\/uploads\/2022\/09\/finance-1.jpg 2000w\" sizes=\"(max-width: 800px) 100vw, 800px\" \/>\t\t\t\t\t\t\t\t\t\t\t\t\t\t\t<\/div>\n\t\t\t\t<\/div>\n\t\t\t\t\t<\/div>\n\t\t<\/div>\n\t\t\t\t<div class=\"elementor-column elementor-col-50 elementor-top-column elementor-element elementor-element-a0f423a\" data-id=\"a0f423a\" data-element_type=\"column\">\n\t\t\t<div class=\"elementor-widget-wrap elementor-element-populated\">\n\t\t\t\t\t\t<div class=\"elementor-element elementor-element-c99e83f elementor-widget elementor-widget-text-editor\" data-id=\"c99e83f\" data-element_type=\"widget\" data-widget_type=\"text-editor.default\">\n\t\t\t\t<div class=\"elementor-widget-container\">\n\t\t\t\t\t\t\t\t\t<p>Nos especializamos en brindar servicios y soluciones tecnol\u00f3gicas a contadores y firmas de contabilidad.<\/p><p>Nuestro apoyo se ha especializado en el asesoramiento continuo en los desaf\u00edos que enfrenta el sector financiero. Estamos creando nuevas soluciones para que d\u00eda con d\u00eda su empresa opere de la mejor manera.<\/p><p>Tenemos todas las herramientas adecuadas para que los profesionales de TI brinden el mejor soporte, nuestros consultores son expertos en el software y las aplicaciones que normalmente utiliza el sector financiero.<\/p><p>Algunas de estas aplicaciones son:<\/p><ul><li class=\"p1\">Software propietario<\/li><li class=\"p1\">Quickbooks<\/li><li class=\"p1\">Contabilidad de Microsoft<\/li><li class=\"p2\">Din\u00e1mica de Microsoft<\/li><\/ul><p><br \/>En C3X Solutions comprendemos del escrutinio y seguridad que conllevan las regulaciones gubernamentales y tenemos la experiencia ayudando a nuestros clientes en finanzas y contabilidad, implementamos las mejores pr\u00e1cticas de la industria para proteger los datos confidenciales de los clientes<\/p>\t\t\t\t\t\t\t\t<\/div>\n\t\t\t\t<\/div>\n\t\t\t\t\t<\/div>\n\t\t<\/div>\n\t\t\t\t\t<\/div>\n\t\t<\/section>\n\t\t\t\t<\/div>","protected":false},"excerpt":{"rendered":"<p>We specialize in providing technology services and solutions to accountants and accounting firms. Our support has specialized in providing continuous advice on the challenges faced by the financial sector. We are creating innovative solutions so that day by day your company operates in the best way. We have all the right tools for IT professionals [&hellip;]<\/p>","protected":false},"author":4,"featured_media":0,"parent":0,"menu_order":0,"comment_status":"closed","ping_status":"closed","template":"elementor_header_footer","meta":{"footnotes":""},"class_list":["post-149","page","type-page","status-publish","hentry"],"_links":{"self":[{"href":"https:\/\/c3xsolutions.net\/es\/wp-json\/wp\/v2\/pages\/149","targetHints":{"allow":["GET"]}}],"collection":[{"href":"https:\/\/c3xsolutions.net\/es\/wp-json\/wp\/v2\/pages"}],"about":[{"href":"https:\/\/c3xsolutions.net\/es\/wp-json\/wp\/v2\/types\/page"}],"author":[{"embeddable":true,"href":"https:\/\/c3xsolutions.net\/es\/wp-json\/wp\/v2\/users\/4"}],"replies":[{"embeddable":true,"href":"https:\/\/c3xsolutions.net\/es\/wp-json\/wp\/v2\/comments?post=149"}],"version-history":[{"count":10,"href":"https:\/\/c3xsolutions.net\/es\/wp-json\/wp\/v2\/pages\/149\/revisions"}],"predecessor-version":[{"id":976,"href":"https:\/\/c3xsolutions.net\/es\/wp-json\/wp\/v2\/pages\/149\/revisions\/976"}],"wp:attachment":[{"href":"https:\/\/c3xsolutions.net\/es\/wp-json\/wp\/v2\/media?parent=149"}],"curies":[{"name":"wp","href":"https:\/\/api.w.org\/{rel}","templated":true}]}}