{"id":147,"date":"2022-09-01T19:14:38","date_gmt":"2022-09-01T19:14:38","guid":{"rendered":"https:\/\/c3xsolutions.net\/?page_id=147"},"modified":"2023-08-16T16:49:33","modified_gmt":"2023-08-16T16:49:33","slug":"education","status":"publish","type":"page","link":"https:\/\/c3xsolutions.net\/es\/educacion\/","title":{"rendered":"Educaci\u00f3n"},"content":{"rendered":"<div data-elementor-type=\"wp-page\" data-elementor-id=\"147\" class=\"elementor elementor-147\" data-elementor-post-type=\"page\">\n\t\t\t\t\t\t<section class=\"elementor-section elementor-top-section elementor-element elementor-element-f063877 elementor-section-height-min-height elementor-section-boxed elementor-section-height-default elementor-section-items-middle\" data-id=\"f063877\" data-element_type=\"section\" data-settings=\"{&quot;background_background&quot;:&quot;classic&quot;}\">\n\t\t\t\t\t\t\t<div class=\"elementor-background-overlay\"><\/div>\n\t\t\t\t\t\t\t<div class=\"elementor-container elementor-column-gap-no\">\n\t\t\t\t\t<div class=\"elementor-column elementor-col-100 elementor-top-column elementor-element elementor-element-666278b8\" data-id=\"666278b8\" data-element_type=\"column\">\n\t\t\t<div class=\"elementor-widget-wrap elementor-element-populated\">\n\t\t\t\t\t\t\t<\/div>\n\t\t<\/div>\n\t\t\t\t\t<\/div>\n\t\t<\/section>\n\t\t\t\t<section class=\"elementor-section elementor-top-section elementor-element elementor-element-5321634 elementor-section-boxed elementor-section-height-default elementor-section-height-default\" data-id=\"5321634\" data-element_type=\"section\">\n\t\t\t\t\t\t<div class=\"elementor-container elementor-column-gap-default\">\n\t\t\t\t\t<div class=\"elementor-column elementor-col-50 elementor-top-column elementor-element elementor-element-4f2e1e6\" data-id=\"4f2e1e6\" data-element_type=\"column\">\n\t\t\t<div class=\"elementor-widget-wrap elementor-element-populated\">\n\t\t\t\t\t\t<div class=\"elementor-element elementor-element-7cdc3dc elementor-widget elementor-widget-image\" data-id=\"7cdc3dc\" data-element_type=\"widget\" data-widget_type=\"image.default\">\n\t\t\t\t<div class=\"elementor-widget-container\">\n\t\t\t\t\t\t\t\t\t\t\t\t\t\t\t<img fetchpriority=\"high\" decoding=\"async\" width=\"800\" height=\"533\" src=\"https:\/\/c3xsolutions.net\/wp-content\/uploads\/2022\/09\/two-multiracial-students-discussing-project-in-co-working-office-1024x682.jpg\" class=\"attachment-large size-large wp-image-731\" alt=\"two multiracial students discussing project in co working office\" srcset=\"https:\/\/c3xsolutions.net\/wp-content\/uploads\/2022\/09\/two-multiracial-students-discussing-project-in-co-working-office-1024x682.jpg 1024w, https:\/\/c3xsolutions.net\/wp-content\/uploads\/2022\/09\/two-multiracial-students-discussing-project-in-co-working-office-300x200.jpg 300w, https:\/\/c3xsolutions.net\/wp-content\/uploads\/2022\/09\/two-multiracial-students-discussing-project-in-co-working-office-768x512.jpg 768w, https:\/\/c3xsolutions.net\/wp-content\/uploads\/2022\/09\/two-multiracial-students-discussing-project-in-co-working-office-1536x1024.jpg 1536w, https:\/\/c3xsolutions.net\/wp-content\/uploads\/2022\/09\/two-multiracial-students-discussing-project-in-co-working-office-18x12.jpg 18w, https:\/\/c3xsolutions.net\/wp-content\/uploads\/2022\/09\/two-multiracial-students-discussing-project-in-co-working-office.jpg 2000w\" sizes=\"(max-width: 800px) 100vw, 800px\" \/>\t\t\t\t\t\t\t\t\t\t\t\t\t\t\t<\/div>\n\t\t\t\t<\/div>\n\t\t\t\t\t<\/div>\n\t\t<\/div>\n\t\t\t\t<div class=\"elementor-column elementor-col-50 elementor-top-column elementor-element elementor-element-e8950be\" data-id=\"e8950be\" data-element_type=\"column\">\n\t\t\t<div class=\"elementor-widget-wrap elementor-element-populated\">\n\t\t\t\t\t\t<div class=\"elementor-element elementor-element-d0e50e1 elementor-widget elementor-widget-text-editor\" data-id=\"d0e50e1\" data-element_type=\"widget\" data-widget_type=\"text-editor.default\">\n\t\t\t\t<div class=\"elementor-widget-container\">\n\t\t\t\t\t\t\t\t\t<p>El sector de la educaci\u00f3n es un pilar fundamental para C3X Solutions. Una inversi\u00f3n inteligente es que los estudiantes utilicen la mejor tecnolog\u00eda.<\/p><p>Fomente el \u00e9xito de su instituci\u00f3n. Trabajamos con procesos eficientes los cuales ayudan maximizar su inversi\u00f3n y a su vez, a incrementar la productividad del personal y sus estudiantes.<\/p>\t\t\t\t\t\t\t\t<\/div>\n\t\t\t\t<\/div>\n\t\t\t\t<div class=\"elementor-element elementor-element-a89bd30 elementor-widget elementor-widget-text-editor\" data-id=\"a89bd30\" data-element_type=\"widget\" data-widget_type=\"text-editor.default\">\n\t\t\t\t<div class=\"elementor-widget-container\">\n\t\t\t\t\t\t\t\t\t<p><strong>Somos una de las principales firmas de asesor\u00edas en tecnolog\u00eda educativa. En ocasiones, los proyectos no se ejecutan de la manera m\u00e1s apropiada, generando reprocesos, desgaste y perdida de dinero. C3X Solutions le proporciona las soluciones integrales adecuadas, minimizando las cargas de trabajo de sus equipos TI.<\/strong><\/p>\t\t\t\t\t\t\t\t<\/div>\n\t\t\t\t<\/div>\n\t\t\t\t<div class=\"elementor-element elementor-element-924e8ad elementor-widget elementor-widget-text-editor\" data-id=\"924e8ad\" data-element_type=\"widget\" data-widget_type=\"text-editor.default\">\n\t\t\t\t<div class=\"elementor-widget-container\">\n\t\t\t\t\t\t\t\t\t<p>Somos su aliado en educaci\u00f3n autorizado por Microsoft.<\/p><p>Nuestro equipo de profesionales tiene la experiencia y el conocimiento en el \u00e1rea acad\u00e9mica. Perm\u00edtanos que trabajar para usted.<br><\/p>\n<p>Somos un aliado educativo que brindamos soluciones a muchas instituciones publicas y privadas, nuestros expertos lo asesorar\u00e1n, no importa el tama\u00f1o de su instituci\u00f3n.<\/p>\n<p>Nuestras tecnolog\u00edas Microsoft:<\/p>\n<ul>\n<li class=\"p1\">Share point<\/li>\n<li class=\"p1\">Office 365<\/li>\n<li class=\"p1\">Azure<\/li>\n<li class=\"p2\">Windows<\/li>\n<\/ul>\t\t\t\t\t\t\t\t<\/div>\n\t\t\t\t<\/div>\n\t\t\t\t\t<\/div>\n\t\t<\/div>\n\t\t\t\t\t<\/div>\n\t\t<\/section>\n\t\t\t\t<\/div>","protected":false},"excerpt":{"rendered":"<p>\/*! elementor &#8211; v3.14.0 &#8211; 18-06-2023 *\/ .elementor-widget-image{text-align:center}.elementor-widget-image a{display:inline-block}.elementor-widget-image a img[src$=&#8221;.svg&#8221;]{width:48px}.elementor-widget-image img{vertical-align:middle;display:inline-block} The education sector is a fundamental pillar for C3X Solutions. A smart investment is for students to use the best technology. Foster the success of your institution. We work with efficient processes which help maximize your investment and in turn, increase the productivity [&hellip;]<\/p>","protected":false},"author":4,"featured_media":0,"parent":0,"menu_order":0,"comment_status":"closed","ping_status":"closed","template":"elementor_header_footer","meta":{"footnotes":""},"class_list":["post-147","page","type-page","status-publish","hentry"],"_links":{"self":[{"href":"https:\/\/c3xsolutions.net\/es\/wp-json\/wp\/v2\/pages\/147","targetHints":{"allow":["GET"]}}],"collection":[{"href":"https:\/\/c3xsolutions.net\/es\/wp-json\/wp\/v2\/pages"}],"about":[{"href":"https:\/\/c3xsolutions.net\/es\/wp-json\/wp\/v2\/types\/page"}],"author":[{"embeddable":true,"href":"https:\/\/c3xsolutions.net\/es\/wp-json\/wp\/v2\/users\/4"}],"replies":[{"embeddable":true,"href":"https:\/\/c3xsolutions.net\/es\/wp-json\/wp\/v2\/comments?post=147"}],"version-history":[{"count":13,"href":"https:\/\/c3xsolutions.net\/es\/wp-json\/wp\/v2\/pages\/147\/revisions"}],"predecessor-version":[{"id":1191,"href":"https:\/\/c3xsolutions.net\/es\/wp-json\/wp\/v2\/pages\/147\/revisions\/1191"}],"wp:attachment":[{"href":"https:\/\/c3xsolutions.net\/es\/wp-json\/wp\/v2\/media?parent=147"}],"curies":[{"name":"wp","href":"https:\/\/api.w.org\/{rel}","templated":true}]}}