{"id":143,"date":"2022-09-01T19:14:08","date_gmt":"2022-09-01T19:14:08","guid":{"rendered":"https:\/\/c3xsolutions.net\/?page_id=143"},"modified":"2022-09-04T19:34:39","modified_gmt":"2022-09-04T19:34:39","slug":"industries","status":"publish","type":"page","link":"https:\/\/c3xsolutions.net\/es\/industrias\/","title":{"rendered":"Industrias"},"content":{"rendered":"<div data-elementor-type=\"wp-page\" data-elementor-id=\"143\" class=\"elementor elementor-143\" data-elementor-post-type=\"page\">\n\t\t\t\t\t\t<section class=\"elementor-section elementor-top-section elementor-element elementor-element-daaf4f6 elementor-section-height-min-height elementor-section-boxed elementor-section-height-default elementor-section-items-middle\" data-id=\"daaf4f6\" data-element_type=\"section\" data-settings=\"{&quot;background_background&quot;:&quot;classic&quot;}\">\n\t\t\t\t\t\t\t<div class=\"elementor-background-overlay\"><\/div>\n\t\t\t\t\t\t\t<div class=\"elementor-container elementor-column-gap-no\">\n\t\t\t\t\t<div class=\"elementor-column elementor-col-100 elementor-top-column elementor-element elementor-element-32d46c2c\" data-id=\"32d46c2c\" data-element_type=\"column\">\n\t\t\t<div class=\"elementor-widget-wrap elementor-element-populated\">\n\t\t\t\t\t\t\t<\/div>\n\t\t<\/div>\n\t\t\t\t\t<\/div>\n\t\t<\/section>\n\t\t\t\t<section class=\"elementor-section elementor-top-section elementor-element elementor-element-4b43111 elementor-section-boxed elementor-section-height-default elementor-section-height-default\" data-id=\"4b43111\" data-element_type=\"section\">\n\t\t\t\t\t\t<div class=\"elementor-container elementor-column-gap-default\">\n\t\t\t\t\t<div class=\"elementor-column elementor-col-100 elementor-top-column elementor-element elementor-element-a7833f7\" data-id=\"a7833f7\" data-element_type=\"column\">\n\t\t\t<div class=\"elementor-widget-wrap elementor-element-populated\">\n\t\t\t\t\t\t<div class=\"elementor-element elementor-element-63b9ac1 elementor-widget elementor-widget-heading\" data-id=\"63b9ac1\" data-element_type=\"widget\" data-widget_type=\"heading.default\">\n\t\t\t\t<div class=\"elementor-widget-container\">\n\t\t\t\t\t<h4 class=\"elementor-heading-title elementor-size-default\">Para C3X Solutions es prioritario brindar a todo es sector productivo las mejores soluciones en tecnolog\u00eda y seguridad, ayudamos a todos los negocios y empresas para que tengan las mejores oportunidades tecnol\u00f3gicas.\n<\/h4>\t\t\t\t<\/div>\n\t\t\t\t<\/div>\n\t\t\t\t<div class=\"elementor-element elementor-element-d0a8d8e elementor-widget elementor-widget-text-editor\" data-id=\"d0a8d8e\" data-element_type=\"widget\" data-widget_type=\"text-editor.default\">\n\t\t\t\t<div class=\"elementor-widget-container\">\n\t\t\t\t\t\t\t\t\t<p>Nos dedicamos a dise\u00f1ar soluciones tecnol\u00f3gicas en servicios gestionados, soporte, estrategia y administraci\u00f3n de TI.<\/p>\t\t\t\t\t\t\t\t<\/div>\n\t\t\t\t<\/div>\n\t\t\t\t<div class=\"elementor-element elementor-element-9430ea2 elementor-widget elementor-widget-text-editor\" data-id=\"9430ea2\" data-element_type=\"widget\" data-widget_type=\"text-editor.default\">\n\t\t\t\t<div class=\"elementor-widget-container\">\n\t\t\t\t\t\t\t\t\t<p><strong>Estos son algunos de los sectores que C3X Solutions ha tenido un papel protag\u00f3nico en ciberseguridad y tecnolog\u00eda.<\/strong><\/p>\t\t\t\t\t\t\t\t<\/div>\n\t\t\t\t<\/div>\n\t\t\t\t\t<\/div>\n\t\t<\/div>\n\t\t\t\t\t<\/div>\n\t\t<\/section>\n\t\t\t\t<section class=\"elementor-section elementor-top-section elementor-element elementor-element-5218028b elementor-section-boxed elementor-section-height-default elementor-section-height-default\" data-id=\"5218028b\" data-element_type=\"section\">\n\t\t\t\t\t\t<div class=\"elementor-container elementor-column-gap-no\">\n\t\t\t\t\t<div class=\"elementor-column elementor-col-100 elementor-top-column elementor-element elementor-element-5b3d4b1d\" data-id=\"5b3d4b1d\" data-element_type=\"column\">\n\t\t\t<div class=\"elementor-widget-wrap elementor-element-populated\">\n\t\t\t\t\t\t<section class=\"elementor-section elementor-inner-section elementor-element elementor-element-38fbde5c elementor-section-content-top elementor-section-boxed elementor-section-height-default elementor-section-height-default\" data-id=\"38fbde5c\" data-element_type=\"section\">\n\t\t\t\t\t\t<div class=\"elementor-container elementor-column-gap-no\">\n\t\t\t\t\t<div class=\"elementor-column elementor-col-33 elementor-inner-column elementor-element elementor-element-59e1ee33\" data-id=\"59e1ee33\" data-element_type=\"column\">\n\t\t\t<div class=\"elementor-widget-wrap elementor-element-populated\">\n\t\t\t\t\t\t<div class=\"elementor-element elementor-element-42450184 elementor-position-top elementor-widget elementor-widget-image-box\" data-id=\"42450184\" data-element_type=\"widget\" data-widget_type=\"image-box.default\">\n\t\t\t\t<div class=\"elementor-widget-container\">\n\t\t\t\t\t<div class=\"elementor-image-box-wrapper\"><figure class=\"elementor-image-box-img\"><a href=\"https:\/\/c3xsolutions.net\/index.php\/manufacturing\/\" tabindex=\"-1\"><img decoding=\"async\" width=\"48\" height=\"48\" src=\"https:\/\/c3xsolutions.net\/wp-content\/uploads\/2022\/09\/envotek-case-btn-1.png\" class=\"attachment-full size-full wp-image-73\" alt=\"\" srcset=\"https:\/\/c3xsolutions.net\/wp-content\/uploads\/2022\/09\/envotek-case-btn-1.png 48w, https:\/\/c3xsolutions.net\/wp-content\/uploads\/2022\/09\/envotek-case-btn-1-12x12.png 12w\" sizes=\"(max-width: 48px) 100vw, 48px\" \/><\/a><\/figure><div class=\"elementor-image-box-content\"><h5 class=\"elementor-image-box-title\"><a href=\"https:\/\/c3xsolutions.net\/index.php\/manufacturing\/\">Fabricaci\u00f3n <\/a><\/h5><p class=\"elementor-image-box-description\">Conecte a su personal con las soluciones de comunicaci\u00f3n y colaboraci\u00f3n administrables y optimizadas de C3X Solutions.<\/p><\/div><\/div>\t\t\t\t<\/div>\n\t\t\t\t<\/div>\n\t\t\t\t\t<\/div>\n\t\t<\/div>\n\t\t\t\t<div class=\"elementor-column elementor-col-33 elementor-inner-column elementor-element elementor-element-1a8e4c25\" data-id=\"1a8e4c25\" data-element_type=\"column\">\n\t\t\t<div class=\"elementor-widget-wrap elementor-element-populated\">\n\t\t\t\t\t\t<div class=\"elementor-element elementor-element-4077e010 elementor-position-top elementor-widget elementor-widget-image-box\" data-id=\"4077e010\" data-element_type=\"widget\" data-widget_type=\"image-box.default\">\n\t\t\t\t<div class=\"elementor-widget-container\">\n\t\t\t\t\t<div class=\"elementor-image-box-wrapper\"><figure class=\"elementor-image-box-img\"><a href=\"https:\/\/c3xsolutions.net\/index.php\/education\/\" tabindex=\"-1\"><img decoding=\"async\" width=\"48\" height=\"48\" src=\"https:\/\/c3xsolutions.net\/wp-content\/uploads\/2022\/09\/envotek-case-btn-1.png\" class=\"attachment-full size-full wp-image-73\" alt=\"\" srcset=\"https:\/\/c3xsolutions.net\/wp-content\/uploads\/2022\/09\/envotek-case-btn-1.png 48w, https:\/\/c3xsolutions.net\/wp-content\/uploads\/2022\/09\/envotek-case-btn-1-12x12.png 12w\" sizes=\"(max-width: 48px) 100vw, 48px\" \/><\/a><\/figure><div class=\"elementor-image-box-content\"><h5 class=\"elementor-image-box-title\"><a href=\"https:\/\/c3xsolutions.net\/index.php\/education\/\">Educaci\u00f3n<\/a><\/h5><p class=\"elementor-image-box-description\">El sector de la educaci\u00f3n es un pilar fundamental para C3X Solutions. Una inversi\u00f3n inteligente es que los estudiantes utilicen la mejor tecnolog\u00eda.<\/p><\/div><\/div>\t\t\t\t<\/div>\n\t\t\t\t<\/div>\n\t\t\t\t\t<\/div>\n\t\t<\/div>\n\t\t\t\t<div class=\"elementor-column elementor-col-33 elementor-inner-column elementor-element elementor-element-18df6f6d\" data-id=\"18df6f6d\" data-element_type=\"column\">\n\t\t\t<div class=\"elementor-widget-wrap elementor-element-populated\">\n\t\t\t\t\t\t<div class=\"elementor-element elementor-element-7fe2fe9b elementor-position-top elementor-widget elementor-widget-image-box\" data-id=\"7fe2fe9b\" data-element_type=\"widget\" data-widget_type=\"image-box.default\">\n\t\t\t\t<div class=\"elementor-widget-container\">\n\t\t\t\t\t<div class=\"elementor-image-box-wrapper\"><figure class=\"elementor-image-box-img\"><a href=\"https:\/\/c3xsolutions.net\/index.php\/finance\/\" tabindex=\"-1\"><img decoding=\"async\" width=\"48\" height=\"48\" src=\"https:\/\/c3xsolutions.net\/wp-content\/uploads\/2022\/09\/envotek-case-btn-1.png\" class=\"attachment-full size-full wp-image-73\" alt=\"\" srcset=\"https:\/\/c3xsolutions.net\/wp-content\/uploads\/2022\/09\/envotek-case-btn-1.png 48w, https:\/\/c3xsolutions.net\/wp-content\/uploads\/2022\/09\/envotek-case-btn-1-12x12.png 12w\" sizes=\"(max-width: 48px) 100vw, 48px\" \/><\/a><\/figure><div class=\"elementor-image-box-content\"><h5 class=\"elementor-image-box-title\"><a href=\"https:\/\/c3xsolutions.net\/index.php\/finance\/\">Finanzas<\/a><\/h5><p class=\"elementor-image-box-description\">Nos especializamos en brindar servicios y soluciones tecnol\u00f3gicas a contadores y firmas de contabilidad.<\/p><\/div><\/div>\t\t\t\t<\/div>\n\t\t\t\t<\/div>\n\t\t\t\t\t<\/div>\n\t\t<\/div>\n\t\t\t\t\t<\/div>\n\t\t<\/section>\n\t\t\t\t<section class=\"elementor-section elementor-inner-section elementor-element elementor-element-55809e59 elementor-section-boxed elementor-section-height-default elementor-section-height-default\" data-id=\"55809e59\" data-element_type=\"section\">\n\t\t\t\t\t\t<div class=\"elementor-container elementor-column-gap-no\">\n\t\t\t\t\t<div class=\"elementor-column elementor-col-33 elementor-inner-column elementor-element elementor-element-4dd9d1b6\" data-id=\"4dd9d1b6\" data-element_type=\"column\">\n\t\t\t<div class=\"elementor-widget-wrap elementor-element-populated\">\n\t\t\t\t\t\t<div class=\"elementor-element elementor-element-2d403b65 elementor-position-top elementor-widget elementor-widget-image-box\" data-id=\"2d403b65\" data-element_type=\"widget\" data-widget_type=\"image-box.default\">\n\t\t\t\t<div class=\"elementor-widget-container\">\n\t\t\t\t\t<div class=\"elementor-image-box-wrapper\"><figure class=\"elementor-image-box-img\"><a href=\"https:\/\/c3xsolutions.net\/index.php\/legal\/\" tabindex=\"-1\"><img decoding=\"async\" width=\"48\" height=\"48\" src=\"https:\/\/c3xsolutions.net\/wp-content\/uploads\/2022\/09\/envotek-case-btn-1.png\" class=\"attachment-full size-full wp-image-73\" alt=\"\" srcset=\"https:\/\/c3xsolutions.net\/wp-content\/uploads\/2022\/09\/envotek-case-btn-1.png 48w, https:\/\/c3xsolutions.net\/wp-content\/uploads\/2022\/09\/envotek-case-btn-1-12x12.png 12w\" sizes=\"(max-width: 48px) 100vw, 48px\" \/><\/a><\/figure><div class=\"elementor-image-box-content\"><h5 class=\"elementor-image-box-title\"><a href=\"https:\/\/c3xsolutions.net\/index.php\/legal\/\">Legal<\/a><\/h5><p class=\"elementor-image-box-description\">En C3X Solutions somos expertos en la atenci\u00f3n de los problemas que enfrentan las empresas dedicadas a temas legales.<\/p><\/div><\/div>\t\t\t\t<\/div>\n\t\t\t\t<\/div>\n\t\t\t\t\t<\/div>\n\t\t<\/div>\n\t\t\t\t<div class=\"elementor-column elementor-col-33 elementor-inner-column elementor-element elementor-element-65023546\" data-id=\"65023546\" data-element_type=\"column\">\n\t\t\t<div class=\"elementor-widget-wrap elementor-element-populated\">\n\t\t\t\t\t\t<div class=\"elementor-element elementor-element-293bdf34 elementor-position-top elementor-widget elementor-widget-image-box\" data-id=\"293bdf34\" data-element_type=\"widget\" data-widget_type=\"image-box.default\">\n\t\t\t\t<div class=\"elementor-widget-container\">\n\t\t\t\t\t<div class=\"elementor-image-box-wrapper\"><figure class=\"elementor-image-box-img\"><a href=\"https:\/\/c3xsolutions.net\/index.php\/health-care\/\" tabindex=\"-1\"><img decoding=\"async\" width=\"48\" height=\"48\" src=\"https:\/\/c3xsolutions.net\/wp-content\/uploads\/2022\/09\/envotek-case-btn-1.png\" class=\"attachment-full size-full wp-image-73\" alt=\"\" srcset=\"https:\/\/c3xsolutions.net\/wp-content\/uploads\/2022\/09\/envotek-case-btn-1.png 48w, https:\/\/c3xsolutions.net\/wp-content\/uploads\/2022\/09\/envotek-case-btn-1-12x12.png 12w\" sizes=\"(max-width: 48px) 100vw, 48px\" \/><\/a><\/figure><div class=\"elementor-image-box-content\"><h5 class=\"elementor-image-box-title\"><a href=\"https:\/\/c3xsolutions.net\/index.php\/health-care\/\">Salud<\/a><\/h5><p class=\"elementor-image-box-description\">Nuestros servicios son compatibles para el sector salud, nuestra infraestructura les brinda el respaldo y la confianza Tier III.<\/p><\/div><\/div>\t\t\t\t<\/div>\n\t\t\t\t<\/div>\n\t\t\t\t\t<\/div>\n\t\t<\/div>\n\t\t\t\t<div class=\"elementor-column elementor-col-33 elementor-inner-column elementor-element elementor-element-2ef7dbaf\" data-id=\"2ef7dbaf\" data-element_type=\"column\">\n\t\t\t<div class=\"elementor-widget-wrap elementor-element-populated\">\n\t\t\t\t\t\t<div class=\"elementor-element elementor-element-7db85594 elementor-position-top elementor-widget elementor-widget-image-box\" data-id=\"7db85594\" data-element_type=\"widget\" data-widget_type=\"image-box.default\">\n\t\t\t\t<div class=\"elementor-widget-container\">\n\t\t\t\t\t<div class=\"elementor-image-box-wrapper\"><figure class=\"elementor-image-box-img\"><a href=\"https:\/\/c3xsolutions.net\/index.php\/real-estate\/\" tabindex=\"-1\"><img decoding=\"async\" width=\"48\" height=\"48\" src=\"https:\/\/c3xsolutions.net\/wp-content\/uploads\/2022\/09\/envotek-case-btn-1.png\" class=\"attachment-full size-full wp-image-73\" alt=\"\" srcset=\"https:\/\/c3xsolutions.net\/wp-content\/uploads\/2022\/09\/envotek-case-btn-1.png 48w, https:\/\/c3xsolutions.net\/wp-content\/uploads\/2022\/09\/envotek-case-btn-1-12x12.png 12w\" sizes=\"(max-width: 48px) 100vw, 48px\" \/><\/a><\/figure><div class=\"elementor-image-box-content\"><h5 class=\"elementor-image-box-title\"><a href=\"https:\/\/c3xsolutions.net\/index.php\/real-estate\/\">Inmobiliario<\/a><\/h5><p class=\"elementor-image-box-description\">Optimizamos su tecnolog\u00eda para que su negocio inmobiliario prospere.<\/p><\/div><\/div>\t\t\t\t<\/div>\n\t\t\t\t<\/div>\n\t\t\t\t\t<\/div>\n\t\t<\/div>\n\t\t\t\t\t<\/div>\n\t\t<\/section>\n\t\t\t\t\t<\/div>\n\t\t<\/div>\n\t\t\t\t\t<\/div>\n\t\t<\/section>\n\t\t\t\t<\/div>","protected":false},"excerpt":{"rendered":"<p>For C3X Solutions is a priority to provide the best solutions in technology and security to the entire productive sector, we help all businesses and companies to have the best technological opportunities. We are dedicated to design technology solutions in managed services, support, strategy and IT administration. These are some of the sectors that C3X [&hellip;]<\/p>","protected":false},"author":4,"featured_media":0,"parent":0,"menu_order":0,"comment_status":"closed","ping_status":"closed","template":"","meta":{"footnotes":""},"class_list":["post-143","page","type-page","status-publish","hentry"],"_links":{"self":[{"href":"https:\/\/c3xsolutions.net\/es\/wp-json\/wp\/v2\/pages\/143","targetHints":{"allow":["GET"]}}],"collection":[{"href":"https:\/\/c3xsolutions.net\/es\/wp-json\/wp\/v2\/pages"}],"about":[{"href":"https:\/\/c3xsolutions.net\/es\/wp-json\/wp\/v2\/types\/page"}],"author":[{"embeddable":true,"href":"https:\/\/c3xsolutions.net\/es\/wp-json\/wp\/v2\/users\/4"}],"replies":[{"embeddable":true,"href":"https:\/\/c3xsolutions.net\/es\/wp-json\/wp\/v2\/comments?post=143"}],"version-history":[{"count":13,"href":"https:\/\/c3xsolutions.net\/es\/wp-json\/wp\/v2\/pages\/143\/revisions"}],"predecessor-version":[{"id":970,"href":"https:\/\/c3xsolutions.net\/es\/wp-json\/wp\/v2\/pages\/143\/revisions\/970"}],"wp:attachment":[{"href":"https:\/\/c3xsolutions.net\/es\/wp-json\/wp\/v2\/media?parent=143"}],"curies":[{"name":"wp","href":"https:\/\/api.w.org\/{rel}","templated":true}]}}