{"id":139,"date":"2022-09-01T19:13:45","date_gmt":"2022-09-01T19:13:45","guid":{"rendered":"https:\/\/c3xsolutions.net\/?page_id=139"},"modified":"2024-06-24T22:14:13","modified_gmt":"2024-06-24T22:14:13","slug":"careers","status":"publish","type":"page","link":"https:\/\/c3xsolutions.net\/es\/carreras\/","title":{"rendered":"Carreras"},"content":{"rendered":"<div data-elementor-type=\"wp-page\" data-elementor-id=\"139\" class=\"elementor elementor-139\" data-elementor-post-type=\"page\">\n\t\t\t\t\t\t<section class=\"elementor-section elementor-top-section elementor-element elementor-element-64be904c elementor-section-height-min-height elementor-section-boxed elementor-section-height-default elementor-section-items-middle\" data-id=\"64be904c\" data-element_type=\"section\" data-settings=\"{&quot;background_background&quot;:&quot;classic&quot;}\">\n\t\t\t\t\t\t\t<div class=\"elementor-background-overlay\"><\/div>\n\t\t\t\t\t\t\t<div class=\"elementor-container elementor-column-gap-no\">\n\t\t\t\t\t<div class=\"elementor-column elementor-col-100 elementor-top-column elementor-element elementor-element-7133ff87\" data-id=\"7133ff87\" data-element_type=\"column\">\n\t\t\t<div class=\"elementor-widget-wrap elementor-element-populated\">\n\t\t\t\t\t\t\t<\/div>\n\t\t<\/div>\n\t\t\t\t\t<\/div>\n\t\t<\/section>\n\t\t\t\t<section class=\"elementor-section elementor-top-section elementor-element elementor-element-bdcdb4b elementor-hidden-desktop elementor-hidden-tablet elementor-hidden-mobile elementor-section-boxed elementor-section-height-default elementor-section-height-default\" data-id=\"bdcdb4b\" data-element_type=\"section\">\n\t\t\t\t\t\t<div class=\"elementor-container elementor-column-gap-default\">\n\t\t\t\t\t<div class=\"elementor-column elementor-col-100 elementor-top-column elementor-element elementor-element-b06058e\" data-id=\"b06058e\" data-element_type=\"column\">\n\t\t\t<div class=\"elementor-widget-wrap elementor-element-populated\">\n\t\t\t\t\t\t<div class=\"elementor-element elementor-element-e80ae32 elementor-widget elementor-widget-text-editor\" data-id=\"e80ae32\" data-element_type=\"widget\" data-widget_type=\"text-editor.default\">\n\t\t\t\t<div class=\"elementor-widget-container\">\n\t\t\t\t\t\t\t\t\t<div><div>Gracias por su inter\u00e9s en trabajar en<\/div><div>\u00a0<\/div><div>Hemos recibido su solicitud y la estamos examinando detenidamente.<\/div><\/div><div><div>\u00a0<\/div><\/div><div><div><div>Actualmente estamos recibiendo un gran n\u00famero de solicitudes, por lo que es posible que tardemos alg\u00fan tiempo en responderle. Gracias por su paciencia y comprensi\u00f3n.<\/div><div>\u00a0<\/div><\/div><div><div><div>Le informaremos si su candidatura es seleccionada para la siguiente fase del proceso de selecci\u00f3n. Mientras tanto, puede visitar nuestro<\/div><\/div><\/div><\/div><div>\u00a0<\/div><div><div><div>sitio web<\/div><\/div><\/div><div>\u00a0<\/div><div><div><div>para saber m\u00e1s sobre nuestra empresa, nuestra cultura y las oportunidades de empleo disponibles.<\/div><\/div><\/div>\t\t\t\t\t\t\t\t<\/div>\n\t\t\t\t<\/div>\n\t\t\t\t\t<\/div>\n\t\t<\/div>\n\t\t\t\t\t<\/div>\n\t\t<\/section>\n\t\t\t\t<section class=\"elementor-section elementor-top-section elementor-element elementor-element-5835e183 elementor-section-boxed elementor-section-height-default elementor-section-height-default\" data-id=\"5835e183\" data-element_type=\"section\">\n\t\t\t\t\t\t<div class=\"elementor-container elementor-column-gap-no\">\n\t\t\t\t\t<div class=\"elementor-column elementor-col-50 elementor-top-column elementor-element elementor-element-22c33ada\" data-id=\"22c33ada\" data-element_type=\"column\" data-settings=\"{&quot;background_background&quot;:&quot;classic&quot;}\">\n\t\t\t<div class=\"elementor-widget-wrap elementor-element-populated\">\n\t\t\t\t\t<div class=\"elementor-background-overlay\"><\/div>\n\t\t\t\t\t\t<div class=\"elementor-element elementor-element-393c639e elementor-widget elementor-widget-heading\" data-id=\"393c639e\" data-element_type=\"widget\" data-widget_type=\"heading.default\">\n\t\t\t\t<div class=\"elementor-widget-container\">\n\t\t\t\t\t<h3 class=\"elementor-heading-title elementor-size-default\">En C3X Solutions estamos creciendo de manera acelerada.<\/h3>\t\t\t\t<\/div>\n\t\t\t\t<\/div>\n\t\t\t\t<div class=\"elementor-element elementor-element-bf5cf57 elementor-widget elementor-widget-text-editor\" data-id=\"bf5cf57\" data-element_type=\"widget\" data-widget_type=\"text-editor.default\">\n\t\t\t\t<div class=\"elementor-widget-container\">\n\t\t\t\t\t\t\t\t\t<p>Frecuentemente estamos abriendo puestos de trabajo, en C3X Solutions el talento humano es lo m\u00e1s importante.<\/p>\t\t\t\t\t\t\t\t<\/div>\n\t\t\t\t<\/div>\n\t\t\t\t<div class=\"elementor-element elementor-element-a649be0 elementor-button-align-stretch elementor-widget elementor-widget-form\" data-id=\"a649be0\" data-element_type=\"widget\" data-settings=\"{&quot;button_width&quot;:&quot;66&quot;,&quot;step_next_label&quot;:&quot;Next&quot;,&quot;step_previous_label&quot;:&quot;Previous&quot;,&quot;step_type&quot;:&quot;number_text&quot;,&quot;step_icon_shape&quot;:&quot;circle&quot;}\" data-widget_type=\"form.default\">\n\t\t\t\t<div class=\"elementor-widget-container\">\n\t\t\t\t\t\t\t<form class=\"elementor-form\" method=\"post\" name=\"New Form\" action=\"\">\n\t\t\t<input type=\"hidden\" name=\"post_id\" value=\"139\"\/>\n\t\t\t<input type=\"hidden\" name=\"form_id\" value=\"a649be0\"\/>\n\t\t\t<input type=\"hidden\" name=\"referer_title\" value=\"\" \/>\n\n\t\t\t\n\t\t\t<div class=\"elementor-form-fields-wrapper elementor-labels-above\">\n\t\t\t\t\t\t\t\t<div class=\"elementor-field-type-text elementor-field-group elementor-column elementor-field-group-field_da16ba1 elementor-col-100 elementor-field-required\">\n\t\t\t\t\t\t\t\t\t\t\t\t\t<input size=\"1\" type=\"text\" name=\"form_fields[field_da16ba1]\" id=\"form-field-field_da16ba1\" class=\"elementor-field elementor-size-sm  elementor-field-textual\" placeholder=\"Name\" required=\"required\">\n\t\t\t\t\t\t\t\t\t\t\t<\/div>\n\t\t\t\t\t\t\t\t<div class=\"elementor-field-type-email elementor-field-group elementor-column elementor-field-group-field_8625c72 elementor-col-100 elementor-field-required\">\n\t\t\t\t\t\t\t\t\t\t\t\t\t<input size=\"1\" type=\"email\" name=\"form_fields[field_8625c72]\" id=\"form-field-field_8625c72\" class=\"elementor-field elementor-size-sm  elementor-field-textual\" placeholder=\"Email\" required=\"required\">\n\t\t\t\t\t\t\t\t\t\t\t<\/div>\n\t\t\t\t\t\t\t\t<div class=\"elementor-field-type-upload elementor-field-group elementor-column elementor-field-group-field_b6fbcee elementor-col-100 elementor-field-required\">\n\t\t\t\t\t\t\t\t\t\t\t\t<label for=\"form-field-field_b6fbcee\" class=\"elementor-field-label\">\n\t\t\t\t\t\t\t\tD\u00e9janos tu CV, nuestro equipo estar\u00e1 dispuesto a valorarlo.\t\t\t\t\t\t\t<\/label>\n\t\t\t\t\t\t\t\t<input type=\"file\" name=\"form_fields[field_b6fbcee]\" id=\"form-field-field_b6fbcee\" class=\"elementor-field elementor-size-sm  elementor-upload-field\" required=\"required\">\n\n\t\t\t\t\t\t<\/div>\n\t\t\t\t\t\t\t\t<div class=\"elementor-field-type-select elementor-field-group elementor-column elementor-field-group-email elementor-col-100 elementor-field-required\">\n\t\t\t\t\t\t\t\t\t\t\t\t<label for=\"form-field-email\" class=\"elementor-field-label\">\n\t\t\t\t\t\t\t\tTodas las localidades \t\t\t\t\t\t\t<\/label>\n\t\t\t\t\t\t\t\t<div class=\"elementor-field elementor-select-wrapper remove-before\">\n\t\t\t<div class=\"select-caret-down-wrapper\">\n\t\t\t\t<i aria-hidden=\"true\" class=\"eicon-caret-down\"><\/i>\t\t\t<\/div>\n\t\t\t<select name=\"form_fields[email]\" id=\"form-field-email\" class=\"elementor-field-textual elementor-size-sm\" required=\"required\">\n\t\t\t\t\t\t\t\t\t<option value=\"Alberta\">Alberta<\/option>\n\t\t\t\t\t\t\t\t\t<option value=\"British Columbia\">British Columbia<\/option>\n\t\t\t\t\t\t\t\t\t<option value=\"Manitoba\">Manitoba<\/option>\n\t\t\t\t\t\t\t\t\t<option value=\"New Brunswick\">New Brunswick<\/option>\n\t\t\t\t\t\t\t\t\t<option value=\"Newfoundland\">Newfoundland<\/option>\n\t\t\t\t\t\t\t\t\t<option value=\"Labrador\">Labrador<\/option>\n\t\t\t\t\t\t\t\t\t<option value=\"Nova Scotia\">Nova Scotia<\/option>\n\t\t\t\t\t\t\t\t\t<option value=\"Ontario\">Ontario<\/option>\n\t\t\t\t\t\t\t\t\t<option value=\"Prince Edward Island\">Prince Edward Island<\/option>\n\t\t\t\t\t\t\t\t\t<option value=\"Quebec\">Quebec<\/option>\n\t\t\t\t\t\t\t\t\t<option value=\"Saskatchewan\">Saskatchewan<\/option>\n\t\t\t\t\t\t\t<\/select>\n\t\t<\/div>\n\t\t\t\t\t\t<\/div>\n\t\t\t\t\t\t\t\t<div class=\"elementor-field-type-select elementor-field-group elementor-column elementor-field-group-name elementor-col-100 elementor-field-required\">\n\t\t\t\t\t\t\t\t\t\t\t\t<label for=\"form-field-name\" class=\"elementor-field-label\">\n\t\t\t\t\t\t\t\tTodas las \u00e1reas de trabajo\t\t\t\t\t\t\t<\/label>\n\t\t\t\t\t\t\t\t<div class=\"elementor-field elementor-select-wrapper remove-before\">\n\t\t\t<div class=\"select-caret-down-wrapper\">\n\t\t\t\t<i aria-hidden=\"true\" class=\"eicon-caret-down\"><\/i>\t\t\t<\/div>\n\t\t\t<select name=\"form_fields[name]\" id=\"form-field-name\" class=\"elementor-field-textual elementor-size-sm\" required=\"required\">\n\t\t\t\t\t\t\t\t\t<option value=\"Professional Services\">Servicios profesionales<\/option>\n\t\t\t\t\t\t\t\t\t<option value=\"Technology\">Tecnolog\u00eda<\/option>\n\t\t\t\t\t\t\t\t\t<option value=\"Marketing\">Marketing<\/option>\n\t\t\t\t\t\t\t\t\t<option value=\"Commercial Sales\">Ventas comerciales<\/option>\n\t\t\t\t\t\t\t\t\t<option value=\"Business Development\">Desarrollo de negocios<\/option>\n\t\t\t\t\t\t\t\t\t<option value=\"Legal Department\">Departamento legal<\/option>\n\t\t\t\t\t\t\t\t\t<option value=\"Products\">Productos<\/option>\n\t\t\t\t\t\t\t\t\t<option value=\"International Sales\">Ventas internacionales<\/option>\n\t\t\t\t\t\t\t<\/select>\n\t\t<\/div>\n\t\t\t\t\t\t<\/div>\n\t\t\t\t\t\t\t\t<div class=\"elementor-field-type-recaptcha elementor-field-group elementor-column elementor-field-group-field_1f1f778 elementor-col-100\">\n\t\t\t\t\t<div class=\"elementor-field\" id=\"form-field-field_1f1f778\"><div class=\"elementor-g-recaptcha\" data-sitekey=\"6LcbE-QhAAAAAGmpnc-wdOaxV5lyKI3hgq_ow2TI\" data-type=\"v2_checkbox\" data-theme=\"light\" data-size=\"normal\"><\/div><\/div>\t\t\t\t<\/div>\n\t\t\t\t\t\t\t\t<div class=\"elementor-field-group elementor-column elementor-field-type-submit elementor-col-66 e-form__buttons\">\n\t\t\t\t\t<button class=\"elementor-button elementor-size-sm\" type=\"submit\">\n\t\t\t\t\t\t<span class=\"elementor-button-content-wrapper\">\n\t\t\t\t\t\t\t\t\t\t\t\t\t\t\t\t\t\t\t\t\t\t<span class=\"elementor-button-text\">Subir CV<\/span>\n\t\t\t\t\t\t\t\t\t\t\t\t\t<\/span>\n\t\t\t\t\t<\/button>\n\t\t\t\t<\/div>\n\t\t\t<\/div>\n\t\t<input type=\"hidden\" name=\"trp-form-language\" value=\"es\"\/><\/form>\n\t\t\t\t\t\t<\/div>\n\t\t\t\t<\/div>\n\t\t\t\t\t<\/div>\n\t\t<\/div>\n\t\t\t\t<div class=\"elementor-column elementor-col-50 elementor-top-column elementor-element elementor-element-6d076fa5\" data-id=\"6d076fa5\" data-element_type=\"column\">\n\t\t\t<div class=\"elementor-widget-wrap elementor-element-populated\">\n\t\t\t\t\t\t<div class=\"elementor-element elementor-element-140d6902 elementor-widget elementor-widget-heading\" data-id=\"140d6902\" data-element_type=\"widget\" data-widget_type=\"heading.default\">\n\t\t\t\t<div class=\"elementor-widget-container\">\n\t\t\t\t\t<h4 class=\"elementor-heading-title elementor-size-default\">Nosotros medimos nuestro \u00e9xito con base en la felicidad y comodidad de nuestros colaboradores, hacemos que trabajar aqu\u00ed sea excelente.<\/h4>\t\t\t\t<\/div>\n\t\t\t\t<\/div>\n\t\t\t\t<div class=\"elementor-element elementor-element-b129eb9 elementor-widget elementor-widget-text-editor\" data-id=\"b129eb9\" data-element_type=\"widget\" data-widget_type=\"text-editor.default\">\n\t\t\t\t<div class=\"elementor-widget-container\">\n\t\t\t\t\t\t\t\t\t<ul><li class=\"p1\">Salario competitivo, cobertura m\u00e9dica e incentivos<\/li><li class=\"p1\">Licencias por maternidad con servicios adicionales<\/li><li class=\"p1\">Tiempo libre pagado + d\u00edas festivos<\/li><li class=\"p1\">Coberturas de seguros<span class=\"Apple-converted-space\">\u00a0<\/span><\/li><li class=\"p1\">Oportunidades de crecimiento profesional<\/li><li class=\"p1\">Bonificaciones por recomendaciones<\/li><li class=\"p1\">Servicio de cocina<\/li><li class=\"p1\">Membres\u00edas en gimnasios<\/li><li class=\"p1\">Celebraciones empresariales<\/li><li class=\"p2\">Promociones y descuentos en entretenimiento.<\/li><\/ul>\t\t\t\t\t\t\t\t<\/div>\n\t\t\t\t<\/div>\n\t\t\t\t<div class=\"elementor-element elementor-element-7b77f51 elementor-widget elementor-widget-image\" data-id=\"7b77f51\" data-element_type=\"widget\" data-widget_type=\"image.default\">\n\t\t\t\t<div class=\"elementor-widget-container\">\n\t\t\t\t\t\t\t\t\t\t\t\t\t\t\t<img fetchpriority=\"high\" decoding=\"async\" width=\"800\" height=\"533\" src=\"https:\/\/c3xsolutions.net\/wp-content\/uploads\/2022\/09\/young-woman-interviewing-for-a-job-1024x682.jpg\" class=\"attachment-large size-large wp-image-682\" alt=\"Young woman interviewing for a job\" srcset=\"https:\/\/c3xsolutions.net\/wp-content\/uploads\/2022\/09\/young-woman-interviewing-for-a-job-1024x682.jpg 1024w, https:\/\/c3xsolutions.net\/wp-content\/uploads\/2022\/09\/young-woman-interviewing-for-a-job-300x200.jpg 300w, https:\/\/c3xsolutions.net\/wp-content\/uploads\/2022\/09\/young-woman-interviewing-for-a-job-768x512.jpg 768w, https:\/\/c3xsolutions.net\/wp-content\/uploads\/2022\/09\/young-woman-interviewing-for-a-job-1536x1024.jpg 1536w, https:\/\/c3xsolutions.net\/wp-content\/uploads\/2022\/09\/young-woman-interviewing-for-a-job-18x12.jpg 18w, https:\/\/c3xsolutions.net\/wp-content\/uploads\/2022\/09\/young-woman-interviewing-for-a-job.jpg 2000w\" sizes=\"(max-width: 800px) 100vw, 800px\" \/>\t\t\t\t\t\t\t\t\t\t\t\t\t\t\t<\/div>\n\t\t\t\t<\/div>\n\t\t\t\t\t<\/div>\n\t\t<\/div>\n\t\t\t\t\t<\/div>\n\t\t<\/section>\n\t\t\t\t<\/div>","protected":false},"excerpt":{"rendered":"<p>Thank you for your interest in working at\u00a0We have received your application and are reviewing it carefully.\u00a0We are currently receiving a large number of applications, so it may take us some time to get back to you. Thank you for your patience and understanding.\u00a0We will inform you if your application is selected for the next [&hellip;]<\/p>","protected":false},"author":4,"featured_media":0,"parent":0,"menu_order":0,"comment_status":"closed","ping_status":"closed","template":"elementor_header_footer","meta":{"footnotes":""},"class_list":["post-139","page","type-page","status-publish","hentry"],"_links":{"self":[{"href":"https:\/\/c3xsolutions.net\/es\/wp-json\/wp\/v2\/pages\/139","targetHints":{"allow":["GET"]}}],"collection":[{"href":"https:\/\/c3xsolutions.net\/es\/wp-json\/wp\/v2\/pages"}],"about":[{"href":"https:\/\/c3xsolutions.net\/es\/wp-json\/wp\/v2\/types\/page"}],"author":[{"embeddable":true,"href":"https:\/\/c3xsolutions.net\/es\/wp-json\/wp\/v2\/users\/4"}],"replies":[{"embeddable":true,"href":"https:\/\/c3xsolutions.net\/es\/wp-json\/wp\/v2\/comments?post=139"}],"version-history":[{"count":76,"href":"https:\/\/c3xsolutions.net\/es\/wp-json\/wp\/v2\/pages\/139\/revisions"}],"predecessor-version":[{"id":1271,"href":"https:\/\/c3xsolutions.net\/es\/wp-json\/wp\/v2\/pages\/139\/revisions\/1271"}],"wp:attachment":[{"href":"https:\/\/c3xsolutions.net\/es\/wp-json\/wp\/v2\/media?parent=139"}],"curies":[{"name":"wp","href":"https:\/\/api.w.org\/{rel}","templated":true}]}}